{"id":28,"date":"2019-03-06T12:01:49","date_gmt":"2019-03-06T11:01:49","guid":{"rendered":"https:\/\/www.bds-bayern.de\/ainring\/?page_id=28"},"modified":"2023-08-09T09:12:37","modified_gmt":"2023-08-09T07:12:37","slug":"ortsverband-ainring","status":"publish","type":"page","link":"https:\/\/www.bds-bayern.de\/ainring\/ortsverband-ainring\/","title":{"rendered":"Ortsverband Ainring"},"content":{"rendered":"<div class=\"wpb-content-wrapper\"><p>[vc_row][vc_column width=&#8220;1\/2&#8243;][vc_column_text]<\/p>\n<h1 style=\"margin: 0cm; margin-bottom: .0001pt; line-height: 22.5pt; background: white; vertical-align: baseline;\"><span style=\"font-size: 22.5pt; font-family: 'Open Sans',sans-serif; color: #4578bb; font-weight: normal;\">Ortsverband Ainring<\/span><\/h1>\n<p>[\/vc_column_text][vc_single_image image=&#8220;436&#8243; img_size=&#8220;medium&#8220;][\/vc_column][vc_column width=&#8220;1\/2&#8243;][vc_column_text]<\/p>\n<h2><strong><em>Gemeinsam sind wir st\u00e4rker<\/em><\/strong><\/h2>\n<p>&nbsp;<\/p>\n<h3><strong>Eckpunkte unserer Arbeit<\/strong><\/h3>\n<ul>\n<li>die Interessen der Sebst\u00e4ndigen vor Ort b\u00fcndeln<\/li>\n<li>die Kaufkraft im Ort zu halten<\/li>\n<li>die Zusammenarbeit von Gewerbetreibenden und Gemeinde<\/li>\n<\/ul>\n<p>[\/vc_column_text][\/vc_column][\/vc_row][vc_row][vc_column][vc_separator color=&#8220;blue&#8220;][\/vc_column][\/vc_row][vc_row][vc_column width=&#8220;1\/2&#8243;][vc_column_text]<\/p>\n<h3><strong>Aktuelles Projekt<\/strong><\/h3>\n<ul>\n<li>lokale Einkaufsgutscheine f\u00fcr alle Gewerbetreibenden in der Gemeinde &#8211; <a href=\"https:\/\/www.bds-bayern.de\/ainring\/wp-content\/uploads\/sites\/46\/2021\/06\/Flyer_Gutscheine_Ainring_low.pdf\">Flyer BDS Einkaufsgutschein<\/a><\/li>\n<\/ul>\n<p>[\/vc_column_text][\/vc_column][vc_column width=&#8220;1\/2&#8243;][vc_column_text]<\/p>\n<h3><strong>Aktuelle Themen<\/strong><\/h3>\n<ul>\n<li>Energieberatung<\/li>\n<li>Datenschutz<\/li>\n<li>Sicherheit im Netz<\/li>\n<li>Ersthelferausbildung,Fairtrade Gedanken umzusetzen<\/li>\n<li>Tag des Kunden<\/li>\n<li>Industriestra\u00dfenfeste mit GewerbeschauWeihnachtsmarkt<\/li>\n<li>Zeitungskollektiv<\/li>\n<li>Unterst\u00fctzung sozialer Projekte<\/li>\n<li>Unternehmerstammtische<\/li>\n<\/ul>\n<p>[\/vc_column_text][\/vc_column][vc_column][vc_separator color=&#8220;blue&#8220;][\/vc_column][\/vc_row][vc_row][vc_column width=&#8220;1\/2&#8243;][vc_column_text]<\/p>\n<h2 style=\"line-height: 18.75pt; background: white; vertical-align: baseline; margin: 0cm 0cm 11.25pt 0cm;\"><b><span style=\"font-size: 16.0pt; font-family: 'Open Sans',sans-serif; color: #4578bb;\">Ihre Ansprechpartner:<\/span><\/b><\/h2>\n<p>[\/vc_column_text][\/vc_column][vc_column width=&#8220;1\/2&#8243;][\/vc_column][\/vc_row][vc_row][vc_column width=&#8220;1\/4&#8243;]<div class=\"ult-team-member-wrap ult-style-1  \"><div class=\"ult-team-member-image\" style=\"\"> <img decoding=\"async\" class=\"\" src=\"https:\/\/www.bds-bayern.de\/ainring\/wp-content\/uploads\/sites\/46\/2021\/03\/K1024_Angelika-Gassner-1.jpg\" alt=\"null\"  style=\"\"><span class=\"ult-team-member-image-overlay \"  ><\/span><\/div><div class=\"ult-team-member-bio-wrap style-1 ultimate-heading6a09a1c62f25c\" style=\"text-align:center;; \"><div class=\"ult-team-member-name-wrap\"><h2 class=\"ult-team-member-name ult-responsive\"  data-ultimate-target='.ult-team-member-bio-wrap.ultimate-heading6a09a1c62f25c .ult-team-member-name'  data-responsive-json-new='{\"font-size\":\"\",\"line-height\":\"\"}'  style=\"\">Angelika Ga\u00dfner<\/h2><div class=\"ult-team-member-position ult-responsive\"  data-ultimate-target='.ult-team-member-bio-wrap.ultimate-heading6a09a1c62f25c .ult-team-member-position'  data-responsive-json-new='{\"font-size\":\"\",\"line-height\":\"\"}'  style=\"\">1. Vorsitzende<\/div><div class=\"ult-team-member-description ult-responsive\"  data-ultimate-target='.ult-team-member-bio-wrap.ultimate-heading6a09a1c62f25c .ult-team-member-description'  data-responsive-json-new='{\"font-size\":\"\",\"line-height\":\"\"}'  style=\"\"><p>Industriestra\u00dfe 2<br \/>\n83404 Ainring<br \/>\n08654\/77217 152<br \/>\n<a href=\"mailto:a.gassner@autogassner.de\">a.gassner@autogassner.de<\/a><\/p><\/div><div style=\"margin-bottom:15px\"><\/div><\/div><\/div><\/div>[\/vc_column][vc_column width=&#8220;1\/4&#8243;]<div class=\"ult-team-member-wrap ult-style-1  \"><div class=\"ult-team-member-image\" style=\"\"> <img decoding=\"async\" class=\"\" src=\"https:\/\/www.bds-bayern.de\/ainring\/wp-content\/uploads\/sites\/46\/2021\/03\/K1024_Christian-Hogger.jpg\" alt=\"null\"  style=\"\"><span class=\"ult-team-member-image-overlay \"  ><\/span><\/div><div class=\"ult-team-member-bio-wrap style-1 ultimate-heading6a09a1c62f2d7\" style=\"text-align:center;; \"><div class=\"ult-team-member-name-wrap\"><h2 class=\"ult-team-member-name ult-responsive\"  data-ultimate-target='.ult-team-member-bio-wrap.ultimate-heading6a09a1c62f2d7 .ult-team-member-name'  data-responsive-json-new='{\"font-size\":\"\",\"line-height\":\"\"}'  style=\"\">Christian Hogger<\/h2><div class=\"ult-team-member-position ult-responsive\"  data-ultimate-target='.ult-team-member-bio-wrap.ultimate-heading6a09a1c62f2d7 .ult-team-member-position'  data-responsive-json-new='{\"font-size\":\"\",\"line-height\":\"\"}'  style=\"\">2. Vorsitzender<\/div><div class=\"ult-team-member-description ult-responsive\"  data-ultimate-target='.ult-team-member-bio-wrap.ultimate-heading6a09a1c62f2d7 .ult-team-member-description'  data-responsive-json-new='{\"font-size\":\"\",\"line-height\":\"\"}'  style=\"\"><p>An der Stra\u00df<br \/>\n83404 Ainring<br \/>\n08654\/50464<\/p><\/div><div style=\"margin-bottom:15px\"><\/div><\/div><\/div><\/div>[\/vc_column][vc_column width=&#8220;1\/4&#8243;]<div class=\"ult-team-member-wrap ult-style-1  \"><div class=\"ult-team-member-image\" style=\"\"> <img decoding=\"async\" class=\"\" src=\"https:\/\/www.bds-bayern.de\/ainring\/wp-content\/uploads\/sites\/46\/2021\/03\/K1024_Hubert-Strobl-1.jpg\" alt=\"null\"  style=\"\"><span class=\"ult-team-member-image-overlay \"  ><\/span><\/div><div class=\"ult-team-member-bio-wrap style-1 ultimate-heading6a09a1c62f3d7\" style=\"text-align:center;; \"><div class=\"ult-team-member-name-wrap\"><h2 class=\"ult-team-member-name ult-responsive\"  data-ultimate-target='.ult-team-member-bio-wrap.ultimate-heading6a09a1c62f3d7 .ult-team-member-name'  data-responsive-json-new='{\"font-size\":\"\",\"line-height\":\"\"}'  style=\"\">Hubert Strobl<\/h2><div class=\"ult-team-member-position ult-responsive\"  data-ultimate-target='.ult-team-member-bio-wrap.ultimate-heading6a09a1c62f3d7 .ult-team-member-position'  data-responsive-json-new='{\"font-size\":\"\",\"line-height\":\"\"}'  style=\"\">Kassenwart<\/div><div class=\"ult-team-member-description ult-responsive\"  data-ultimate-target='.ult-team-member-bio-wrap.ultimate-heading6a09a1c62f3d7 .ult-team-member-description'  data-responsive-json-new='{\"font-size\":\"\",\"line-height\":\"\"}'  style=\"\"><p>VR Bank Obb.S\u00fcdost eG<br \/>\n08651\/6006-600<\/p><\/div><div style=\"margin-bottom:15px\"><\/div><\/div><\/div><\/div>[\/vc_column][vc_column width=&#8220;1\/4&#8243;]<div class=\"ult-team-member-wrap ult-style-1  \"><div class=\"ult-team-member-image\" style=\"\"> <img decoding=\"async\" class=\"\" src=\"https:\/\/www.bds-bayern.de\/ainring\/wp-content\/uploads\/sites\/46\/2021\/03\/K1024_Michael_Geisreiter.jpg\" alt=\"null\"  style=\"\"><span class=\"ult-team-member-image-overlay \"  ><\/span><\/div><div class=\"ult-team-member-bio-wrap style-1 ultimate-heading6a09a1c62f48f\" style=\"text-align:center;; \"><div class=\"ult-team-member-name-wrap\"><h2 class=\"ult-team-member-name ult-responsive\"  data-ultimate-target='.ult-team-member-bio-wrap.ultimate-heading6a09a1c62f48f .ult-team-member-name'  data-responsive-json-new='{\"font-size\":\"\",\"line-height\":\"\"}'  style=\"\">Michael Geisreiter<\/h2><div class=\"ult-team-member-position ult-responsive\"  data-ultimate-target='.ult-team-member-bio-wrap.ultimate-heading6a09a1c62f48f .ult-team-member-position'  data-responsive-json-new='{\"font-size\":\"\",\"line-height\":\"\"}'  style=\"\">Ausschussmitglied<\/div><div style=\"margin-bottom:15px\"><\/div><\/div><\/div><\/div>[\/vc_column][\/vc_row][vc_row][vc_column][vc_separator color=&#8220;blue&#8220;][\/vc_column][\/vc_row][vc_row][vc_column]<div class=\"smile-icon-timeline-wrap csstime   \"     style=\"\"><div class=\"timeline-line \" style=\"border-right-color:;\"><span><\/span><\/div><div class=\"timeline-wrapper\"><div class=\"timeline-block \"><div class=\"timeline-dot\"><\/div><div class=\"ult-timeline-arrow\"><s><\/s><l><\/l><\/div><div class=\"timeline-icon-block\"><div class=\"ult-timeline-icon tl-icon-no-bg\" style=\"   \"><\/div> <!-- icon --><\/div><div class=\"timeline-header-block\" >\n\t\t\t\t\t\t\t<div id=\"timeline-item-7873\" class=\"timeline-header\" style=\"\"><h3 class=\"ult-timeline-title ult-responsive\"  data-ultimate-target='#timeline-item-7873 .ult-timeline-title'  data-responsive-json-new='{\"font-size\":\"\",\"line-height\":\"\"}'  style=\"\">Gr\u00fcndungsversammlung<\/h3><div class=\"ult-responsive timeline-item-spt\"  data-ultimate-target='#timeline-item-7873 .timeline-item-spt'  data-responsive-json-new='{\"font-size\":\"\",\"line-height\":\"\"}'  style=\"\">18.09.1996 im Gasthaus Auwirt in Hammerau<br \/>\nVorsitzender Michael Geisreiter<\/div><\/div> <!-- header --><\/div><\/div><div class=\"timeline-block \"><div class=\"timeline-dot\"><\/div><div class=\"ult-timeline-arrow\"><s><\/s><l><\/l><\/div><div class=\"timeline-icon-block\"><div class=\"ult-timeline-icon tl-icon-no-bg\" style=\"   \"><\/div> <!-- icon --><\/div><div class=\"timeline-header-block\" >\n\t\t\t\t\t\t\t<div id=\"timeline-item-9043\" class=\"timeline-header\" style=\"\"><h3 class=\"ult-timeline-title ult-responsive\"  data-ultimate-target='#timeline-item-9043 .ult-timeline-title'  data-responsive-json-new='{\"font-size\":\"\",\"line-height\":\"\"}'  style=\"\">1. Vorsitzender ab 2000<\/h3><div class=\"ult-responsive timeline-item-spt\"  data-ultimate-target='#timeline-item-9043 .timeline-item-spt'  data-responsive-json-new='{\"font-size\":\"\",\"line-height\":\"\"}'  style=\"\">Bernhard Dolleisch<\/div><\/div> <!-- header --><\/div><\/div><div class=\"timeline-block \"><div class=\"timeline-dot\"><\/div><div class=\"ult-timeline-arrow\"><s><\/s><l><\/l><\/div><div class=\"timeline-icon-block\"><div class=\"ult-timeline-icon tl-icon-no-bg\" style=\"   \"><\/div> <!-- icon --><\/div><div class=\"timeline-header-block\" >\n\t\t\t\t\t\t\t<div id=\"timeline-item-5015\" class=\"timeline-header\" style=\"\"><h3 class=\"ult-timeline-title ult-responsive\"  data-ultimate-target='#timeline-item-5015 .ult-timeline-title'  data-responsive-json-new='{\"font-size\":\"\",\"line-height\":\"\"}'  style=\"\">1. Vorsitzende ab 2003<\/h3><div class=\"ult-responsive timeline-item-spt\"  data-ultimate-target='#timeline-item-5015 .timeline-item-spt'  data-responsive-json-new='{\"font-size\":\"\",\"line-height\":\"\"}'  style=\"\">Angelika Ga\u00dfner<\/div><\/div> <!-- header --><\/div><\/div><\/div><\/div>[\/vc_column][\/vc_row]<\/p>\n<\/div>","protected":false},"excerpt":{"rendered":"<p>[vc_row][vc_column width=&#8220;1\/2&#8243;][vc_column_text] Ortsverband Ainring [\/vc_column_text][vc_single_image image=&#8220;436&#8243; img_size=&#8220;medium&#8220;][\/vc_column][vc_column width=&#8220;1\/2&#8243;][vc_column_text] Gemeinsam sind wir st\u00e4rker &nbsp; Eckpunkte unserer Arbeit die Interessen der Sebst\u00e4ndigen vor Ort b\u00fcndeln die Kaufkraft im Ort zu halten die Zusammenarbeit von Gewerbetreibenden und Gemeinde [\/vc_column_text][\/vc_column][\/vc_row][vc_row][vc_column][vc_separator color=&#8220;blue&#8220;][\/vc_column][\/vc_row][vc_row][vc_column width=&#8220;1\/2&#8243;][vc_column_text] Aktuelles Projekt lokale Einkaufsgutscheine f\u00fcr alle Gewerbetreibenden in der Gemeinde &#8211; Flyer BDS Einkaufsgutschein [\/vc_column_text][\/vc_column][vc_column width=&#8220;1\/2&#8243;][vc_column_text] Aktuelle&hellip;<\/p>\n","protected":false},"author":1,"featured_media":0,"parent":0,"menu_order":0,"comment_status":"closed","ping_status":"closed","template":"","meta":{"footnotes":""},"class_list":["post-28","page","type-page","status-publish","hentry","description-off"],"_links":{"self":[{"href":"https:\/\/www.bds-bayern.de\/ainring\/wp-json\/wp\/v2\/pages\/28","targetHints":{"allow":["GET"]}}],"collection":[{"href":"https:\/\/www.bds-bayern.de\/ainring\/wp-json\/wp\/v2\/pages"}],"about":[{"href":"https:\/\/www.bds-bayern.de\/ainring\/wp-json\/wp\/v2\/types\/page"}],"author":[{"embeddable":true,"href":"https:\/\/www.bds-bayern.de\/ainring\/wp-json\/wp\/v2\/users\/1"}],"replies":[{"embeddable":true,"href":"https:\/\/www.bds-bayern.de\/ainring\/wp-json\/wp\/v2\/comments?post=28"}],"version-history":[{"count":41,"href":"https:\/\/www.bds-bayern.de\/ainring\/wp-json\/wp\/v2\/pages\/28\/revisions"}],"predecessor-version":[{"id":601,"href":"https:\/\/www.bds-bayern.de\/ainring\/wp-json\/wp\/v2\/pages\/28\/revisions\/601"}],"wp:attachment":[{"href":"https:\/\/www.bds-bayern.de\/ainring\/wp-json\/wp\/v2\/media?parent=28"}],"curies":[{"name":"wp","href":"https:\/\/api.w.org\/{rel}","templated":true}]}}