{"id":312,"date":"2019-11-07T16:45:51","date_gmt":"2019-11-07T15:45:51","guid":{"rendered":"https:\/\/www.bds-bayern.de\/altenstadt\/?page_id=312"},"modified":"2023-08-09T09:35:07","modified_gmt":"2023-08-09T07:35:07","slug":"ziele","status":"publish","type":"page","link":"https:\/\/www.bds-bayern.de\/altenstadt\/ziele\/","title":{"rendered":"Ziele"},"content":{"rendered":"<div class=\"wpb-content-wrapper\"><p>[vc_row][vc_column][vc_column_text]<\/p>\n<h3><b>Aufgaben und Ziele des Gewerbeverbandes:<br \/>\n<\/b><\/h3>\n<ol>\n<li>F\u00f6rderung der Kommunikation und der Zusammenarbeit der Mitgliedsbetriebe<\/li>\n<li>Aufbau einer Verbandsst\u00e4rke zur gemeinsamen Interessenvertretung<\/li>\n<li>Lobbyarbeit in der Politik und auf kommunaler Ebene<\/li>\n<li>Weiterbildung in allen Bereichen der Unternehmensf\u00fchrung durch Seminare<\/li>\n<li>Fachvortr\u00e4ge zu aktuellen Themen<\/li>\n<li>Gemeinsame Werbe-, \u00d6ffentlichkeits- und Pressearbeit<\/li>\n<li>Aufzeigen von Perspektiven f\u00fcr die Existenzsicherung und<br \/>\n-expandierung<\/li>\n<li>Kontaktaufbau zu anderen Wirtschaftsverb\u00e4nden in der Region<\/li>\n<li>Vertretung der Mitgliedsbetriebe durch die Vorstandschaft bei \u00f6ffentlichen Veranstaltungen<\/li>\n<li>Information \u00fcber Marketing und neue Gesch\u00e4ftsideen<\/li>\n<li><b>Durch den Landesverband:<br \/>\n<\/b>Rechtsberatung in Tarif-, Bau-, Miet-, Arbeits-, Steuer- und Wettbewerbsrecht.<br \/>\nUnterst\u00fctzung bei Existenzgr\u00fcndung.<br \/>\n\u00dcberpr\u00fcfung von Vertr\u00e4gen und Finanzierungen:<br \/>\nVertretung auf Bezirks-, Landes-, Bundes- und Europaebene.<\/li>\n<\/ol>\n<p>[\/vc_column_text][\/vc_column][\/vc_row]<\/p>\n<\/div>","protected":false},"excerpt":{"rendered":"<p>[vc_row][vc_column][vc_column_text] Aufgaben und Ziele des Gewerbeverbandes: F\u00f6rderung der Kommunikation und der Zusammenarbeit der Mitgliedsbetriebe Aufbau einer Verbandsst\u00e4rke zur gemeinsamen Interessenvertretung Lobbyarbeit in der Politik und auf kommunaler Ebene Weiterbildung in allen Bereichen der Unternehmensf\u00fchrung durch Seminare Fachvortr\u00e4ge zu aktuellen Themen Gemeinsame Werbe-, \u00d6ffentlichkeits- und Pressearbeit Aufzeigen von Perspektiven f\u00fcr die Existenzsicherung und -expandierung Kontaktaufbau zu&hellip;<\/p>\n","protected":false},"author":13,"featured_media":0,"parent":0,"menu_order":0,"comment_status":"closed","ping_status":"closed","template":"","meta":{"footnotes":""},"class_list":["post-312","page","type-page","status-publish","hentry","description-off"],"_links":{"self":[{"href":"https:\/\/www.bds-bayern.de\/altenstadt\/wp-json\/wp\/v2\/pages\/312","targetHints":{"allow":["GET"]}}],"collection":[{"href":"https:\/\/www.bds-bayern.de\/altenstadt\/wp-json\/wp\/v2\/pages"}],"about":[{"href":"https:\/\/www.bds-bayern.de\/altenstadt\/wp-json\/wp\/v2\/types\/page"}],"author":[{"embeddable":true,"href":"https:\/\/www.bds-bayern.de\/altenstadt\/wp-json\/wp\/v2\/users\/13"}],"replies":[{"embeddable":true,"href":"https:\/\/www.bds-bayern.de\/altenstadt\/wp-json\/wp\/v2\/comments?post=312"}],"version-history":[{"count":4,"href":"https:\/\/www.bds-bayern.de\/altenstadt\/wp-json\/wp\/v2\/pages\/312\/revisions"}],"predecessor-version":[{"id":318,"href":"https:\/\/www.bds-bayern.de\/altenstadt\/wp-json\/wp\/v2\/pages\/312\/revisions\/318"}],"wp:attachment":[{"href":"https:\/\/www.bds-bayern.de\/altenstadt\/wp-json\/wp\/v2\/media?parent=312"}],"curies":[{"name":"wp","href":"https:\/\/api.w.org\/{rel}","templated":true}]}}