{"id":1199,"date":"2024-02-22T14:48:28","date_gmt":"2024-02-22T13:48:28","guid":{"rendered":"https:\/\/www.bds-bayern.de\/bezirkmuenchen\/?page_id=1199"},"modified":"2024-05-27T10:44:17","modified_gmt":"2024-05-27T08:44:17","slug":"bds-muenchen-corporate-shop","status":"publish","type":"page","link":"https:\/\/www.bds-bayern.de\/bezirkmuenchen\/bds-muenchen-corporate-shop\/","title":{"rendered":"BDS M\u00fcnchen Corporate Shop"},"content":{"rendered":"<h3>Herzlich Willkommen beim Corporateshop f\u00fcr das Merchandising des BDS Bayern Bezirksverband M\u00fcnchen. In unserem \u00b4Fanshop\u00b4 des Bezirksverbandes findest Du chice und wertige Artikel mit dem BDS-Branding, mit dem Du Deine Zugeh\u00f6rigkeit zu unserem aktiven und dynamischen Verband zeigen kannst. Und nun viel Spa\u00df beim St\u00f6bern!<\/h3>\n<p><a href=\"https:\/\/bds-bayern.corporateshop4you.de\/produkt-kategorie\/corporateshops\/bds-bayern\/bds-bayern-e-v-bezirksverband-muenchen\/\" target=\"_blank\" rel=\"noopener\"><img loading=\"lazy\" decoding=\"async\" class=\"alignnone wp-image-1240 size-full\" src=\"https:\/\/www.bds-bayern.de\/bezirkmuenchen\/wp-content\/uploads\/sites\/11\/2024\/05\/bdsmuenchenshop.jpg\" alt=\"\" width=\"930\" height=\"274\" srcset=\"https:\/\/www.bds-bayern.de\/bezirkmuenchen\/wp-content\/uploads\/sites\/11\/2024\/05\/bdsmuenchenshop.jpg 930w, https:\/\/www.bds-bayern.de\/bezirkmuenchen\/wp-content\/uploads\/sites\/11\/2024\/05\/bdsmuenchenshop-300x88.jpg 300w, https:\/\/www.bds-bayern.de\/bezirkmuenchen\/wp-content\/uploads\/sites\/11\/2024\/05\/bdsmuenchenshop-768x226.jpg 768w\" sizes=\"auto, (max-width: 930px) 100vw, 930px\" \/><\/a><\/p>\n","protected":false},"excerpt":{"rendered":"<p>Herzlich Willkommen beim Corporateshop f\u00fcr das Merchandising des BDS Bayern Bezirksverband M\u00fcnchen. In unserem \u00b4Fanshop\u00b4 des Bezirksverbandes findest Du chice und wertige Artikel mit dem BDS-Branding, mit dem Du Deine Zugeh\u00f6rigkeit zu unserem aktiven und dynamischen Verband zeigen kannst. Und nun viel Spa\u00df beim St\u00f6bern!<\/p>\n","protected":false},"author":45,"featured_media":0,"parent":0,"menu_order":0,"comment_status":"closed","ping_status":"closed","template":"","meta":{"footnotes":""},"class_list":["post-1199","page","type-page","status-publish","hentry","description-off"],"_links":{"self":[{"href":"https:\/\/www.bds-bayern.de\/bezirkmuenchen\/wp-json\/wp\/v2\/pages\/1199","targetHints":{"allow":["GET"]}}],"collection":[{"href":"https:\/\/www.bds-bayern.de\/bezirkmuenchen\/wp-json\/wp\/v2\/pages"}],"about":[{"href":"https:\/\/www.bds-bayern.de\/bezirkmuenchen\/wp-json\/wp\/v2\/types\/page"}],"author":[{"embeddable":true,"href":"https:\/\/www.bds-bayern.de\/bezirkmuenchen\/wp-json\/wp\/v2\/users\/45"}],"replies":[{"embeddable":true,"href":"https:\/\/www.bds-bayern.de\/bezirkmuenchen\/wp-json\/wp\/v2\/comments?post=1199"}],"version-history":[{"count":7,"href":"https:\/\/www.bds-bayern.de\/bezirkmuenchen\/wp-json\/wp\/v2\/pages\/1199\/revisions"}],"predecessor-version":[{"id":1245,"href":"https:\/\/www.bds-bayern.de\/bezirkmuenchen\/wp-json\/wp\/v2\/pages\/1199\/revisions\/1245"}],"wp:attachment":[{"href":"https:\/\/www.bds-bayern.de\/bezirkmuenchen\/wp-json\/wp\/v2\/media?parent=1199"}],"curies":[{"name":"wp","href":"https:\/\/api.w.org\/{rel}","templated":true}]}}