{"id":1206,"date":"2024-03-08T15:15:46","date_gmt":"2024-03-08T14:15:46","guid":{"rendered":"https:\/\/www.bds-bayern.de\/bezirkmuenchen\/?page_id=1206"},"modified":"2024-05-27T10:15:32","modified_gmt":"2024-05-27T08:15:32","slug":"reiterbranche","status":"publish","type":"page","link":"https:\/\/www.bds-bayern.de\/bezirkmuenchen\/reiterbranche\/","title":{"rendered":"Reiterbranche"},"content":{"rendered":"<h3>Unsere Leistungen im Reitsportbereich:<br \/>\nTreten Sie unserem Verband f\u00fcr Unternehmen im Reitsport bei und entdecken Sie eine Welt exklusiver Vorteile.<br \/>\nVon ma\u00dfgeschneiderter Versicherungsberatung \u00fcber politische Interessensvertretung bis hin zu inspirierenden Fachvortr\u00e4gen \u2013 wir sind Ihr Schl\u00fcssel zum Erfolg im Pferde- und Reitsportbereich!<\/h3>\n<p><a href=\"https:\/\/www.bds-bayern.de\/bezirkmuenchen\/wp-content\/uploads\/sites\/11\/2024\/03\/BDS-Reiterflyer_mail.pdf\"><img loading=\"lazy\" decoding=\"async\" class=\"alignnone wp-image-1207 size-full\" src=\"https:\/\/www.bds-bayern.de\/bezirkmuenchen\/wp-content\/uploads\/sites\/11\/2024\/03\/ReiterflyerPic.jpg\" alt=\"\" width=\"1116\" height=\"788\" srcset=\"https:\/\/www.bds-bayern.de\/bezirkmuenchen\/wp-content\/uploads\/sites\/11\/2024\/03\/ReiterflyerPic.jpg 1116w, https:\/\/www.bds-bayern.de\/bezirkmuenchen\/wp-content\/uploads\/sites\/11\/2024\/03\/ReiterflyerPic-300x212.jpg 300w, https:\/\/www.bds-bayern.de\/bezirkmuenchen\/wp-content\/uploads\/sites\/11\/2024\/03\/ReiterflyerPic-1024x723.jpg 1024w, https:\/\/www.bds-bayern.de\/bezirkmuenchen\/wp-content\/uploads\/sites\/11\/2024\/03\/ReiterflyerPic-768x542.jpg 768w\" sizes=\"auto, (max-width: 1116px) 100vw, 1116px\" \/><\/a><\/p>\n","protected":false},"excerpt":{"rendered":"<p>Unsere Leistungen im Reitsportbereich: Treten Sie unserem Verband f\u00fcr Unternehmen im Reitsport bei und entdecken Sie eine Welt exklusiver Vorteile. Von ma\u00dfgeschneiderter Versicherungsberatung \u00fcber politische Interessensvertretung bis hin zu inspirierenden Fachvortr\u00e4gen \u2013 wir sind Ihr Schl\u00fcssel zum Erfolg im Pferde- und Reitsportbereich!<\/p>\n","protected":false},"author":45,"featured_media":0,"parent":0,"menu_order":0,"comment_status":"closed","ping_status":"closed","template":"","meta":{"footnotes":""},"class_list":["post-1206","page","type-page","status-publish","hentry","description-off"],"_links":{"self":[{"href":"https:\/\/www.bds-bayern.de\/bezirkmuenchen\/wp-json\/wp\/v2\/pages\/1206","targetHints":{"allow":["GET"]}}],"collection":[{"href":"https:\/\/www.bds-bayern.de\/bezirkmuenchen\/wp-json\/wp\/v2\/pages"}],"about":[{"href":"https:\/\/www.bds-bayern.de\/bezirkmuenchen\/wp-json\/wp\/v2\/types\/page"}],"author":[{"embeddable":true,"href":"https:\/\/www.bds-bayern.de\/bezirkmuenchen\/wp-json\/wp\/v2\/users\/45"}],"replies":[{"embeddable":true,"href":"https:\/\/www.bds-bayern.de\/bezirkmuenchen\/wp-json\/wp\/v2\/comments?post=1206"}],"version-history":[{"count":6,"href":"https:\/\/www.bds-bayern.de\/bezirkmuenchen\/wp-json\/wp\/v2\/pages\/1206\/revisions"}],"predecessor-version":[{"id":1244,"href":"https:\/\/www.bds-bayern.de\/bezirkmuenchen\/wp-json\/wp\/v2\/pages\/1206\/revisions\/1244"}],"wp:attachment":[{"href":"https:\/\/www.bds-bayern.de\/bezirkmuenchen\/wp-json\/wp\/v2\/media?parent=1206"}],"curies":[{"name":"wp","href":"https:\/\/api.w.org\/{rel}","templated":true}]}}