{"id":1298,"date":"2024-05-27T10:23:19","date_gmt":"2024-05-27T08:23:19","guid":{"rendered":"https:\/\/www.bds-bayern.de\/bezirkschwaben\/?page_id=1298"},"modified":"2024-05-27T10:45:44","modified_gmt":"2024-05-27T08:45:44","slug":"bds-schwaben-corporate-shop","status":"publish","type":"page","link":"https:\/\/www.bds-bayern.de\/bezirkschwaben\/bds-schwaben-corporate-shop\/","title":{"rendered":"BDS Schwaben Corporate Shop"},"content":{"rendered":"<h3>Herzlich Willkommen beim Corporateshop f\u00fcr das Merchandising des BDS Bayern Bezirksverband Schwaben. In unserem \u00b4Fanshop\u00b4 des Bezirksverbandes findest Du chice und wertige Artikel mit dem BDS-Branding, mit dem Du Deine Zugeh\u00f6rigkeit zu unserem aktiven und dynamischen Verband zeigen kannst. Und nun viel Spa\u00df beim St\u00f6bern!<\/h3>\n<p><a href=\"https:\/\/bds-bayern.corporateshop4you.de\/produkt-kategorie\/corporateshops\/bds-bayern\/bds-bayern-e-v-bezirksverband-schwaben\/\" target=\"_blank\" rel=\"noopener\"><img loading=\"lazy\" decoding=\"async\" class=\"alignnone wp-image-1299 size-full\" src=\"https:\/\/www.bds-bayern.de\/bezirkschwaben\/wp-content\/uploads\/sites\/38\/2024\/05\/bdsschwabenshop.jpg\" alt=\"\" width=\"919\" height=\"272\" srcset=\"https:\/\/www.bds-bayern.de\/bezirkschwaben\/wp-content\/uploads\/sites\/38\/2024\/05\/bdsschwabenshop.jpg 919w, https:\/\/www.bds-bayern.de\/bezirkschwaben\/wp-content\/uploads\/sites\/38\/2024\/05\/bdsschwabenshop-300x89.jpg 300w, https:\/\/www.bds-bayern.de\/bezirkschwaben\/wp-content\/uploads\/sites\/38\/2024\/05\/bdsschwabenshop-768x227.jpg 768w\" sizes=\"auto, (max-width: 919px) 100vw, 919px\" \/><\/a><\/p>\n","protected":false},"excerpt":{"rendered":"<p>Herzlich Willkommen beim Corporateshop f\u00fcr das Merchandising des BDS Bayern Bezirksverband Schwaben. In unserem \u00b4Fanshop\u00b4 des Bezirksverbandes findest Du chice und wertige Artikel mit dem BDS-Branding, mit dem Du Deine Zugeh\u00f6rigkeit zu unserem aktiven und dynamischen Verband zeigen kannst. Und nun viel Spa\u00df beim St\u00f6bern!<\/p>\n","protected":false},"author":45,"featured_media":0,"parent":0,"menu_order":0,"comment_status":"closed","ping_status":"closed","template":"","meta":{"footnotes":""},"class_list":["post-1298","page","type-page","status-publish","hentry","description-off"],"_links":{"self":[{"href":"https:\/\/www.bds-bayern.de\/bezirkschwaben\/wp-json\/wp\/v2\/pages\/1298","targetHints":{"allow":["GET"]}}],"collection":[{"href":"https:\/\/www.bds-bayern.de\/bezirkschwaben\/wp-json\/wp\/v2\/pages"}],"about":[{"href":"https:\/\/www.bds-bayern.de\/bezirkschwaben\/wp-json\/wp\/v2\/types\/page"}],"author":[{"embeddable":true,"href":"https:\/\/www.bds-bayern.de\/bezirkschwaben\/wp-json\/wp\/v2\/users\/45"}],"replies":[{"embeddable":true,"href":"https:\/\/www.bds-bayern.de\/bezirkschwaben\/wp-json\/wp\/v2\/comments?post=1298"}],"version-history":[{"count":2,"href":"https:\/\/www.bds-bayern.de\/bezirkschwaben\/wp-json\/wp\/v2\/pages\/1298\/revisions"}],"predecessor-version":[{"id":1302,"href":"https:\/\/www.bds-bayern.de\/bezirkschwaben\/wp-json\/wp\/v2\/pages\/1298\/revisions\/1302"}],"wp:attachment":[{"href":"https:\/\/www.bds-bayern.de\/bezirkschwaben\/wp-json\/wp\/v2\/media?parent=1298"}],"curies":[{"name":"wp","href":"https:\/\/api.w.org\/{rel}","templated":true}]}}