{"id":789,"date":"2026-03-13T09:00:35","date_gmt":"2026-03-13T08:00:35","guid":{"rendered":"https:\/\/www.bds-bayern.de\/edling-pfaffing\/?page_id=789"},"modified":"2026-03-13T09:07:01","modified_gmt":"2026-03-13T08:07:01","slug":"anmeldung-jhv-edling-pfaffing","status":"publish","type":"page","link":"https:\/\/www.bds-bayern.de\/edling-pfaffing\/anmeldung-jhv-edling-pfaffing\/","title":{"rendered":"Anmeldung JHV Edling-Pfaffing"},"content":{"rendered":"<div class=\"wpb-content-wrapper\"><p>[vc_row][vc_column][vc_column_text]<script>\nvar gform;gform||(document.addEventListener(\"gform_main_scripts_loaded\",function(){gform.scriptsLoaded=!0}),document.addEventListener(\"gform\/theme\/scripts_loaded\",function(){gform.themeScriptsLoaded=!0}),window.addEventListener(\"DOMContentLoaded\",function(){gform.domLoaded=!0}),gform={domLoaded:!1,scriptsLoaded:!1,themeScriptsLoaded:!1,isFormEditor:()=>\"function\"==typeof InitializeEditor,callIfLoaded:function(o){return!(!gform.domLoaded||!gform.scriptsLoaded||!gform.themeScriptsLoaded&&!gform.isFormEditor()||(gform.isFormEditor()&&console.warn(\"The use of gform.initializeOnLoaded() is deprecated in the form editor context and will be removed in Gravity Forms 3.1.\"),o(),0))},initializeOnLoaded:function(o){gform.callIfLoaded(o)||(document.addEventListener(\"gform_main_scripts_loaded\",()=>{gform.scriptsLoaded=!0,gform.callIfLoaded(o)}),document.addEventListener(\"gform\/theme\/scripts_loaded\",()=>{gform.themeScriptsLoaded=!0,gform.callIfLoaded(o)}),window.addEventListener(\"DOMContentLoaded\",()=>{gform.domLoaded=!0,gform.callIfLoaded(o)}))},hooks:{action:{},filter:{}},addAction:function(o,r,e,t){gform.addHook(\"action\",o,r,e,t)},addFilter:function(o,r,e,t){gform.addHook(\"filter\",o,r,e,t)},doAction:function(o){gform.doHook(\"action\",o,arguments)},applyFilters:function(o){return gform.doHook(\"filter\",o,arguments)},removeAction:function(o,r){gform.removeHook(\"action\",o,r)},removeFilter:function(o,r,e){gform.removeHook(\"filter\",o,r,e)},addHook:function(o,r,e,t,n){null==gform.hooks[o][r]&&(gform.hooks[o][r]=[]);var d=gform.hooks[o][r];null==n&&(n=r+\"_\"+d.length),gform.hooks[o][r].push({tag:n,callable:e,priority:t=null==t?10:t})},doHook:function(r,o,e){var t;if(e=Array.prototype.slice.call(e,1),null!=gform.hooks[r][o]&&((o=gform.hooks[r][o]).sort(function(o,r){return o.priority-r.priority}),o.forEach(function(o){\"function\"!=typeof(t=o.callable)&&(t=window[t]),\"action\"==r?t.apply(null,e):e[0]=t.apply(null,e)})),\"filter\"==r)return e[0]},removeHook:function(o,r,t,n){var e;null!=gform.hooks[o][r]&&(e=(e=gform.hooks[o][r]).filter(function(o,r,e){return!!(null!=n&&n!=o.tag||null!=t&&t!=o.priority)}),gform.hooks[o][r]=e)}});\n<\/script>\n\n                <div class='gf_browser_gecko gform_wrapper gravity-theme gform-theme--no-framework' data-form-theme='gravity-theme' data-form-index='0' id='gform_wrapper_3' >\n                        <div class='gform_heading'>\n                            <h2 class=\"gform_title\">Anmeldung JHV OV Edling-Pfaffing, 20.04.2026<\/h2>\n                            <p class='gform_description'><strong>Ihre Anmeldung zur Jahreshauptversammlung des BDS Gewerbeverbands \u201eFirma Edling-Pfaffing\u201c<\/br><\/br>\r\nMontag, 20. April 2026, Ankommen ab 19:00 Uhr, Start 19:30 Uhr<\/br><\/br>\r\nOrt: Pfaffinger Hof \u00b7 Hauptstra\u00dfe 2 \u00b7 83539 Pfaffing<\/strong><\/p>\n\t\t\t\t\t\t\t<p class='gform_required_legend'>\u201e<span class=\"gfield_required gfield_required_asterisk\">*<\/span>\u201c zeigt erforderliche Felder an<\/p>\n                        <\/div><form method='post' enctype='multipart\/form-data'  id='gform_3'  action='\/edling-pfaffing\/wp-json\/wp\/v2\/pages\/789' data-formid='3' novalidate>\n                        <div class='gform-body gform_body'><div id='gform_fields_3' class='gform_fields top_label form_sublabel_below description_below validation_below'><div id=\"field_3_5\" class=\"gfield gfield--type-section gsection field_sublabel_below gfield--no-description field_description_below field_validation_below gfield_visibility_visible\"  ><h3 class=\"gsection_title\"><\/h3><\/div><fieldset id=\"field_3_1\" class=\"gfield gfield--type-name gfield_contains_required field_sublabel_below gfield--no-description field_description_below field_validation_below gfield_visibility_visible\"  ><legend class='gfield_label gform-field-label gfield_label_before_complex' >Name Teilnehmer\/in<span class=\"gfield_required\"><span class=\"gfield_required gfield_required_asterisk\">*<\/span><\/span><\/legend><div class='ginput_complex ginput_container ginput_container--name no_prefix has_first_name no_middle_name has_last_name no_suffix gf_name_has_2 ginput_container_name gform-grid-row' id='input_3_1'>\n                            \n                            <span id='input_3_1_3_container' class='name_first gform-grid-col gform-grid-col--size-auto' >\n                                                    <input type='text' name='input_1.3' id='input_3_1_3' value=''   aria-required='true'     \/>\n                                                    <label for='input_3_1_3' class='gform-field-label gform-field-label--type-sub '>Vorname<\/label>\n                                                <\/span>\n                            \n                            <span id='input_3_1_6_container' class='name_last gform-grid-col gform-grid-col--size-auto' >\n                                                    <input type='text' name='input_1.6' id='input_3_1_6' value=''   aria-required='true'     \/>\n                                                    <label for='input_3_1_6' class='gform-field-label gform-field-label--type-sub '>Nachname<\/label>\n                                                <\/span>\n                            \n                        <\/div><\/fieldset><fieldset id=\"field_3_19\" class=\"gfield gfield--type-email gfield--width-full gfield_contains_required field_sublabel_below gfield--no-description field_description_below field_validation_below gfield_visibility_visible\"  ><legend class='gfield_label gform-field-label gfield_label_before_complex' >E-Mail<span class=\"gfield_required\"><span class=\"gfield_required gfield_required_asterisk\">*<\/span><\/span><\/legend><div class='ginput_complex ginput_container ginput_container_email gform-grid-row' id='input_3_19_container'>\n                                <span id='input_3_19_1_container' class='ginput_left gform-grid-col gform-grid-col--size-auto'>\n                                    <input class='' type='email' name='input_19' id='input_3_19' value=''   placeholder='Erforderlich f\u00fcr Best\u00e4tigungsmail an Sie' aria-required=\"true\" aria-invalid=\"false\"  \/>\n                                    <label for='input_3_19' class='gform-field-label gform-field-label--type-sub '>E-Mail eingeben<\/label>\n                                <\/span>\n                                <span id='input_3_19_2_container' class='ginput_right gform-grid-col gform-grid-col--size-auto'>\n                                    <input class='' type='email' name='input_19_2' id='input_3_19_2' value=''   placeholder='Erforderlich f\u00fcr Richtigkeit' aria-required=\"true\" aria-invalid=\"false\"  \/>\n                                    <label for='input_3_19_2' class='gform-field-label gform-field-label--type-sub '>E-Mail best\u00e4tigen<\/label>\n                                <\/span>\n                                <div class='gf_clear gf_clear_complex'><\/div>\n                            <\/div><\/fieldset><div id=\"field_3_25\" class=\"gfield gfield--type-text gfield--width-full field_sublabel_below gfield--no-description field_description_below field_validation_below gfield_visibility_visible\"  ><label class='gfield_label gform-field-label' for='input_3_25'>Firma<\/label><div class='ginput_container ginput_container_text'><input name='input_25' id='input_3_25' type='text' value='' class='large'      aria-invalid=\"false\"   \/><\/div><\/div><div id=\"field_3_22\" class=\"gfield gfield--type-phone gfield--width-full field_sublabel_below gfield--no-description field_description_below field_validation_below gfield_visibility_visible\"  ><label class='gfield_label gform-field-label' for='input_3_22'>Telefon<\/label><div class='ginput_container ginput_container_phone'><input name='input_22' id='input_3_22' type='tel' value='' class='large'  placeholder='Festnetz- oder Mobilnummer nur eintragen, falls Sie einen R\u00fcckruf w\u00fcnschen'  aria-invalid=\"false\"   \/><\/div><\/div><div id=\"field_3_20\" class=\"gfield gfield--type-section gsection field_sublabel_below gfield--no-description field_description_below field_validation_below gfield_visibility_visible\"  ><h3 class=\"gsection_title\"><\/h3><\/div><fieldset id=\"field_3_9\" class=\"gfield gfield--type-radio gfield--type-choice gfield--width-full gfield_contains_required field_sublabel_below gfield--no-description field_description_below field_validation_below gfield_visibility_visible\"  ><legend class='gfield_label gform-field-label' >Bitte Zutreffendes ausw\u00e4hlen<span class=\"gfield_required\"><span class=\"gfield_required gfield_required_asterisk\">*<\/span><\/span><\/legend><div class='ginput_container ginput_container_radio'><div class='gfield_radio' id='input_3_9'>\n\t\t\t<div class='gchoice gchoice_3_9_0'>\n\t\t\t\t\t<input class='gfield-choice-input' name='input_9' type='radio' value='Ich bin Mitglied'  id='choice_3_9_0' onchange='gformToggleRadioOther( this )'    \/>\n\t\t\t\t\t<label for='choice_3_9_0' id='label_3_9_0' class='gform-field-label gform-field-label--type-inline'>Ich bin Mitglied<\/label>\n\t\t\t<\/div>\n\t\t\t<div class='gchoice gchoice_3_9_1'>\n\t\t\t\t\t<input class='gfield-choice-input' name='input_9' type='radio' value='Ich bin kein Mitglied'  id='choice_3_9_1' onchange='gformToggleRadioOther( this )'    \/>\n\t\t\t\t\t<label for='choice_3_9_1' id='label_3_9_1' class='gform-field-label gform-field-label--type-inline'>Ich bin kein Mitglied<\/label>\n\t\t\t<\/div><\/div><\/div><\/fieldset><fieldset id=\"field_3_10\" class=\"gfield gfield--type-radio gfield--type-choice gfield--width-full gfield_contains_required field_sublabel_below gfield--no-description field_description_below hidden_label field_validation_below gfield_visibility_visible\"  ><legend class='gfield_label gform-field-label' >Meine Teilnahme<span class=\"gfield_required\"><span class=\"gfield_required gfield_required_asterisk\">*<\/span><\/span><\/legend><div class='ginput_container ginput_container_radio'><div class='gfield_radio' id='input_3_10'>\n\t\t\t<div class='gchoice gchoice_3_10_0'>\n\t\t\t\t\t<input class='gfield-choice-input' name='input_10' type='radio' value='Ich nehme als Mitglied teil'  id='choice_3_10_0' onchange='gformToggleRadioOther( this )'    \/>\n\t\t\t\t\t<label for='choice_3_10_0' id='label_3_10_0' class='gform-field-label gform-field-label--type-inline'>Ich nehme als Mitglied teil<\/label>\n\t\t\t<\/div>\n\t\t\t<div class='gchoice gchoice_3_10_1'>\n\t\t\t\t\t<input class='gfield-choice-input' name='input_10' type='radio' value='Ich nehme als Gast teil'  id='choice_3_10_1' onchange='gformToggleRadioOther( this )'    \/>\n\t\t\t\t\t<label for='choice_3_10_1' id='label_3_10_1' class='gform-field-label gform-field-label--type-inline'>Ich nehme als Gast teil<\/label>\n\t\t\t<\/div>\n\t\t\t<div class='gchoice gchoice_3_10_2'>\n\t\t\t\t\t<input class='gfield-choice-input' name='input_10' type='radio' value='Ich kann leider nicht teilnehmen'  id='choice_3_10_2' onchange='gformToggleRadioOther( this )'    \/>\n\t\t\t\t\t<label for='choice_3_10_2' id='label_3_10_2' class='gform-field-label gform-field-label--type-inline'>Ich kann leider nicht teilnehmen<\/label>\n\t\t\t<\/div>\n\t\t\t<div class='gchoice gchoice_3_10_3'>\n\t\t\t\t\t<input class='gfield-choice-input' name='input_10' type='radio' value='Ich kann leider nicht teilnehmen und bitte um Kontaktaufnahme'  id='choice_3_10_3' onchange='gformToggleRadioOther( this )'    \/>\n\t\t\t\t\t<label for='choice_3_10_3' id='label_3_10_3' class='gform-field-label gform-field-label--type-inline'>Ich kann leider nicht teilnehmen und bitte um Kontaktaufnahme<\/label>\n\t\t\t<\/div><\/div><\/div><\/fieldset><div id=\"field_3_14\" class=\"gfield gfield--type-section gsection field_sublabel_below gfield--no-description field_description_below field_validation_below gfield_visibility_visible\"  ><h3 class=\"gsection_title\"><\/h3><\/div><fieldset id=\"field_3_13\" class=\"gfield gfield--type-name gfield--width-full field_sublabel_below gfield--no-description field_description_below field_validation_below gfield_visibility_visible\"  ><legend class='gfield_label gform-field-label gfield_label_before_complex' >Meine Begleitperson\/en<\/legend><div class='ginput_complex ginput_container ginput_container--name no_prefix has_first_name no_middle_name has_last_name no_suffix gf_name_has_2 ginput_container_name gform-grid-row' id='input_3_13'>\n                            \n                            <span id='input_3_13_3_container' class='name_first gform-grid-col gform-grid-col--size-auto' >\n                                                    <input type='text' name='input_13.3' id='input_3_13_3' value=''   aria-required='false'   placeholder='falls keine, Feld leer lassen'  \/>\n                                                    <label for='input_3_13_3' class='gform-field-label gform-field-label--type-sub '>Vorname<\/label>\n                                                <\/span>\n                            \n                            <span id='input_3_13_6_container' class='name_last gform-grid-col gform-grid-col--size-auto' >\n                                                    <input type='text' name='input_13.6' id='input_3_13_6' value=''   aria-required='false'   placeholder='falls keine, Feld leer lassen'  \/>\n                                                    <label for='input_3_13_6' class='gform-field-label gform-field-label--type-sub '>Nachname<\/label>\n                                                <\/span>\n                            \n                        <\/div><\/fieldset><fieldset id=\"field_3_15\" class=\"gfield gfield--type-name gfield--width-full field_sublabel_below gfield--no-description field_description_below hidden_label field_validation_below gfield_visibility_visible\"  ><legend class='gfield_label gform-field-label gfield_label_before_complex' >Meine Begleitperson(en)<\/legend><div class='ginput_complex ginput_container ginput_container--name no_prefix has_first_name no_middle_name has_last_name no_suffix gf_name_has_2 ginput_container_name gform-grid-row' id='input_3_15'>\n                            \n                            <span id='input_3_15_3_container' class='name_first gform-grid-col gform-grid-col--size-auto' >\n                                                    <input type='text' name='input_15.3' id='input_3_15_3' value=''   aria-required='false'   placeholder='falls keine, Feld leer lassen'  \/>\n                                                    <label for='input_3_15_3' class='gform-field-label gform-field-label--type-sub '>Vorname<\/label>\n                                                <\/span>\n                            \n                            <span id='input_3_15_6_container' class='name_last gform-grid-col gform-grid-col--size-auto' >\n                                                    <input type='text' name='input_15.6' id='input_3_15_6' value=''   aria-required='false'   placeholder='falls keine, Feld leer lassen'  \/>\n                                                    <label for='input_3_15_6' class='gform-field-label gform-field-label--type-sub '>Nachname<\/label>\n                                                <\/span>\n                            \n                        <\/div><\/fieldset><div id=\"field_3_16\" class=\"gfield gfield--type-section gsection field_sublabel_below gfield--no-description field_description_below field_validation_below gfield_visibility_visible\"  ><h3 class=\"gsection_title\">Themen, W\u00fcnsche oder Anliegen die mir f\u00fcr die JHV wichtig sind:<\/h3><\/div><div id=\"field_3_17\" class=\"gfield gfield--type-textarea gfield--width-full field_sublabel_below gfield--no-description field_description_below field_validation_below gfield_visibility_visible\"  ><label class='gfield_label gform-field-label' for='input_3_17'>Was in der JHV besprochen werden sollte:<\/label><div class='ginput_container ginput_container_textarea'><textarea name='input_17' id='input_3_17' class='textarea large'    placeholder='Bitte kurze Beschreibung, max 500 Zeichen m\u00f6glich \/ falls keine Themen, Feld leer lassen'  aria-invalid=\"false\"   rows='10' cols='50'><\/textarea><\/div><\/div><div id=\"field_3_21\" class=\"gfield gfield--type-section gsection field_sublabel_below gfield--no-description field_description_below field_validation_below gfield_visibility_visible\"  ><h3 class=\"gsection_title\">Themen die ich gerne mit Ihnen au\u00dferhalb der JHV besprechen will:<\/h3><\/div><div id=\"field_3_18\" class=\"gfield gfield--type-textarea gfield--width-full field_sublabel_below gfield--no-description field_description_below field_validation_below gfield_visibility_visible\"  ><label class='gfield_label gform-field-label' for='input_3_18'>Meine Themen sind:<\/label><div class='ginput_container ginput_container_textarea'><textarea name='input_18' id='input_3_18' class='textarea large'   maxlength='500' placeholder='Bitte kurze Beschreibung, max 500 Zeichen m\u00f6glich \/ falls keine Themen, Feld leer lassen'  aria-invalid=\"false\"   rows='10' cols='50'><\/textarea><\/div><\/div><fieldset id=\"field_3_23\" class=\"gfield gfield--type-consent gfield--type-choice gfield--input-type-consent gfield--width-full gfield_contains_required field_sublabel_below gfield--has-description field_description_below field_validation_below gfield_visibility_visible\"  ><legend class='gfield_label gform-field-label gfield_label_before_complex' >DSGVO Einwilligung<span class=\"gfield_required\"><span class=\"gfield_required gfield_required_asterisk\">*<\/span><\/span><\/legend><div class='ginput_container ginput_container_consent'><input name='input_23.1' id='input_3_23_1' type='checkbox' value='1'  aria-describedby=\"gfield_consent_description_3_23\" aria-required=\"true\" aria-invalid=\"false\"   \/> <label class=\"gform-field-label gform-field-label--type-inline gfield_consent_label\" for='input_3_23_1' >Ich stimme der Datenschutzerkl\u00e4rung zu.<\/label><input type='hidden' name='input_23.2' value='Ich stimme der Datenschutzerkl\u00e4rung zu.' class='gform_hidden' \/><input type='hidden' name='input_23.3' value='5' class='gform_hidden' \/><\/div><div class='gfield_description gfield_consent_description' id='gfield_consent_description_3_23' tabindex='0'>Ich bin damit einverstanden, dass meine \u00fcbermittelten Informationen und personenbezogenen Daten f\u00fcr die Organisation und Durchf\u00fchrung dieser JHV gespeichert und verwendet werden. Ebenso bin ich damit einverstanden, dass Fotos, die ggf. im Zusammenhang mit der JHV erstellt werden und mich bzw. Begleitpersonen einschlie\u00dfen, ohne Anspruch auf Verg\u00fctung auf der Internetseite des BDS Ortsverbandes Edling-Pfaffing und\/oder deren Medienpublikationen ver\u00f6ffentlicht werden.<\/div><\/fieldset><\/div><\/div>\n        <div class='gform-footer gform_footer top_label'> <input type='submit' id='gform_submit_button_3' class='gform_button button' onclick='gform.submission.handleButtonClick(this);' data-submission-type='submit' value='Anmeldung absenden'  \/> \n            <input type='hidden' class='gform_hidden' name='gform_submission_method' data-js='gform_submission_method_3' value='postback' \/>\n            <input type='hidden' class='gform_hidden' name='gform_theme' data-js='gform_theme_3' id='gform_theme_3' value='gravity-theme' \/>\n            <input type='hidden' class='gform_hidden' name='gform_style_settings' data-js='gform_style_settings_3' id='gform_style_settings_3' value='[]' \/>\n            <input type='hidden' class='gform_hidden' name='is_submit_3' value='1' \/>\n            <input type='hidden' class='gform_hidden' name='gform_submit' value='3' \/>\n            \n            <input type='hidden' class='gform_hidden' name='gform_currency' data-currency='EUR' value='dpKiYTIg3zxQPUMuEW9e5uBYh6FWp6PF88hRq3v\/EZlZce5BJNX8n3EFbKmtVCg794keI2JWb\/ZdneKmMvm1s\/ITnixZ8iLDzvnKnZR\/1w86FtE=' \/>\n            <input type='hidden' class='gform_hidden' name='gform_unique_id' value='' \/>\n            <input type='hidden' class='gform_hidden' name='state_3' value='WyJ7XCI5XCI6W1wiYmU3NTljOTA1M2JjZmY1ZmZjZTVhY2QwZGQ0NmVhMDZcIixcIjRjYWE1YmNjMTdlNTZhMWFkNjM1MmQ3NmYyNWQzYjNmXCJdLFwiMTBcIjpbXCJhYTk5ZjAyMmVjNDgzYjI3MTAzMWMxZjQ1MGIwNGI2OFwiLFwiN2RlMWFmZDlmN2NkMzVlM2ViZjBlNTk4OWFlYzY3OTNcIixcImQ0M2JmM2U4YmQ1NDA5NDRmYmExMDY0OGEyMzJhZThhXCIsXCI4YzYzMWY3OWJlNDkxNzQwZmMyNjcwMGZhZTZlZWQ3NVwiXSxcIjIzLjFcIjpcIjllZTMzZGY1NmViYThiMmFjZWVlODY3ZGFmOWI4NjRjXCIsXCIyMy4yXCI6XCI0NmY5NzA3YTk4NGYwNGI4ZWY5Y2ViMmFhNmJhODg4MVwiLFwiMjMuM1wiOlwiZDQ4MTRlYmNmY2Q1MWNkY2RiNTc5ZTQxOTFhOTE0YzNcIn0iLCIwNTc0MmZlMTQyZjY1OTViOTA0MzM3YzE0YjgxYjMxZCJd' \/>\n            <input type='hidden' autocomplete='off' class='gform_hidden' name='gform_target_page_number_3' id='gform_target_page_number_3' value='0' \/>\n            <input type='hidden' autocomplete='off' class='gform_hidden' name='gform_source_page_number_3' id='gform_source_page_number_3' value='1' \/>\n            <input type='hidden' name='gform_field_values' value='' \/>\n            \n        <\/div>\n                        <\/form>\n                        <\/div><script>\ngform.initializeOnLoaded( function() {gformInitSpinner( 3, 'https:\/\/www.bds-bayern.de\/edling-pfaffing\/wp-content\/plugins\/gravityforms\/images\/spinner.svg', true );jQuery('#gform_ajax_frame_3').on('load',function(){var contents = jQuery(this).contents().find('*').html();var is_postback = contents.indexOf('GF_AJAX_POSTBACK') >= 0;if(!is_postback){return;}var form_content = jQuery(this).contents().find('#gform_wrapper_3');var is_confirmation = jQuery(this).contents().find('#gform_confirmation_wrapper_3').length > 0;var is_redirect = contents.indexOf('gformRedirect(){') >= 0;var is_form = form_content.length > 0 && ! is_redirect && ! is_confirmation;var mt = parseInt(jQuery('html').css('margin-top'), 10) + parseInt(jQuery('body').css('margin-top'), 10) + 100;if(is_form){jQuery('#gform_wrapper_3').html(form_content.html());if(form_content.hasClass('gform_validation_error')){jQuery('#gform_wrapper_3').addClass('gform_validation_error');} else {jQuery('#gform_wrapper_3').removeClass('gform_validation_error');}setTimeout( function() { \/* delay the scroll by 50 milliseconds to fix a bug in chrome *\/  }, 50 );if(window['gformInitDatepicker']) {gformInitDatepicker();}if(window['gformInitPriceFields']) {gformInitPriceFields();}var current_page = jQuery('#gform_source_page_number_3').val();gformInitSpinner( 3, 'https:\/\/www.bds-bayern.de\/edling-pfaffing\/wp-content\/plugins\/gravityforms\/images\/spinner.svg', true );jQuery(document).trigger('gform_page_loaded', [3, current_page]);window['gf_submitting_3'] = false;}else if(!is_redirect){var confirmation_content = jQuery(this).contents().find('.GF_AJAX_POSTBACK').html();if(!confirmation_content){confirmation_content = contents;}jQuery('#gform_wrapper_3').replaceWith(confirmation_content);jQuery(document).trigger('gform_confirmation_loaded', [3]);window['gf_submitting_3'] = false;wp.a11y.speak(jQuery('#gform_confirmation_message_3').text());}else{jQuery('#gform_3').append(contents);if(window['gformRedirect']) {gformRedirect();}}jQuery(document).trigger(\"gform_pre_post_render\", [{ formId: \"3\", currentPage: \"current_page\", abort: function() { this.preventDefault(); } }]);        if (event && event.defaultPrevented) {                return;        }        const gformWrapperDiv = document.getElementById( \"gform_wrapper_3\" );        if ( gformWrapperDiv ) {            const visibilitySpan = document.createElement( \"span\" );            visibilitySpan.id = \"gform_visibility_test_3\";            gformWrapperDiv.insertAdjacentElement( \"afterend\", visibilitySpan );        }        const visibilityTestDiv = document.getElementById( \"gform_visibility_test_3\" );        let postRenderFired = false;        function triggerPostRender() {            if ( postRenderFired ) {                return;            }            postRenderFired = true;            gform.core.triggerPostRenderEvents( 3, current_page );            if ( visibilityTestDiv ) {                visibilityTestDiv.parentNode.removeChild( visibilityTestDiv );            }        }        function debounce( func, wait, immediate ) {            var timeout;            return function() {                var context = this, args = arguments;                var later = function() {                    timeout = null;                    if ( !immediate ) func.apply( context, args );                };                var callNow = immediate && !timeout;                clearTimeout( timeout );                timeout = setTimeout( later, wait );                if ( callNow ) func.apply( context, args );            };        }        const debouncedTriggerPostRender = debounce( function() {            triggerPostRender();        }, 200 );        if ( visibilityTestDiv && visibilityTestDiv.offsetParent === null ) {            const observer = new MutationObserver( ( mutations ) => {                mutations.forEach( ( mutation ) => {                    if ( mutation.type === 'attributes' && visibilityTestDiv.offsetParent !== null ) {                        debouncedTriggerPostRender();                        observer.disconnect();                    }                });            });            observer.observe( document.body, {                attributes: true,                childList: false,                subtree: true,                attributeFilter: [ 'style', 'class' ],            });        } else {            triggerPostRender();        }    } );} );\n<\/script>\n[\/vc_column_text][\/vc_column][\/vc_row]<\/p>\n<\/div>","protected":false},"excerpt":{"rendered":"<p>[vc_row][vc_column][vc_column_text][\/vc_column_text][\/vc_column][\/vc_row]<\/p>\n","protected":false},"author":44,"featured_media":0,"parent":0,"menu_order":0,"comment_status":"closed","ping_status":"closed","template":"","meta":{"footnotes":""},"class_list":["post-789","page","type-page","status-publish","hentry","description-off"],"_links":{"self":[{"href":"https:\/\/www.bds-bayern.de\/edling-pfaffing\/wp-json\/wp\/v2\/pages\/789","targetHints":{"allow":["GET"]}}],"collection":[{"href":"https:\/\/www.bds-bayern.de\/edling-pfaffing\/wp-json\/wp\/v2\/pages"}],"about":[{"href":"https:\/\/www.bds-bayern.de\/edling-pfaffing\/wp-json\/wp\/v2\/types\/page"}],"author":[{"embeddable":true,"href":"https:\/\/www.bds-bayern.de\/edling-pfaffing\/wp-json\/wp\/v2\/users\/44"}],"replies":[{"embeddable":true,"href":"https:\/\/www.bds-bayern.de\/edling-pfaffing\/wp-json\/wp\/v2\/comments?post=789"}],"version-history":[{"count":4,"href":"https:\/\/www.bds-bayern.de\/edling-pfaffing\/wp-json\/wp\/v2\/pages\/789\/revisions"}],"predecessor-version":[{"id":1295,"href":"https:\/\/www.bds-bayern.de\/edling-pfaffing\/wp-json\/wp\/v2\/pages\/789\/revisions\/1295"}],"wp:attachment":[{"href":"https:\/\/www.bds-bayern.de\/edling-pfaffing\/wp-json\/wp\/v2\/media?parent=789"}],"curies":[{"name":"wp","href":"https:\/\/api.w.org\/{rel}","templated":true}]}}