{"id":880,"date":"2024-05-07T11:53:41","date_gmt":"2024-05-07T09:53:41","guid":{"rendered":"https:\/\/www.bds-bayern.de\/edling-pfaffing\/?page_id=880"},"modified":"2024-08-18T08:59:02","modified_gmt":"2024-08-18T06:59:02","slug":"abend-der-heimischen-wirtschaft-2024","status":"publish","type":"page","link":"https:\/\/www.bds-bayern.de\/edling-pfaffing\/abend-der-heimischen-wirtschaft-2024\/","title":{"rendered":"Abend der heimischen Wirtschaft 2024"},"content":{"rendered":"<div class=\"wpb-content-wrapper\"><p>[vc_row][vc_column][vc_single_image image=&#8220;928&#8243; img_size=&#8220;medium&#8220; alignment=&#8220;center&#8220; css=&#8220;&#8220;][\/vc_column][\/vc_row][vc_row][vc_column][vc_column_text css=&#8220;&#8220;]<\/p>\n<p style=\"text-align: center\"><strong>Der BDS Gewerbeverband \u201eFirma Edling-Pfaffing\u201c und <\/strong><br \/>\n<strong>die Gemeinden Edling und Pfaffing laden gemeinsam ein zum<\/strong><\/p>\n<h2 style=\"text-align: center\"><strong>Abend der heimischen Wirtschaft 2024<\/strong><\/h2>\n<h3 style=\"text-align: center\">Sonnwend-Freitag 21.06.2024<\/h3>\n<p>[\/vc_column_text][vc_separator color=&#8220;white&#8220; border_width=&#8220;10&#8243; css=&#8220;&#8220;][\/vc_column][\/vc_row][vc_row][vc_column][vc_single_image image=&#8220;980&#8243; img_size=&#8220;full&#8220; css=&#8220;&#8220;][\/vc_column][\/vc_row][vc_row][vc_column width=&#8220;1\/2&#8243;][vc_column_text css=&#8220;&#8220;]<\/p>\n<h4>Liebe G\u00e4ste, danke, dass Sie dabei waren!<\/h4>\n<p>[\/vc_column_text][vc_column_text css=&#8220;&#8220;]<strong>Das war das Programm:<\/strong><\/p>\n<ul>\n<li><span style=\"color: #000000\">Begr\u00fc\u00dfung: Werner Furtner, 1. Vorsitzender des BDS Gewerbeverbandes Firma Edling-Pfaffing gemeinsam mit der Gastgeberin Maria Schechtl, Gesch\u00e4ftsf\u00fchrerin der Schechtl Maschinenbau GmbH<\/span><\/li>\n<li><span style=\"color: #000000\">Talkrunde mit den beiden ersten B\u00fcrgermeistern Matthias Schnetzer (Edling) und Josef Niedermeier (Pfaffing)<\/span><\/li>\n<li><span style=\"color: #000000\">Gru\u00dfwort: Gabriele Sehorz, Pr\u00e4sidentin des BDS Gewerbeverband Bayern e.V.<\/span><\/li>\n<li><span style=\"color: #000000\">Vortrag: Clemens Baumg\u00e4rtner, Referent f\u00fcr Arbeit und Wirtschaft der Landeshauptstadt M\u00fcnchen (oberster Wirtschaftsf\u00f6rderer und Chef der Wiesn)<\/span><\/li>\n<li><span style=\"color: #000000\">Anschlie\u00dfend gegenseitiges Kennenlernen und Netzwerken <\/span><span style=\"color: #000000\">in gem\u00fctlicher Runde mit kleinem Imbiss und Getr\u00e4nken, bei sch\u00f6nem Wetter (bis der Regen kam \ud83d\ude09<\/span><\/li>\n<li><span style=\"color: #000000\">Musikalisch umrahmt und begleitet vom jazz- und soul-swingenden \u201eTrio Tonale\u201c<\/span><\/li>\n<\/ul>\n<p>[\/vc_column_text][vc_column_text css=&#8220;&#8220;]<strong>Sonnwendfreitag, 21.06.2024: Applaus und fr\u00f6hliche Gesichter bei einer Premiere in Edling.<br \/>\n<\/strong>[\/vc_column_text][vc_single_image image=&#8220;1117&#8243; img_size=&#8220;full&#8220; alignment=&#8220;center&#8220; css=&#8220;&#8220;][vc_column_text css=&#8220;&#8220;]<strong>Sonnwendfreitag, 21.06.2024: Applaus und fr\u00f6hliche Gesichter bei einer Premiere in Edling:<\/strong><\/p>\n<p>Der BDS-Gewerbeverband \u201eFirma Edling-Pfaffing\u201c und die Gemeinden Edling und Pfaffing hatten gemeinsam eingeladen zum \u201eAbend der heimischen Wirtschaft\u201c. Seit wenigen Monaten gibt es die Fusion der beiden Gewerbeverb\u00e4nde aus Edling und Pfaffing als gemeinschaftliche Heimat f\u00fcr mehr als 100 mittelst\u00e4ndische Unternehmen. Nicht nur der Abend zeigte es deutlich: Genau das war eine gute Entscheidung. Erfreulich viele Unternehmer der beiden Kommunen lie\u00dfen sich das nicht entgehen. Rund 150 G\u00e4ste waren gekommen.[\/vc_column_text][vc_separator color=&#8220;white&#8220; border_width=&#8220;10&#8243; css=&#8220;&#8220;][vc_column_text css=&#8220;&#8220;]<strong>Werner Furtner er\u00f6ffnet den Abend<br \/>\n<\/strong><\/p>\n<p><img loading=\"lazy\" decoding=\"async\" class=\"alignleft wp-image-993 size-full\" src=\"https:\/\/www.bds-bayern.de\/edling-pfaffing\/wp-content\/uploads\/sites\/45\/2024\/06\/BDS-AdhW-JM_A7R3743-WF-Rede.jpg\" alt=\"\" width=\"1500\" height=\"1000\" srcset=\"https:\/\/www.bds-bayern.de\/edling-pfaffing\/wp-content\/uploads\/sites\/45\/2024\/06\/BDS-AdhW-JM_A7R3743-WF-Rede.jpg 1500w, https:\/\/www.bds-bayern.de\/edling-pfaffing\/wp-content\/uploads\/sites\/45\/2024\/06\/BDS-AdhW-JM_A7R3743-WF-Rede-300x200.jpg 300w, https:\/\/www.bds-bayern.de\/edling-pfaffing\/wp-content\/uploads\/sites\/45\/2024\/06\/BDS-AdhW-JM_A7R3743-WF-Rede-1024x683.jpg 1024w, https:\/\/www.bds-bayern.de\/edling-pfaffing\/wp-content\/uploads\/sites\/45\/2024\/06\/BDS-AdhW-JM_A7R3743-WF-Rede-768x512.jpg 768w\" sizes=\"auto, (max-width: 1500px) 100vw, 1500px\" \/>[\/vc_column_text][vc_separator color=&#8220;white&#8220; border_width=&#8220;10&#8243; css=&#8220;&#8220;][vc_column_text css=&#8220;&#8220;]<strong>Gastgeberin Maria Schechtl<br \/>\n<\/strong><\/p>\n<p><img loading=\"lazy\" decoding=\"async\" class=\"alignleft wp-image-988 size-full\" src=\"https:\/\/www.bds-bayern.de\/edling-pfaffing\/wp-content\/uploads\/sites\/45\/2024\/06\/BDS-AdhW-JM_A7R3788-Maria-Schechtl-Rede.jpg\" alt=\"\" width=\"1500\" height=\"1000\" srcset=\"https:\/\/www.bds-bayern.de\/edling-pfaffing\/wp-content\/uploads\/sites\/45\/2024\/06\/BDS-AdhW-JM_A7R3788-Maria-Schechtl-Rede.jpg 1500w, https:\/\/www.bds-bayern.de\/edling-pfaffing\/wp-content\/uploads\/sites\/45\/2024\/06\/BDS-AdhW-JM_A7R3788-Maria-Schechtl-Rede-300x200.jpg 300w, https:\/\/www.bds-bayern.de\/edling-pfaffing\/wp-content\/uploads\/sites\/45\/2024\/06\/BDS-AdhW-JM_A7R3788-Maria-Schechtl-Rede-1024x683.jpg 1024w, https:\/\/www.bds-bayern.de\/edling-pfaffing\/wp-content\/uploads\/sites\/45\/2024\/06\/BDS-AdhW-JM_A7R3788-Maria-Schechtl-Rede-768x512.jpg 768w\" sizes=\"auto, (max-width: 1500px) 100vw, 1500px\" \/>[\/vc_column_text][vc_separator color=&#8220;white&#8220; border_width=&#8220;5&#8243; css=&#8220;&#8220;][vc_column_text css=&#8220;&#8220;]<strong>Gastgeberin Maria Schechtl hie\u00df die G\u00e4ste im neuen Werk 2 ihres Maschinenbau-Unternehmens herzlich willkommen.<\/strong><\/p>\n<p>Bei mehreren Werksf\u00fchrungen gab es interessante Einblicke in die Produktion von Maschinen f\u00fcr die Blechbearbeitung: Schwenkbiege- und Profilier-Maschinen, Tafelscheren oder des Coil-Handlings. In 110 Jahren ging es von der Dorfschmiede zur Spitze der weltweit f\u00fchrenden Hersteller. Die G\u00e4ste konnten sich bestens \u00fcberzeugen \u2013 und staunen \u00fcber den Familienbetrieb in der vierten Generation.[\/vc_column_text][\/vc_column][vc_column width=&#8220;1\/2&#8243;][vc_column_text css=&#8220;&#8220;]<strong>Gastrednerin Gru\u00dfwort<\/strong><\/p>\n<p><img loading=\"lazy\" decoding=\"async\" class=\"alignleft wp-image-981 size-full\" src=\"https:\/\/www.bds-bayern.de\/edling-pfaffing\/wp-content\/uploads\/sites\/45\/2024\/06\/BDS-AdhW-JM_A7R3860-Gaby-Sehorz.jpg\" alt=\"\" width=\"1500\" height=\"1000\" srcset=\"https:\/\/www.bds-bayern.de\/edling-pfaffing\/wp-content\/uploads\/sites\/45\/2024\/06\/BDS-AdhW-JM_A7R3860-Gaby-Sehorz.jpg 1500w, https:\/\/www.bds-bayern.de\/edling-pfaffing\/wp-content\/uploads\/sites\/45\/2024\/06\/BDS-AdhW-JM_A7R3860-Gaby-Sehorz-300x200.jpg 300w, https:\/\/www.bds-bayern.de\/edling-pfaffing\/wp-content\/uploads\/sites\/45\/2024\/06\/BDS-AdhW-JM_A7R3860-Gaby-Sehorz-1024x683.jpg 1024w, https:\/\/www.bds-bayern.de\/edling-pfaffing\/wp-content\/uploads\/sites\/45\/2024\/06\/BDS-AdhW-JM_A7R3860-Gaby-Sehorz-768x512.jpg 768w\" sizes=\"auto, (max-width: 1500px) 100vw, 1500px\" \/><\/p>\n<p>[\/vc_column_text][vc_separator color=&#8220;white&#8220; border_width=&#8220;10&#8243; css=&#8220;&#8220;][vc_column_text css=&#8220;&#8220;]<strong>Gastredner Vortrag<\/strong><\/p>\n<p><img loading=\"lazy\" decoding=\"async\" class=\"alignleft wp-image-982 size-full\" src=\"https:\/\/www.bds-bayern.de\/edling-pfaffing\/wp-content\/uploads\/sites\/45\/2024\/06\/BDS-AdhW-JM_A7R4088-Clemens-Baumgaertner.jpg\" alt=\"\" width=\"1500\" height=\"1000\" srcset=\"https:\/\/www.bds-bayern.de\/edling-pfaffing\/wp-content\/uploads\/sites\/45\/2024\/06\/BDS-AdhW-JM_A7R4088-Clemens-Baumgaertner.jpg 1500w, https:\/\/www.bds-bayern.de\/edling-pfaffing\/wp-content\/uploads\/sites\/45\/2024\/06\/BDS-AdhW-JM_A7R4088-Clemens-Baumgaertner-300x200.jpg 300w, https:\/\/www.bds-bayern.de\/edling-pfaffing\/wp-content\/uploads\/sites\/45\/2024\/06\/BDS-AdhW-JM_A7R4088-Clemens-Baumgaertner-1024x683.jpg 1024w, https:\/\/www.bds-bayern.de\/edling-pfaffing\/wp-content\/uploads\/sites\/45\/2024\/06\/BDS-AdhW-JM_A7R4088-Clemens-Baumgaertner-768x512.jpg 768w\" sizes=\"auto, (max-width: 1500px) 100vw, 1500px\" \/><\/p>\n<p>[\/vc_column_text][vc_separator color=&#8220;white&#8220; border_width=&#8220;10&#8243; css=&#8220;&#8220;][vc_column_text css=&#8220;&#8220;]<strong>Talkrunde B\u00fcrgermeister<br \/>\n<\/strong><\/p>\n<p><img loading=\"lazy\" decoding=\"async\" class=\"alignleft wp-image-1128 size-full\" src=\"https:\/\/www.bds-bayern.de\/edling-pfaffing\/wp-content\/uploads\/sites\/45\/2024\/07\/BDS-AdhW-JM_A7R3918-Talk-BGM.jpg\" alt=\"\" width=\"1500\" height=\"1000\" srcset=\"https:\/\/www.bds-bayern.de\/edling-pfaffing\/wp-content\/uploads\/sites\/45\/2024\/07\/BDS-AdhW-JM_A7R3918-Talk-BGM.jpg 1500w, https:\/\/www.bds-bayern.de\/edling-pfaffing\/wp-content\/uploads\/sites\/45\/2024\/07\/BDS-AdhW-JM_A7R3918-Talk-BGM-300x200.jpg 300w, https:\/\/www.bds-bayern.de\/edling-pfaffing\/wp-content\/uploads\/sites\/45\/2024\/07\/BDS-AdhW-JM_A7R3918-Talk-BGM-1024x683.jpg 1024w, https:\/\/www.bds-bayern.de\/edling-pfaffing\/wp-content\/uploads\/sites\/45\/2024\/07\/BDS-AdhW-JM_A7R3918-Talk-BGM-768x512.jpg 768w\" sizes=\"auto, (max-width: 1500px) 100vw, 1500px\" \/>[\/vc_column_text][vc_separator color=&#8220;white&#8220; border_width=&#8220;10&#8243; css=&#8220;&#8220;][vc_column_text css=&#8220;&#8220;]<strong>Appell zur besseren Vernetzung<\/strong><\/p>\n<p>Mit den beiden B\u00fcrgermeistern Matthias Schnetzer (Edling, Mitte) und Josef Niedermeier (Pfaffing, links) gab\u2019s eine lockere Talk-runde auf der B\u00fchne, die Werner Furtner als Gewerbeverbands-Vorsitzender moderierte.<\/p>\n<p>Es gehe um die gro\u00dfe Vielfalt und St\u00e4rke der heimischen Wirtschaft, die es von politischer Seite noch mehr zu st\u00e4rken gelte. Unternehmer vor Ort, die gemeinsam mit ihren Mitarbeitern t\u00e4glich die Zukunft aktiv mitgestalten und auch in schwierigen Zeiten Mut sowie Optimismus ausstrahlen \u2013 eine Gemeinde k\u00f6nne sich dar\u00fcber gl\u00fccklich sch\u00e4tzen, war der gemeinsame Tenor.<\/p>\n<p>Kommunen und Unternehmen sehen sich heute und in Zukunft mit vielen Herausforderungen konfrontiert. Besondere Aufgabe sei es, betonen die drei, sich noch enger miteinander zu vernetzen, den Kontakt der B\u00fcrgermeister mit der Wirtschaft und umgekehrt zu intensivieren. \u201eWir m\u00fcssen f\u00fcr uns und f\u00fcr unsere Gesellschaft Gutes tun, uns als Unternehmer bewegen, als B\u00fcrgermeister und Gemeinder\u00e4te und nat\u00fcrlich auch als B\u00fcrger\u201c appellierte Furtner, daf\u00fcr sei dieser Abend ein Startschuss.<\/p>\n<p>Nat\u00fcrlich gab es von beiden Seiten auch Kritik an der extremen B\u00fcrokratie und am so eklatanten Wohnraum-Mangel. Betont wurde auch die Bedeutung eines effektiven lnnovationsmanagements und eine Vereinfachung der Zug\u00e4nglichkeit der Unternehmen zu Kommunen, sowie die Einbindung von Schulen f\u00fcr Ausbildung und Fachkr\u00e4ftesicherung der Zukunft. Sp\u00fcrbar war, wie wertvoll genau Abende wie dieser sind, um in den Dialog zu kommen, Barrieren abzubauen, Politik und Wirtschaft gegenseitig nahbar zu machen, Verstehen aufzubauen.[\/vc_column_text][vc_single_image image=&#8220;1132&#8243; img_size=&#8220;full&#8220; alignment=&#8220;center&#8220; css=&#8220;&#8220;][\/vc_column][\/vc_row][vc_row][vc_column width=&#8220;1\/2&#8243;][\/vc_column][vc_column width=&#8220;1\/2&#8243;][\/vc_column][\/vc_row][vc_row][vc_column][vc_separator color=&#8220;white&#8220; border_width=&#8220;10&#8243; css=&#8220;&#8220;][vc_single_image image=&#8220;1020&#8243; img_size=&#8220;full&#8220; alignment=&#8220;center&#8220; css=&#8220;&#8220;][vc_column_text css=&#8220;&#8220;]<strong>Die Vorstandschaft des BDS OV Edling-Pfaffing<\/strong><\/p>\n<p>v.l.: Petra Grandl, Sabine Schmid, Klaus Wagenstetter, Nicole Bauer-Sch\u00e4fer, Werner Furtner, Hubertus Deiters, G\u00fcnter Wei\u00df, Hildegard Wimmer, Tanja Gruber, Klaus Bisl, Monika Weinbeck, Jakob Holzhammer, Franz Demmel (nicht im Bild: Marianne Hartl), mit BDS Bezirksvorstand Christian Klotz (ganz links)[\/vc_column_text][\/vc_column][\/vc_row][vc_row][vc_column][vc_separator color=&#8220;white&#8220; border_width=&#8220;10&#8243; css=&#8220;&#8220;][vc_column_text css=&#8220;&#8220;]<\/p>\n<h4>Impressionen vom Abend der heimischen Wirtschaft und der Betriebsf\u00fchrung bei der Schechtl Maschinenbau GmbH<\/h4>\n<p>&#8222;Eine gut gemachte Fusion&#8220; &#8211; Bericht von <a href=\"https:\/\/www.wasserburger-stimme.de\/blog\/2024\/06\/25\/edling-und-pfaffing-eine-gut-gemachte-fusion\/\" target=\"_blank\" rel=\"noopener\">Renate Drax auf der Wasserburger-Stimme<\/a><br \/>\n&#8222;Appell zur besseren Vernetzung&#8220; &#8211; Bericht von <a href=\"https:\/\/www.ovb-heimatzeitungen.de\/wasserburg\/2024\/06\/24\/appell-zur-besseren-vernetzung.ovb\" target=\"_blank\" rel=\"noopener\">Winfried Weithofer im OVB<\/a><\/p>\n<p><strong>Foto-Quellen:<\/strong> Julius Meid (Fotogruppe Wasserburg) Renate Drax (Wasserburger Stimme), Tanja Gruber (Vorstandschaft) und weitere Mitglieder des Ortsverbands.[\/vc_column_text][\/vc_column][\/vc_row][vc_row][vc_column][vc_masonry_media_grid style=&#8220;lazy&#8220; items_per_page=&#8220;100&#8243; element_width=&#8220;2&#8243; css=&#8220;&#8220; grid_id=&#8220;vc_gid:1723962535564-c06021ae-7f76-1&#8243; include=&#8220;1000,998,1025,1017,1018,1013,1016,1027,1015,1014,1002,1007,1008,1004,1003,1026,1021,1022,1009,1029,1139,1136&#8243;][\/vc_column][\/vc_row][vc_row][vc_column][vc_masonry_media_grid style=&#8220;lazy&#8220; items_per_page=&#8220;100&#8243; element_width=&#8220;2&#8243; css=&#8220;&#8220; grid_id=&#8220;vc_gid:1723962535565-ee7084a4-96c7-7&#8243; include=&#8220;1193,1192,1191,1190,1189,1188,1185,1183,1184,1182,1181,1179,1178,1176,1175,1174,1173,1172,1171,1170,1169,1168,1167,1166,1165,1164,1163,1162,1158,1157,1156,1154,1152,1149,1147,1146,1145,1142,1141,1143,1144,1140,1132,1128,1124,1123,1115,1111,1110,1108,1106,1103,1102,1100,1099,1098,1097,1095,1094,1093,1092,1090,1091,1089,1088,1087,1086,1085,1084,1083,1082,1081,1080,1079,1067,1072,1064,1065,1063,1060,1208,1196,1212&#8243;][\/vc_column][\/vc_row][vc_row][vc_column][vc_separator color=&#8220;white&#8220; css=&#8220;&#8220;][vc_column_text css=&#8220;&#8220;]<strong>Betriebsf\u00fchrung<\/strong>[\/vc_column_text][vc_masonry_media_grid style=&#8220;lazy&#8220; items_per_page=&#8220;20&#8243; element_width=&#8220;2&#8243; css=&#8220;&#8220; grid_id=&#8220;vc_gid:1723962535566-dcd8dd97-1880-9&#8243; include=&#8220;1199,1200,1201,1202,1203,1204,1205,1206,1207,1209,1210&#8243;][\/vc_column][\/vc_row]<\/p>\n<\/div>","protected":false},"excerpt":{"rendered":"<p>[vc_row][vc_column][vc_single_image image=&#8220;928&#8243; img_size=&#8220;medium&#8220; alignment=&#8220;center&#8220; css=&#8220;&#8220;][\/vc_column][\/vc_row][vc_row][vc_column][vc_column_text css=&#8220;&#8220;] Der BDS Gewerbeverband \u201eFirma Edling-Pfaffing\u201c und die Gemeinden Edling und Pfaffing laden gemeinsam ein zum Abend der heimischen Wirtschaft 2024 Sonnwend-Freitag 21.06.2024 [\/vc_column_text][vc_separator color=&#8220;white&#8220; border_width=&#8220;10&#8243; css=&#8220;&#8220;][\/vc_column][\/vc_row][vc_row][vc_column][vc_single_image image=&#8220;980&#8243; img_size=&#8220;full&#8220; css=&#8220;&#8220;][\/vc_column][\/vc_row][vc_row][vc_column width=&#8220;1\/2&#8243;][vc_column_text css=&#8220;&#8220;] Liebe G\u00e4ste, danke, dass Sie dabei waren! [\/vc_column_text][vc_column_text css=&#8220;&#8220;]Das war das Programm: Begr\u00fc\u00dfung: Werner Furtner, 1. Vorsitzender des&hellip;<\/p>\n","protected":false},"author":44,"featured_media":0,"parent":0,"menu_order":0,"comment_status":"closed","ping_status":"closed","template":"","meta":{"footnotes":""},"class_list":["post-880","page","type-page","status-publish","hentry","description-off"],"_links":{"self":[{"href":"https:\/\/www.bds-bayern.de\/edling-pfaffing\/wp-json\/wp\/v2\/pages\/880","targetHints":{"allow":["GET"]}}],"collection":[{"href":"https:\/\/www.bds-bayern.de\/edling-pfaffing\/wp-json\/wp\/v2\/pages"}],"about":[{"href":"https:\/\/www.bds-bayern.de\/edling-pfaffing\/wp-json\/wp\/v2\/types\/page"}],"author":[{"embeddable":true,"href":"https:\/\/www.bds-bayern.de\/edling-pfaffing\/wp-json\/wp\/v2\/users\/44"}],"replies":[{"embeddable":true,"href":"https:\/\/www.bds-bayern.de\/edling-pfaffing\/wp-json\/wp\/v2\/comments?post=880"}],"version-history":[{"count":85,"href":"https:\/\/www.bds-bayern.de\/edling-pfaffing\/wp-json\/wp\/v2\/pages\/880\/revisions"}],"predecessor-version":[{"id":1239,"href":"https:\/\/www.bds-bayern.de\/edling-pfaffing\/wp-json\/wp\/v2\/pages\/880\/revisions\/1239"}],"wp:attachment":[{"href":"https:\/\/www.bds-bayern.de\/edling-pfaffing\/wp-json\/wp\/v2\/media?parent=880"}],"curies":[{"name":"wp","href":"https:\/\/api.w.org\/{rel}","templated":true}]}}