{"id":20,"date":"2018-09-19T11:56:07","date_gmt":"2018-09-19T09:56:07","guid":{"rendered":"https:\/\/www.bds-bayern.de\/gilching\/veranstaltungen\/"},"modified":"2025-07-27T14:33:06","modified_gmt":"2025-07-27T12:33:06","slug":"veranstaltungen","status":"publish","type":"page","link":"https:\/\/www.bds-bayern.de\/gilching\/veranstaltungen\/","title":{"rendered":"Veranstaltungen"},"content":{"rendered":"<div class=\"wpb-content-wrapper\"><p>[vc_row][vc_column][vc_column_text]<\/p>\n<h2>Veranstaltungen im Ortsverband<\/h2>\n<p>[\/vc_column_text][\/vc_column][\/vc_row][vc_row][vc_column width=&#8220;1\/2&#8243;][vc_column_text css=&#8220;&#8220;]<strong>Vorank\u00fcndigung Marktsonntage<\/strong><\/p>\n<p>Sonntag, 12. Oktober 2025 11.00-18.00 Uhr<\/p>\n<p><strong>Die Bewerbung zum Markt erfolgt \u00fcber unsere Seite <a href=\"https:\/\/www.gilching.jetzt\/\">gilching.jetzt<\/a><\/strong><\/p>\n<p>[\/vc_column_text][vc_column_text css=&#8220;&#8220;]<\/p>\n<h2>Einladung zum &#8222;neuen&#8220; Marktsonntag in Gilching<\/h2>\n<p>An alle Aussteller*innen<\/p>\n<p>regelm\u00e4\u00dfig veranstalten wir unseren traditionellen Fr\u00fchjahrs- und Herbstmark, zu dem wir Sie hiermit gerne einladen m\u00f6chten. Seit 2023 haben wir die M\u00f6glichkeit die abgesperrte R\u00f6merstra\u00dfe in den Markt einzubeziehen und diese Ver\u00e4nderung zieht viele H\u00e4ndler, vor allem aber auch Besucher an.<\/p>\n<p>Alle altuellen Infos und die M\u00f6glichkeit zur Bewerbung auf einen Marktstand finden Sie auf <a href=\"https:\/\/gilching.jetzt\/\">www.gilching.jetzt<\/a> . Bitte melden Sie sich auch als lokales Gesch\u00e4ft auf dieser Seite an, wenn sie ihr Ladengesch\u00e4ft am Marktsonntag \u00f6ffnen wollen. Nach der Buchung \u00fcber das Portal erhalten Sie eine Auftragsbest\u00e4tigung und ca. 4 Wochen vor dem Markt eine Rechnung.<\/p>\n<p>Der Aufbau findet am Tag der Veranstaltung in der Zeit von 07:00 \u2013 10:00 Uhr statt.<\/p>\n<p>\u00d6ffnungszeit Markt: 11:00 \u2013 18:00 Uhr.<\/p>\n<p>Die Zufahrt auf das Gel\u00e4nde erfolgt ausschlie\u00dflich \u00fcber die R\u00f6merstra\u00dfe &#8211; Ausfahrt ist nur nach hinten \u00fcber die Pollinger Stra\u00dfe m\u00f6glich. Aufgrund gestiegener Sicherheitsanforderungen ist die Zufahrt begrenzt und der Markt sp\u00e4testens ab 10.30 Uhr abgeriegelt.<\/p>\n<p>Die Platzkapazit\u00e4ten im Ortszentrum sind deutlich begrenzter als bisher. Daher ist gegenseitige R\u00fccksichtnahme und die Befolgung unserer Anweisungen, Grundvoraussetzung f\u00fcr einen reibungslosen Ablauf. Bitte entladen Sie Ihr Fahrzeug schnellstm\u00f6glich nach Ihrer Ankunft und stellen es anschlie\u00dfend au\u00dferhalb des abgesperrten Bereiches ab. Fahrzeuge, die nicht bis 10:00 Uhr den Platz verlassen, werden mit der vollen Standgeb\u00fchr berechnet.<\/p>\n<p>Die Verwendung von Einweggeschirr ist strengstens untersagt!!! F\u00fcr die M\u00fcllentsorgung ist jeder Aussteller selbst verantwortlich.<br \/>\nEin Abstellen von Anh\u00e4ngern vor der Veranstaltung ist nur nach Absprache m\u00f6glich!!!<\/p>\n<p>Wenn Sie eine H\u00fctte buchen, so vermerken wir Ihren Namen entsprechend auf der R\u00fcckseite der H\u00fctte und bitten Sie gleichzeitig selbst daf\u00fcr Sorge zu tragen, diese mittels eines Vorh\u00e4ngeschlosses abzusperren. Die H\u00fctten stehen ab Freitag vor der Veranstaltung zur Verf\u00fcgung.<\/p>\n<p>Ansprechpartner Markt:<\/p>\n<p>Matthias Konetzny<\/p>\n<p>Frank Opis<\/p>\n<p>Mail: team@gilching.jetzt<\/p>\n<p>[\/vc_column_text][\/vc_column][vc_column width=&#8220;1\/2&#8243;][vc_single_image image=&#8220;851&#8243; img_size=&#8220;full&#8220; css=&#8220;&#8220;][\/vc_column][vc_column][\/vc_column][\/vc_row][vc_row][vc_column width=&#8220;1\/2&#8243;][vc_column_text css=&#8220;&#8220;]<\/p>\n<h2>Offenes Unternehmer-Fr\u00fchst\u00fcck<\/h2>\n<p>Sich mit anderen Unternehmern und Selbstst\u00e4ndigen vor Ort zu vernetzen ist eines der zentralen Ziele des Gewerbeverbandes.<br \/>\nAus diesem Grund hat sich unser Unternehmerfr\u00fchst\u00fcck etabliert.<\/p>\n<p><strong>So findet das Unternehmerf\u00fchst\u00fcck am Mittwoch jeden zweiten Monat um 8.00 Uhr statt.<\/strong><\/p>\n<p>Der Austragungsort variiert und wir werden den Ort rechtzeitig bekannt geben.<\/p>\n<p>N\u00e4chste Termine:<\/p>\n<p>24.09.2025 | 8 Uhr | Aktivpark Gilching<\/p>\n<p>26.11.2025 | 8 Uhr | Aktivpark Gilching<\/p>\n<p>[\/vc_column_text][\/vc_column][vc_column width=&#8220;1\/2&#8243;][vc_column_text][\/vc_column_text][vc_column_text]<strong>Ablauf<\/strong><\/p>\n<p>8.00 Uhr Treffen und Fr\u00fchst\u00fcck<\/p>\n<p>8.15 Uhr Start des offiziellen Teils<\/p>\n<ul>\n<li>Begr\u00fc\u00dfung<\/li>\n<li>Vorstellungsrunde<\/li>\n<li>Aktuelles<\/li>\n<li>Kurzreferat<\/li>\n<\/ul>\n<p>9.00 Uhr Ende des offiziellen Teils und Gelegenheit zum Netzwerken.<br \/>\nDie Teilnahme ist nur nach Anmeldung m\u00f6glich.[\/vc_column_text][\/vc_column][vc_column][\/vc_column][\/vc_row][vc_row][vc_column]<!-- EventON Calendar --><div id='evcal_calendar_745' class='ajde_evcal_calendar sev cev color esty_2 etttc_custom ajax_loading_cal' data-cal=''><div id='evcal_head' class='calendar_header ' ><div class='evo_cal_above evodfx evofx_dr_r marb5 evofx_ww'><span class='cal_head_btn evo-gototoday-btn' style='' data-mo='4' data-yr='2026' data-dy=''>Aktueller Monat<\/span><\/div><div class='evo_cal_above_content'><\/div><div class='evo_header_title '><div class='evo_header_mo evodfx evofx_ai_c'><div class='evo_loading_bar_holder h100 noMinH swipe' style=''><div class='evo_loading_bar wid_80% hi_40px' style='width:80%; height:40px; '><\/div><\/div><\/div><\/div><\/div><div id='eventon_loadbar_section'><div id='eventon_loadbar'><\/div><\/div><!-- Events List --><div class='evo_events_list_box'><div id='evcal_list' class='eventon_events_list '><div class='evo_loading_bar_holder h100 loading_e swipe' style=''><div class='nest nest1 e'><div class='nesthold r g10'><div class='nest nest2 e1'><div class='evo_loading_bar wid_100px hi_95px' style='width:100px; height:95px; '><\/div><\/div><div class='nest nest2 e2'><div class='evo_loading_bar wid_50% hi_55px' style='width:50%; height:55px; '><\/div><div class='evo_loading_bar wid_90% hi_30px' style='width:90%; height:30px; '><\/div><\/div><\/div><\/div><div class='nest nest1 e'><div class='nesthold r g10'><div class='nest nest2 e1'><div class='evo_loading_bar wid_100px hi_95px' style='width:100px; height:95px; '><\/div><\/div><div class='nest nest2 e2'><div class='evo_loading_bar wid_50% hi_55px' style='width:50%; height:55px; '><\/div><div class='evo_loading_bar wid_90% hi_30px' style='width:90%; height:30px; '><\/div><\/div><\/div><\/div><div class='nest nest1 e'><div class='nesthold r g10'><div class='nest nest2 e1'><div class='evo_loading_bar wid_100px hi_95px' style='width:100px; height:95px; '><\/div><\/div><div class='nest nest2 e2'><div class='evo_loading_bar wid_50% hi_55px' style='width:50%; height:55px; '><\/div><div class='evo_loading_bar wid_90% hi_30px' style='width:90%; height:30px; '><\/div><\/div><\/div><\/div><\/div>\t\t\t<\/div>\r\n\t\t\t<\/div><!-- evo_events_list_box -->\t\r\n\t\t\t<div class='clear'><\/div>\r\n\t\t\t\t\t \t<div id='evcal_footer' class='evo_bottom' style='display:none'>\r\n\t\t \t\t<div class='evo_cal_data' data-sc=\"{&quot;accord&quot;:&quot;no&quot;,&quot;bottom_nav&quot;:&quot;no&quot;,&quot;cal_id&quot;:&quot;&quot;,&quot;cal_init_nonajax&quot;:&quot;no&quot;,&quot;calendar_type&quot;:&quot;default&quot;,&quot;currentuser&quot;:&quot;no&quot;,&quot;ep_fields&quot;:&quot;&quot;,&quot;etc_override&quot;:&quot;no&quot;,&quot;evc_open&quot;:&quot;no&quot;,&quot;event_count&quot;:0,&quot;event_location&quot;:&quot;all&quot;,&quot;event_order&quot;:&quot;ASC&quot;,&quot;event_organizer&quot;:&quot;all&quot;,&quot;event_parts&quot;:&quot;no&quot;,&quot;event_past_future&quot;:&quot;all&quot;,&quot;event_status&quot;:&quot;all&quot;,&quot;event_tag&quot;:&quot;all&quot;,&quot;event_type&quot;:&quot;all&quot;,&quot;event_type_2&quot;:&quot;all&quot;,&quot;event_users&quot;:&quot;all&quot;,&quot;event_virtual&quot;:&quot;all&quot;,&quot;eventtop_date_style&quot;:0,&quot;eventtop_style&quot;:&quot;2&quot;,&quot;exp_jumper&quot;:&quot;no&quot;,&quot;exp_so&quot;:&quot;no&quot;,&quot;filter_relationship&quot;:&quot;AND&quot;,&quot;filter_show_set_only&quot;:&quot;no&quot;,&quot;filter_style&quot;:&quot;default&quot;,&quot;filter_type&quot;:&quot;default&quot;,&quot;filters&quot;:&quot;yes&quot;,&quot;fixed_month&quot;:&quot;4&quot;,&quot;fixed_year&quot;:&quot;2026&quot;,&quot;focus_end_date_range&quot;:&quot;1777633199&quot;,&quot;focus_start_date_range&quot;:&quot;1775041200&quot;,&quot;ft_event_priority&quot;:&quot;no&quot;,&quot;hide_arrows&quot;:&quot;no&quot;,&quot;hide_cancels&quot;:&quot;no&quot;,&quot;hide_empty_months&quot;:&quot;no&quot;,&quot;hide_end_time&quot;:&quot;no&quot;,&quot;hide_et_dn&quot;:&quot;no&quot;,&quot;hide_et_extra&quot;:&quot;no&quot;,&quot;hide_et_tags&quot;:&quot;no&quot;,&quot;hide_et_tl&quot;:&quot;no&quot;,&quot;hide_ft&quot;:&quot;no&quot;,&quot;hide_ft_img&quot;:&quot;no&quot;,&quot;hide_month_headers&quot;:&quot;no&quot;,&quot;hide_mult_occur&quot;:&quot;no&quot;,&quot;hide_past&quot;:&quot;no&quot;,&quot;hide_past_by&quot;:&quot;ee&quot;,&quot;hide_so&quot;:&quot;no&quot;,&quot;ics&quot;:&quot;no&quot;,&quot;jumper&quot;:&quot;no&quot;,&quot;jumper_count&quot;:5,&quot;jumper_offset&quot;:&quot;0&quot;,&quot;lang&quot;:&quot;L1&quot;,&quot;layout_changer&quot;:&quot;no&quot;,&quot;livenow_bar&quot;:&quot;yes&quot;,&quot;mapformat&quot;:&quot;roadmap&quot;,&quot;mapiconurl&quot;:&quot;&quot;,&quot;maps_load&quot;:&quot;no&quot;,&quot;mapscroll&quot;:&quot;true&quot;,&quot;mapzoom&quot;:&quot;18&quot;,&quot;members_only&quot;:&quot;no&quot;,&quot;ml_priority&quot;:&quot;no&quot;,&quot;ml_toend&quot;:&quot;no&quot;,&quot;month_incre&quot;:0,&quot;number_of_months&quot;:&quot;1&quot;,&quot;only_ft&quot;:&quot;no&quot;,&quot;pec&quot;:&quot;&quot;,&quot;s&quot;:&quot;&quot;,&quot;search&quot;:&quot;&quot;,&quot;search_all&quot;:&quot;no&quot;,&quot;sep_month&quot;:&quot;no&quot;,&quot;show_et_ft_img&quot;:&quot;no&quot;,&quot;show_limit&quot;:&quot;no&quot;,&quot;show_limit_ajax&quot;:&quot;no&quot;,&quot;show_limit_paged&quot;:1,&quot;show_limit_redir&quot;:&quot;&quot;,&quot;show_repeats&quot;:&quot;no&quot;,&quot;show_search&quot;:&quot;no&quot;,&quot;show_upcoming&quot;:0,&quot;show_year&quot;:&quot;no&quot;,&quot;social_share&quot;:&quot;no&quot;,&quot;sort_by&quot;:&quot;sort_date&quot;,&quot;tile_bg&quot;:0,&quot;tile_bg_size&quot;:&quot;full&quot;,&quot;tile_count&quot;:2,&quot;tile_height&quot;:0,&quot;tile_style&quot;:0,&quot;tiles&quot;:&quot;no&quot;,&quot;users&quot;:&quot;all&quot;,&quot;ux_val&quot;:&quot;0&quot;,&quot;view_switcher&quot;:&quot;no&quot;,&quot;wpml_l1&quot;:&quot;&quot;,&quot;wpml_l2&quot;:&quot;&quot;,&quot;wpml_l3&quot;:&quot;&quot;,&quot;yl_priority&quot;:&quot;no&quot;,&quot;yl_toend&quot;:&quot;no&quot;,&quot;fixed_day&quot;:&quot;24&quot;,&quot;_cver&quot;:&quot;4.9.10&quot;}\" data-filter_data=\"[]\" data-nav_data=\"{&quot;month_title&quot;:&quot;&lt;p id=&#039;evcal_cur&#039; class=&#039;evo_month_title padr10&#039;&gt; April, 2026&lt;\\\/p&gt;&quot;,&quot;arrows&quot;:&quot;&lt;p class=&#039;evo_arrows&#039;&gt;\\r\\n\\t\\t\\t\\t\\t&lt;span id=&#039;evcal_prev&#039; class=&#039;evcal_arrows evcal_btn_prev evodfx evofx_jc_c evofx_ai_c&#039; &gt;&lt;i class=&#039;fa fa-chevron-left&#039;&gt;&lt;\\\/i&gt;&lt;\\\/span&gt;\\r\\n\\t\\t\\t\\t\\t&lt;span id=&#039;evcal_next&#039; class=&#039;evcal_arrows evo_arrow_next evcal_btn_next evodfx evofx_jc_c evofx_ai_c&#039; &gt;&lt;i class=&#039;fa fa-chevron-right&#039;&gt;&lt;\\\/i&gt;&lt;\\\/span&gt;\\r\\n\\t\\t\\t\\t\\t&lt;\\\/p&gt;&quot;}\" data-od=\"{&quot;lang_no_events&quot;:&quot;No Events&quot;,&quot;cal_tz_offset&quot;:-660,&quot;cal_tz&quot;:&quot;Pacific\\\/Midway&quot;}\" ><\/div>\r\n\t\t \t\t<div class='evo_cal_events' data-events=\"\"><\/div>\r\n\t\t \t<\/div>\r\n\t\t\t\t\r\n\t\t\t\r\n\t\t\t\t\t\t<\/div><!-- EventON End -->\r\n\t\t\t[\/vc_column][\/vc_row][vc_row][vc_column][vc_empty_space][\/vc_column][\/vc_row][vc_row][vc_column width=&#8220;1\/2&#8243;][vc_column_text]Unsere Mitglieder profitieren von dem regelm\u00e4\u00dfigen Austausch auf j\u00e4hrlich\u00a0<strong>rund 2.500 BDS Veranstaltungen<\/strong>\u00a0in Bayern. Besuchen Sie uns doch auf eine unserer n\u00e4chsten Veranstaltungen, wir freuen uns auf Sie![\/vc_column_text][\/vc_column][vc_column width=&#8220;1\/2&#8243;][vc_btn title=&#8220;BDS Veranstaltungen bayernweit&#8220; shape=&#8220;square&#8220; color=&#8220;primary&#8220; size=&#8220;lg&#8220; link=&#8220;url:https%3A%2F%2Fwww.bds-bayern.de%2Fveranstaltungen%2F||target:%20_blank|&#8220;][\/vc_column][\/vc_row]<\/p>\n<\/div>","protected":false},"excerpt":{"rendered":"<p>[vc_row][vc_column][vc_column_text] Veranstaltungen im Ortsverband [\/vc_column_text][\/vc_column][\/vc_row][vc_row][vc_column width=&#8220;1\/2&#8243;][vc_column_text css=&#8220;&#8220;]Vorank\u00fcndigung Marktsonntage Sonntag, 12. Oktober 2025 11.00-18.00 Uhr Die Bewerbung zum Markt erfolgt \u00fcber unsere Seite gilching.jetzt [\/vc_column_text][vc_column_text css=&#8220;&#8220;] Einladung zum &#8222;neuen&#8220; Marktsonntag in Gilching An alle Aussteller*innen regelm\u00e4\u00dfig veranstalten wir unseren traditionellen Fr\u00fchjahrs- und Herbstmark, zu dem wir Sie hiermit gerne einladen m\u00f6chten. Seit 2023 haben wir die&hellip;<\/p>\n","protected":false},"author":1,"featured_media":0,"parent":0,"menu_order":6,"comment_status":"closed","ping_status":"closed","template":"","meta":{"footnotes":""},"class_list":["post-20","page","type-page","status-publish","hentry","description-off"],"_links":{"self":[{"href":"https:\/\/www.bds-bayern.de\/gilching\/wp-json\/wp\/v2\/pages\/20","targetHints":{"allow":["GET"]}}],"collection":[{"href":"https:\/\/www.bds-bayern.de\/gilching\/wp-json\/wp\/v2\/pages"}],"about":[{"href":"https:\/\/www.bds-bayern.de\/gilching\/wp-json\/wp\/v2\/types\/page"}],"author":[{"embeddable":true,"href":"https:\/\/www.bds-bayern.de\/gilching\/wp-json\/wp\/v2\/users\/1"}],"replies":[{"embeddable":true,"href":"https:\/\/www.bds-bayern.de\/gilching\/wp-json\/wp\/v2\/comments?post=20"}],"version-history":[{"count":37,"href":"https:\/\/www.bds-bayern.de\/gilching\/wp-json\/wp\/v2\/pages\/20\/revisions"}],"predecessor-version":[{"id":853,"href":"https:\/\/www.bds-bayern.de\/gilching\/wp-json\/wp\/v2\/pages\/20\/revisions\/853"}],"wp:attachment":[{"href":"https:\/\/www.bds-bayern.de\/gilching\/wp-json\/wp\/v2\/media?parent=20"}],"curies":[{"name":"wp","href":"https:\/\/api.w.org\/{rel}","templated":true}]}}