{"id":441,"date":"2020-10-16T09:45:26","date_gmt":"2020-10-16T07:45:26","guid":{"rendered":"https:\/\/www.bds-bayern.de\/hohenbrunn-riemerling\/?page_id=441"},"modified":"2020-11-09T18:05:54","modified_gmt":"2020-11-09T17:05:54","slug":"veranstaltungsrueckblick","status":"publish","type":"page","link":"https:\/\/www.bds-bayern.de\/hohenbrunn-riemerling\/veranstaltungen\/veranstaltungsrueckblick\/","title":{"rendered":"Veranstaltungsr\u00fcckblick"},"content":{"rendered":"<div class=\"wpb-content-wrapper\"><p>[vc_row][vc_column][vc_column_text]Sie finden hier den R\u00fcckblick auf ausgew\u00e4hlte Veranstaltungen des Ortsverband Hohenbrunn-Riemerling. Viel Spa\u00df beim st\u00f6bern und lassen Sie sich Lust auf die kommenden Veranstaltungen machen.[\/vc_column_text][\/vc_column][\/vc_row][vc_row][vc_column]<style type=\"text\/css\" data-type=\"the7_shortcodes-inline-css\">.blog-shortcode.blog-masonry-shortcode-id-225080e9ed576458b25259554c87e594.dividers-on.classic-layout-list article {\n  padding-top: 0;\n}\n.blog-shortcode.blog-masonry-shortcode-id-225080e9ed576458b25259554c87e594.dividers-on.classic-layout-list article:first-of-type {\n  margin-top: 0;\n  padding-top: 0;\n}\n.blog-shortcode.blog-masonry-shortcode-id-225080e9ed576458b25259554c87e594.classic-layout-list.mode-list .post-entry-content {\n  width: calc(100% - );\n}\n.blog-shortcode.blog-masonry-shortcode-id-225080e9ed576458b25259554c87e594.classic-layout-list.mode-list .no-img .post-entry-content {\n  width: 100%;\n}\n.blog-shortcode.blog-masonry-shortcode-id-225080e9ed576458b25259554c87e594 .filter-bg-decoration .filter-categories a.act {\n  color: #fff;\n}\n.blog-shortcode.blog-masonry-shortcode-id-225080e9ed576458b25259554c87e594:not(.mode-masonry) article:first-of-type,\n.blog-shortcode.blog-masonry-shortcode-id-225080e9ed576458b25259554c87e594:not(.mode-masonry) article.visible.first:not(.product) {\n  margin-top: 0;\n}\n.blog-shortcode.blog-masonry-shortcode-id-225080e9ed576458b25259554c87e594.dividers-on:not(.mode-masonry) article {\n  margin-top: 0;\n}\n.blog-shortcode.blog-masonry-shortcode-id-225080e9ed576458b25259554c87e594.dividers-on:not(.mode-masonry) article:first-of-type,\n.blog-shortcode.blog-masonry-shortcode-id-225080e9ed576458b25259554c87e594.dividers-on:not(.mode-masonry) article.visible.first:not(.product) {\n  margin-top: 0;\n  padding-top: 0;\n}\n.blog-shortcode.blog-masonry-shortcode-id-225080e9ed576458b25259554c87e594 .post-thumbnail-wrap {\n  padding: 0px 0px 0px 0px;\n}\n.blog-shortcode.blog-masonry-shortcode-id-225080e9ed576458b25259554c87e594.enable-bg-rollover .post-thumbnail-rollover:after {\n  background: -webkit-linear-gradient();\n  background: linear-gradient();\n}\n.blog-shortcode.blog-masonry-shortcode-id-225080e9ed576458b25259554c87e594 .gallery-zoom-ico {\n  width: 44px;\n  height: 44px;\n  line-height: 44px;\n  border-radius: 100px;\n  margin: -22px 0 0 -22px;\n  border-width: 0px;\n  color: #ffffff;\n}\n.bottom-overlap-layout-list.blog-shortcode.blog-masonry-shortcode-id-225080e9ed576458b25259554c87e594 .gallery-zoom-ico {\n  margin-top: -72px;\n}\n.gradient-overlay-layout-list.blog-shortcode.blog-masonry-shortcode-id-225080e9ed576458b25259554c87e594 .gallery-zoom-ico,\n.content-rollover-layout-list.blog-shortcode.blog-masonry-shortcode-id-225080e9ed576458b25259554c87e594 .gallery-zoom-ico {\n  margin: 0 0 10px;\n}\n.content-align-center.gradient-overlay-layout-list.blog-shortcode.blog-masonry-shortcode-id-225080e9ed576458b25259554c87e594 .gallery-zoom-ico,\n.content-align-center.content-rollover-layout-list.blog-shortcode.blog-masonry-shortcode-id-225080e9ed576458b25259554c87e594 .gallery-zoom-ico {\n  margin: 0 auto 10px;\n}\n.dt-icon-bg-on.blog-shortcode.blog-masonry-shortcode-id-225080e9ed576458b25259554c87e594 .gallery-zoom-ico {\n  background: rgba(255,255,255,0.3);\n  box-shadow: none;\n}\n.blog-shortcode.blog-masonry-shortcode-id-225080e9ed576458b25259554c87e594 .gallery-zoom-ico > span,\n.blog-shortcode.blog-masonry-shortcode-id-225080e9ed576458b25259554c87e594 .gallery-zoom-ico:before {\n  font-size: 32px;\n  line-height: 44px;\n}\n.blog-shortcode.blog-masonry-shortcode-id-225080e9ed576458b25259554c87e594 .gallery-zoom-ico > span,\n.blog-shortcode.blog-masonry-shortcode-id-225080e9ed576458b25259554c87e594 .gallery-zoom-ico:before {\n  color: #ffffff;\n}\n.blog-shortcode.blog-masonry-shortcode-id-225080e9ed576458b25259554c87e594 .entry-title,\n.blog-shortcode.blog-masonry-shortcode-id-225080e9ed576458b25259554c87e594.owl-carousel .entry-title {\n  margin-bottom: 5px;\n  font-weight: bold;\n}\n.blog-shortcode.blog-masonry-shortcode-id-225080e9ed576458b25259554c87e594 .entry-meta {\n  margin-bottom: 15px;\n}\n.blog-shortcode.blog-masonry-shortcode-id-225080e9ed576458b25259554c87e594 .portfolio-categories {\n  margin-bottom: 15px;\n}\n.blog-shortcode.blog-masonry-shortcode-id-225080e9ed576458b25259554c87e594 .entry-excerpt {\n  margin-bottom: 5px;\n}\n.blog-shortcode.blog-masonry-shortcode-id-225080e9ed576458b25259554c87e594:not(.centered-layout-list) .post-entry-content {\n  padding: 25px 30px 30px 30px;\n}\n.blog-shortcode.blog-masonry-shortcode-id-225080e9ed576458b25259554c87e594:not(.centered-layout-list):not(.content-bg-on):not(.mode-list) .no-img .post-entry-content {\n  padding: 0;\n}\n@media screen and (max-width: ) {\n  .blog-shortcode.blog-masonry-shortcode-id-225080e9ed576458b25259554c87e594 article {\n    -ms-flex-flow: column nowrap;\n    flex-flow: column nowrap;\n    margin-top: 20px;\n  }\n  .blog-shortcode.blog-masonry-shortcode-id-225080e9ed576458b25259554c87e594.dividers-on article {\n    border: none;\n  }\n  .blog-shortcode.blog-masonry-shortcode-id-225080e9ed576458b25259554c87e594.content-bg-on.centered-layout-list article {\n    padding: 0;\n  }\n  .blog-shortcode.blog-masonry-shortcode-id-225080e9ed576458b25259554c87e594.blog-shortcode.dividers-on article,\n  .blog-shortcode.blog-masonry-shortcode-id-225080e9ed576458b25259554c87e594.dividers-on.classic-layout-list article {\n    margin-top: 20px;\n    padding: 0;\n  }\n  .blog-shortcode.blog-masonry-shortcode-id-225080e9ed576458b25259554c87e594.blog-shortcode.dividers-on article:first-of-type,\n  .blog-shortcode.blog-masonry-shortcode-id-225080e9ed576458b25259554c87e594.dividers-on.classic-layout-list article:first-of-type {\n    padding: 0;\n  }\n  #page .blog-shortcode.blog-masonry-shortcode-id-225080e9ed576458b25259554c87e594 .post-thumbnail-wrap,\n  #page .blog-shortcode.blog-masonry-shortcode-id-225080e9ed576458b25259554c87e594 .post-entry-content {\n    width: 100%;\n    margin: 0;\n    top: 0;\n  }\n  #page .blog-shortcode.blog-masonry-shortcode-id-225080e9ed576458b25259554c87e594 .post-thumbnail-wrap {\n    padding: 0;\n  }\n  #page .blog-shortcode.blog-masonry-shortcode-id-225080e9ed576458b25259554c87e594 .post-entry-content:after {\n    display: none;\n  }\n  #page .blog-shortcode.blog-masonry-shortcode-id-225080e9ed576458b25259554c87e594 .project-even .post-thumbnail-wrap,\n  #page .blog-shortcode.blog-masonry-shortcode-id-225080e9ed576458b25259554c87e594.centered-layout-list .post-thumbnail-wrap {\n    -ms-flex-order: 0;\n    order: 0;\n  }\n  #page .blog-shortcode.blog-masonry-shortcode-id-225080e9ed576458b25259554c87e594.centered-layout-list .post-entry-title-content {\n    -ms-flex-order: 1;\n    order: 1;\n    width: 100%;\n    padding: 20px 20px 0;\n  }\n  #page .blog-shortcode.blog-masonry-shortcode-id-225080e9ed576458b25259554c87e594.centered-layout-list .post-entry-content {\n    -ms-flex-order: 2;\n    order: 2;\n    padding-top: 0;\n  }\n  #page .blog-shortcode.blog-masonry-shortcode-id-225080e9ed576458b25259554c87e594 .fancy-categories {\n    top: 10px;\n    left: 10px;\n    bottom: auto;\n    right: auto;\n  }\n  #page .blog-shortcode.blog-masonry-shortcode-id-225080e9ed576458b25259554c87e594 .fancy-date a {\n    top: 10px;\n    right: 10px;\n    left: auto;\n    bottom: auto;\n  }\n  #page .blog-shortcode.blog-masonry-shortcode-id-225080e9ed576458b25259554c87e594 .post-entry-content {\n    padding: 20px;\n  }\n  #page .blog-shortcode.blog-masonry-shortcode-id-225080e9ed576458b25259554c87e594 .entry-title {\n    margin: 3px 0 5px;\n    font-size: 20px;\n    line-height: 26px;\n  }\n  #page .blog-shortcode.blog-masonry-shortcode-id-225080e9ed576458b25259554c87e594 .entry-meta {\n    margin: 5px 0 5px;\n  }\n  #page .blog-shortcode.blog-masonry-shortcode-id-225080e9ed576458b25259554c87e594 .entry-excerpt {\n    margin: 15px 0 0;\n  }\n  #page .blog-shortcode.blog-masonry-shortcode-id-225080e9ed576458b25259554c87e594 .post-details {\n    margin: 5px 0 10px;\n  }\n  #page .blog-shortcode.blog-masonry-shortcode-id-225080e9ed576458b25259554c87e594 .post-details.details-type-link {\n    margin-bottom: 2px;\n  }\n}\n<\/style><div class=\"blog-shortcode blog-masonry-shortcode-id-225080e9ed576458b25259554c87e594 mode-masonry classic-layout-list content-bg-on jquery-filter scale-img dt-icon-bg-off resize-by-browser-width loading-effect-none description-under-image \" data-padding=\"15px\" data-cur-page=\"1\" data-post-limit=\"-1\" data-pagination-mode=\"none\" data-desktop-columns-num=\"4\" data-v-tablet-columns-num=\"2\" data-h-tablet-columns-num=\"3\" data-phone-columns-num=\"1\" data-width=\"0px\" data-columns=\"0\"><div class=\"iso-container\" ><div class=\"visible wf-cell iso-item\" data-post-id=\"449\" data-date=\"2020-07-21T11:12:29+02:00\" data-name=\"Vorstandswahl 2020\"><article class=\"post project-odd visible post-449 type-post status-publish format-standard has-post-thumbnail hentry category-veranstaltungsrueckblick category-17\" data-name=\"Vorstandswahl 2020\" data-date=\"2020-07-21T11:12:29+02:00\">\n\n<div class=\"post-thumbnail-wrap\">\n\t<div class=\"post-thumbnail\">\n\t\t\n\t\t\n\t\t<a href=\"https:\/\/www.bds-bayern.de\/hohenbrunn-riemerling\/vorstandswahl-2020\/\" class=\"post-thumbnail-rollover layzr-bg layzr-bg\" ><img fetchpriority=\"high\" decoding=\"async\" class=\"iso-lazy-load preload-me iso-lazy-load aspect\" src=\"data:image\/svg+xml,%3Csvg%20xmlns%3D&#39;http%3A%2F%2Fwww.w3.org%2F2000%2Fsvg&#39;%20viewBox%3D&#39;0%200%20768%20512&#39;%2F%3E\" data-src=\"https:\/\/www.bds-bayern.de\/hohenbrunn-riemerling\/wp-content\/uploads\/sites\/37\/2020\/10\/Blog-Bild-Fuehrungsechsel-1-768x512.jpg\" data-srcset=\"https:\/\/www.bds-bayern.de\/hohenbrunn-riemerling\/wp-content\/uploads\/sites\/37\/2020\/10\/Blog-Bild-Fuehrungsechsel-1-768x512.jpg 768w, https:\/\/www.bds-bayern.de\/hohenbrunn-riemerling\/wp-content\/uploads\/sites\/37\/2020\/10\/Blog-Bild-Fuehrungsechsel-1-1152x768.jpg 1152w\" loading=\"eager\" style=\"--ratio: 768 \/ 512\" sizes=\"(max-width: 768px) 100vw, 768px\" alt=\"Wechsel des Vorstandsvorsitzenden\" title=\"Neuer Vorstand\" width=\"768\" height=\"512\"  \/><\/a>\t<\/div>\n<\/div>\n\n\n<div class=\"post-entry-content\">\n\n\t<h3 class=\"entry-title\">\n\t\t<a href=\"https:\/\/www.bds-bayern.de\/hohenbrunn-riemerling\/vorstandswahl-2020\/\" title=\"Vorstandswahl 2020\" rel=\"bookmark\">Vorstandswahl 2020<\/a>\n\t<\/h3>\n\n\t<div class=\"entry-meta\"><span class=\"category-link\"><a href=\"https:\/\/www.bds-bayern.de\/hohenbrunn-riemerling\/category\/veranstaltungsrueckblick\/\" >Veranstaltungsr\u00fcckblick<\/a><\/span><a class=\"author vcard\" href=\"https:\/\/www.bds-bayern.de\/hohenbrunn-riemerling\/author\/semmerling\/\" title=\"Zeige alle Beitr\u00e4ge von semmerling\" rel=\"author\">Von <span class=\"fn\">semmerling<\/span><\/a><a href=\"https:\/\/www.bds-bayern.de\/hohenbrunn-riemerling\/2020\/07\/21\/\" title=\"11:12\" class=\"data-link\" rel=\"bookmark\"><time class=\"entry-date updated\" datetime=\"2020-07-21T11:12:29+02:00\">21. Juli 2020<\/time><\/a><a href=\"https:\/\/www.bds-bayern.de\/hohenbrunn-riemerling\/vorstandswahl-2020\/#respond\" class=\"comment-link\" >Kommentar hinterlassen<\/a><\/div>\n\t<div class=\"entry-excerpt\"><p>Turnusgem\u00e4\u00df alle drei Jahre musste der Gewerbeverband Hohenbrunn &amp; Riemerling in diesem Jahr seinen Vorstand neu w\u00e4hlen. Entgegen der letzten Wahl waren dieses Mal auch einige personelle Ver\u00e4nderungen notwendig geworden, viel Bew\u00e4hrtes blieb aber auch wie gehabt. So veranstaltete der Gewerbeverband \u2013 selbstverst\u00e4ndlich unter Einhaltung der aktuellen Hygienevorschriften \u2013 seine diesj\u00e4hrige Jahreshauptversammlung am 13. Juli&hellip;<\/p>\n<\/div>\n\t\n<a href=\"https:\/\/www.bds-bayern.de\/hohenbrunn-riemerling\/vorstandswahl-2020\/\" class=\"post-details details-type-link\" aria-label=\"Read more about Vorstandswahl 2020\">Read more<i class=\"dt-icon-the7-arrow-03\" aria-hidden=\"true\"><\/i><\/a>\n\n<\/div><\/article><\/div><div class=\"visible wf-cell iso-item\" data-post-id=\"466\" data-date=\"2020-02-05T23:53:59+01:00\" data-name=\"Podiumsdiskussion\"><article class=\"post project-odd visible post-466 type-post status-publish format-standard has-post-thumbnail hentry category-veranstaltungsrueckblick tag-buergermeister tag-podiumsdiskussion tag-wahl category-17\" data-name=\"Podiumsdiskussion\" data-date=\"2020-02-05T23:53:59+01:00\">\n\n<div class=\"post-thumbnail-wrap\">\n\t<div class=\"post-thumbnail\">\n\t\t\n\t\t\n\t\t<a href=\"https:\/\/www.bds-bayern.de\/hohenbrunn-riemerling\/466-2\/\" class=\"post-thumbnail-rollover layzr-bg layzr-bg\" ><img decoding=\"async\" class=\"iso-lazy-load preload-me iso-lazy-load aspect\" src=\"data:image\/svg+xml,%3Csvg%20xmlns%3D&#39;http%3A%2F%2Fwww.w3.org%2F2000%2Fsvg&#39;%20viewBox%3D&#39;0%200%20768%20512&#39;%2F%3E\" data-src=\"https:\/\/www.bds-bayern.de\/hohenbrunn-riemerling\/wp-content\/uploads\/sites\/37\/2020\/11\/Blog-Bild-Podiumsdiskussion-768x512.jpg\" data-srcset=\"https:\/\/www.bds-bayern.de\/hohenbrunn-riemerling\/wp-content\/uploads\/sites\/37\/2020\/11\/Blog-Bild-Podiumsdiskussion-768x512.jpg 768w, https:\/\/www.bds-bayern.de\/hohenbrunn-riemerling\/wp-content\/uploads\/sites\/37\/2020\/11\/Blog-Bild-Podiumsdiskussion-1152x768.jpg 1152w\" loading=\"eager\" style=\"--ratio: 768 \/ 512\" sizes=\"(max-width: 768px) 100vw, 768px\" alt=\"Publikum Podiumsdiskussion\" title=\"Podiumsdiskussion\" width=\"768\" height=\"512\"  \/><\/a>\t<\/div>\n<\/div>\n\n\n<div class=\"post-entry-content\">\n\n\t<h3 class=\"entry-title\">\n\t\t<a href=\"https:\/\/www.bds-bayern.de\/hohenbrunn-riemerling\/466-2\/\" title=\"Podiumsdiskussion\" rel=\"bookmark\">Podiumsdiskussion<\/a>\n\t<\/h3>\n\n\t<div class=\"entry-meta\"><span class=\"category-link\"><a href=\"https:\/\/www.bds-bayern.de\/hohenbrunn-riemerling\/category\/veranstaltungsrueckblick\/\" >Veranstaltungsr\u00fcckblick<\/a><\/span><a class=\"author vcard\" href=\"https:\/\/www.bds-bayern.de\/hohenbrunn-riemerling\/author\/semmerling\/\" title=\"Zeige alle Beitr\u00e4ge von semmerling\" rel=\"author\">Von <span class=\"fn\">semmerling<\/span><\/a><a href=\"https:\/\/www.bds-bayern.de\/hohenbrunn-riemerling\/2020\/02\/05\/\" title=\"23:53\" class=\"data-link\" rel=\"bookmark\"><time class=\"entry-date updated\" datetime=\"2020-02-05T23:53:59+01:00\">5. Februar 2020<\/time><\/a><a href=\"https:\/\/www.bds-bayern.de\/hohenbrunn-riemerling\/466-2\/#respond\" class=\"comment-link\" >Kommentar hinterlassen<\/a><\/div>\n\t<div class=\"entry-excerpt\"><p>3 Kandidaten \u2013 eine B\u00fchne \u2013 riesige Resonanz bei der Podiumsdiskussion am 05.02.2020 &nbsp; Der Gewerbeverband hat eingeladen und alle sind gekommen. Zum einen die drei B\u00fcrgermeisterkandidaten\/-kandidatinnen von Hohenbrunn (Dr. Stefan Stra\u00dfmair \u2013 Amtsinhaber von der CSU, Anke Lunemann von B90\/Die Gr\u00fcnen und Pauline Miller vom B\u00fcrgerforum-\u00dcWG\/FW). Zum anderen aber auch gut 250 Zuh\u00f6rerinnen und&hellip;<\/p>\n<\/div>\n\t\n<a href=\"https:\/\/www.bds-bayern.de\/hohenbrunn-riemerling\/466-2\/\" class=\"post-details details-type-link\" aria-label=\"Read more about Podiumsdiskussion\">Read more<i class=\"dt-icon-the7-arrow-03\" aria-hidden=\"true\"><\/i><\/a>\n\n<\/div><\/article><\/div><\/div><!-- iso-container|iso-grid --><\/div>[\/vc_column][\/vc_row]<\/p>\n<\/div>","protected":false},"excerpt":{"rendered":"<p>[vc_row][vc_column][vc_column_text]Sie finden hier den R\u00fcckblick auf ausgew\u00e4hlte Veranstaltungen des Ortsverband Hohenbrunn-Riemerling. Viel Spa\u00df beim st\u00f6bern und lassen Sie sich Lust auf die kommenden Veranstaltungen machen.[\/vc_column_text][\/vc_column][\/vc_row][vc_row][vc_column][\/vc_column][\/vc_row]<\/p>\n","protected":false},"author":36,"featured_media":0,"parent":20,"menu_order":0,"comment_status":"closed","ping_status":"closed","template":"","meta":{"footnotes":""},"class_list":["post-441","page","type-page","status-publish","hentry","description-off"],"_links":{"self":[{"href":"https:\/\/www.bds-bayern.de\/hohenbrunn-riemerling\/wp-json\/wp\/v2\/pages\/441","targetHints":{"allow":["GET"]}}],"collection":[{"href":"https:\/\/www.bds-bayern.de\/hohenbrunn-riemerling\/wp-json\/wp\/v2\/pages"}],"about":[{"href":"https:\/\/www.bds-bayern.de\/hohenbrunn-riemerling\/wp-json\/wp\/v2\/types\/page"}],"author":[{"embeddable":true,"href":"https:\/\/www.bds-bayern.de\/hohenbrunn-riemerling\/wp-json\/wp\/v2\/users\/36"}],"replies":[{"embeddable":true,"href":"https:\/\/www.bds-bayern.de\/hohenbrunn-riemerling\/wp-json\/wp\/v2\/comments?post=441"}],"version-history":[{"count":6,"href":"https:\/\/www.bds-bayern.de\/hohenbrunn-riemerling\/wp-json\/wp\/v2\/pages\/441\/revisions"}],"predecessor-version":[{"id":456,"href":"https:\/\/www.bds-bayern.de\/hohenbrunn-riemerling\/wp-json\/wp\/v2\/pages\/441\/revisions\/456"}],"up":[{"embeddable":true,"href":"https:\/\/www.bds-bayern.de\/hohenbrunn-riemerling\/wp-json\/wp\/v2\/pages\/20"}],"wp:attachment":[{"href":"https:\/\/www.bds-bayern.de\/hohenbrunn-riemerling\/wp-json\/wp\/v2\/media?parent=441"}],"curies":[{"name":"wp","href":"https:\/\/api.w.org\/{rel}","templated":true}]}}