{"id":28,"date":"2019-03-06T12:01:49","date_gmt":"2019-03-06T11:01:49","guid":{"rendered":"https:\/\/www.bds-bayern.de\/maisach\/?page_id=28"},"modified":"2026-03-14T12:22:17","modified_gmt":"2026-03-14T11:22:17","slug":"gewerbeverband-maisach","status":"publish","type":"page","link":"https:\/\/www.bds-bayern.de\/maisach\/gewerbeverband-maisach\/","title":{"rendered":"Gewerbeverband Maisach"},"content":{"rendered":"<div class=\"wpb-content-wrapper\"><p>[vc_row][vc_column width=&#8220;1\/2&#8243;][vc_column_text]<\/p>\n<h1 style=\"margin: 0cm;margin-bottom: .0001pt;line-height: 22.5pt;background: white;vertical-align: baseline\"><span style=\"font-size: 22.5pt;font-family: 'Open Sans',sans-serif;color: #4578bb;font-weight: normal\">Gewerbeverband Maisach <\/span><\/h1>\n<p>[\/vc_column_text][vc_single_image image=&#8220;573&#8243; img_size=&#8220;medium&#8220;][\/vc_column][vc_column width=&#8220;1\/2&#8243;][vc_column_text css=&#8220;&#8220;]Ulrich Feicht, 1. Vorsitzender<br \/>\nLindenstr. 6 in 82216 Maisach<br \/>\nTelefon: <a href=\"tel:0814190412\" target=\"_blank\" rel=\"noopener\">+49 8141-90412<\/a><br \/>\nEmail: <a href=\"mailto:info@maisach-gewerbe.de\" target=\"_blank\" rel=\"noopener\">info@maisach-<\/a><a href=\"mailto:info@maisach-gewerbe.de\" target=\"_blank\" rel=\"noopener\">gewerbe<\/a><a href=\"mailto:info@maisach-gewerbe.de\" target=\"_blank\" rel=\"noopener\">.de<\/a>[\/vc_column_text][\/vc_column][\/vc_row][vc_row][vc_column][vc_separator color=&#8220;blue&#8220;][\/vc_column][\/vc_row][vc_row][vc_column width=&#8220;1\/2&#8243;][vc_column_text]<\/p>\n<h2 style=\"line-height: 18.75pt;background: white;vertical-align: baseline;margin: 0cm 0cm 11.25pt 0cm\"><b><span style=\"font-size: 16.0pt;font-family: 'Open Sans',sans-serif;color: #4578bb\">Ihre Ansprechpartner:<\/span><\/b><\/h2>\n<p>[\/vc_column_text][\/vc_column][vc_column width=&#8220;1\/2&#8243;][\/vc_column][\/vc_row][vc_row][vc_column width=&#8220;1\/4&#8243;]<div class=\"ult-team-member-wrap ult-style-1  \"><div class=\"ult-team-member-image\" style=\"\"> <img decoding=\"async\" class=\"\" src=\"https:\/\/www.bds-bayern.de\/maisach\/wp-content\/uploads\/sites\/62\/2023\/09\/uli-feicht.jpg\" alt=\"null\"  style=\"\"><span class=\"ult-team-member-image-overlay \"  ><\/span><\/div><div class=\"ult-team-member-bio-wrap style-1 ultimate-heading69e281de20c42\" style=\"text-align:center;; \"><div class=\"ult-team-member-name-wrap\"><h2 class=\"ult-team-member-name ult-responsive\"  data-ultimate-target='.ult-team-member-bio-wrap.ultimate-heading69e281de20c42 .ult-team-member-name'  data-responsive-json-new='{\"font-size\":\"\",\"line-height\":\"\"}'  style=\"\">Uli Feicht<\/h2><div class=\"ult-team-member-position ult-responsive\"  data-ultimate-target='.ult-team-member-bio-wrap.ultimate-heading69e281de20c42 .ult-team-member-position'  data-responsive-json-new='{\"font-size\":\"\",\"line-height\":\"\"}'  style=\"\">1. Vorsitzender<\/div><div style=\"margin-bottom:15px\"><\/div><\/div><\/div><\/div>[\/vc_column][vc_column width=&#8220;1\/4&#8243;]<div class=\"ult-team-member-wrap ult-style-1  \"><div class=\"ult-team-member-image\" style=\"\"> <img decoding=\"async\" class=\"\" src=\"https:\/\/www.bds-bayern.de\/maisach\/wp-content\/uploads\/sites\/62\/2023\/09\/evi-huttenloher.jpg\" alt=\"null\"  style=\"\"><span class=\"ult-team-member-image-overlay \"  ><\/span><\/div><div class=\"ult-team-member-bio-wrap style-1 ultimate-heading69e281de20cc5\" style=\"text-align:center;; \"><div class=\"ult-team-member-name-wrap\"><h2 class=\"ult-team-member-name ult-responsive\"  data-ultimate-target='.ult-team-member-bio-wrap.ultimate-heading69e281de20cc5 .ult-team-member-name'  data-responsive-json-new='{\"font-size\":\"\",\"line-height\":\"\"}'  style=\"\">Evi Huttenloher<\/h2><div class=\"ult-team-member-position ult-responsive\"  data-ultimate-target='.ult-team-member-bio-wrap.ultimate-heading69e281de20cc5 .ult-team-member-position'  data-responsive-json-new='{\"font-size\":\"\",\"line-height\":\"\"}'  style=\"\">2. Vorsitzende<\/div><div style=\"margin-bottom:15px\"><\/div><\/div><\/div><\/div>[\/vc_column][vc_column width=&#8220;1\/4&#8243;]<div class=\"ult-team-member-wrap ult-style-1  \"><div class=\"ult-team-member-image\" style=\"\"> <img decoding=\"async\" class=\"\" src=\"https:\/\/www.bds-bayern.de\/maisach\/wp-content\/uploads\/sites\/62\/2024\/06\/matthias-becker.jpg\" alt=\"Matthias Becker\"  style=\"\"><span class=\"ult-team-member-image-overlay \"  ><\/span><\/div><div class=\"ult-team-member-bio-wrap style-1 ultimate-heading69e281de20dc6\" style=\"text-align:center;; \"><div class=\"ult-team-member-name-wrap\"><h2 class=\"ult-team-member-name ult-responsive\"  data-ultimate-target='.ult-team-member-bio-wrap.ultimate-heading69e281de20dc6 .ult-team-member-name'  data-responsive-json-new='{\"font-size\":\"\",\"line-height\":\"\"}'  style=\"\">Matthias Becker<\/h2><div class=\"ult-team-member-position ult-responsive\"  data-ultimate-target='.ult-team-member-bio-wrap.ultimate-heading69e281de20dc6 .ult-team-member-position'  data-responsive-json-new='{\"font-size\":\"\",\"line-height\":\"\"}'  style=\"\">Kassenwart<\/div><div style=\"margin-bottom:15px\"><\/div><\/div><\/div><\/div>[\/vc_column][vc_column width=&#8220;1\/4&#8243;]<div class=\"ult-team-member-wrap ult-style-1  \"><div class=\"ult-team-member-image\" style=\"\"> <img decoding=\"async\" class=\"\" src=\"https:\/\/www.bds-bayern.de\/maisach\/wp-content\/uploads\/sites\/62\/2024\/06\/norman.dombo-2.jpg\" alt=\"Norman Dombo\"  style=\"\"><span class=\"ult-team-member-image-overlay \"  ><\/span><\/div><div class=\"ult-team-member-bio-wrap style-1 ultimate-heading69e281de20f02\" style=\"text-align:center;; \"><div class=\"ult-team-member-name-wrap\"><h2 class=\"ult-team-member-name ult-responsive\"  data-ultimate-target='.ult-team-member-bio-wrap.ultimate-heading69e281de20f02 .ult-team-member-name'  data-responsive-json-new='{\"font-size\":\"\",\"line-height\":\"\"}'  style=\"\">Norman Dombo<\/h2><div class=\"ult-team-member-position ult-responsive\"  data-ultimate-target='.ult-team-member-bio-wrap.ultimate-heading69e281de20f02 .ult-team-member-position'  data-responsive-json-new='{\"font-size\":\"\",\"line-height\":\"\"}'  style=\"\">Schriftf\u00fchrer<\/div><div style=\"margin-bottom:15px\"><\/div><\/div><\/div><\/div>[\/vc_column][\/vc_row][vc_row][vc_column][vc_column_text css=&#8220;&#8220;]<\/p>\n<h2 style=\"text-align: center\"><strong>SAVE THE DATE<\/strong><strong><br \/>\n<\/strong><span style=\"color: #ff0000\"><strong>Maisacher Sommer-Markt am 12. Juli 2026<\/strong><\/span><\/h2>\n<p style=\"text-align: center\">Die M\u00e4rkte in der Ortsmitte von Maisach sorgen f\u00fcr ein abwechslungsreiches Programm f\u00fcr die ganze Familie.<\/p>\n<p style=\"text-align: center\">Der Gewerbeverband Maisach setzt sich seit vielen Jahren f\u00fcr die Interessen der \u00f6rtlichen Unternehmen und Gewerbetreibenden ein.<br \/>\nDurch die Organisation von Veranstaltungen wie dem Sommer- und Herbstmarkt f\u00f6rdert der Verband die Gemeinschaft und unterst\u00fctzt die lokale Wirtschaft.<\/p>\n<p style=\"text-align: center\"><strong><span style=\"color: #ff0000\">F\u00fcr 2026 suchen wir musikalische Unterst\u00fctzung.<br \/>\nIhr habt Bock auf Euren Auftritt am Marktsonntag?<br \/>\n<\/span><\/strong><strong><span style=\"color: #ff0000\">Ihr k\u00f6nnt z\u00fcnftig oder fetzig Menschen musikalisch in Euren Bann ziehen?<\/span><\/strong><br \/>\n<strong><span style=\"color: #ff0000\">Schreibt uns an <a style=\"color: #ff0000\" href=\"mailto:markt@maisach-gewerbe.de\">markt@maisach-gewerbe.de<\/a><\/span><\/strong><strong><span style=\"color: #ff0000\"> unter dem Stichwort: MUSIK<br \/>\nTeilt uns mit, wer Ihr seid, was Ihr spielt und wie wir in Kontakt treten.<\/span><\/strong><\/p>\n<p style=\"text-align: center\">Auch ein besonderes Event tr\u00e4gt zur Attraktivit\u00e4t bei. Z\u00f6gere nicht, Kontakt mit uns aufzunehmen.<br \/>\nDu kennst Akteure, die gerne dabei w\u00e4ren? Nenne uns Deine Empfehlung.<br \/>\nWir freuen uns auf freundliche Anregungen, die die Attraktivit\u00e4t unserer M\u00e4rkte<br \/>\nf\u00fcr Fieranten wie Besucher steigern k\u00f6nnen.<\/p>\n<h3 style=\"text-align: center\">Verbinde Dein Smartphone mit dem entsprechendem QR-Code oder<br \/>\nklicke drauf, um dem Link zu folgen:<\/h3>\n<p>[\/vc_column_text][\/vc_column][\/vc_row][vc_row][vc_column][vc_single_image image=&#8220;810&#8243; img_size=&#8220;medium&#8220; alignment=&#8220;center&#8220; onclick=&#8220;custom_link&#8220; img_link_target=&#8220;_blank&#8220; css=&#8220;&#8220; link=&#8220;https:\/\/forms.office.com\/e\/qv1tZv1vgR&#8220;][\/vc_column][\/vc_row][vc_row][vc_column][vc_column_text css=&#8220;&#8220;]<\/p>\n<p style=\"text-align: center\">&#8230; oder hier entsprechende Anmeldung downloaden:<\/p>\n<p style=\"text-align: center\"><a href=\"https:\/\/www.bds-bayern.de\/maisach\/wp-content\/uploads\/sites\/62\/2025\/12\/Fieranten-mit-Regeln-digital-2026.pdf\">Fieranten mit Regeln-digital-2026<\/a> (Anmeldung Fieranten\/Aussteller)<\/p>\n<p style=\"text-align: center\"><a href=\"https:\/\/www.bds-bayern.de\/maisach\/wp-content\/uploads\/sites\/62\/2025\/12\/maisacher-geschaefte-digital-2026.pdf\">maisacher-gesch\u00e4fte-digital-2026<\/a> (Anmeldung Maisacher Ladengesch\u00e4fte)<\/p>\n<p style=\"text-align: center\"><a href=\"https:\/\/www.bds-bayern.de\/maisach\/wp-content\/uploads\/sites\/62\/2025\/12\/maisacher-vereine-digital-2026.pdf\">maisacher-vereine-digital-2026<\/a>\u00a0Anmeldung Maisacher Vereine<\/p>\n<p style=\"text-align: center\"><span style=\"color: #ff0000\"><strong>Weitere Terminank\u00fcndigungen:<\/strong> <\/span><br \/>\nSTAMMTISCH am 25.03.2026<br \/>\nHier anmelden: <a href=\"https:\/\/forms.office.com\/e\/hcBHJB1k7M\">BDS\/WGM Teilnahme am Stammtisch \u2013 Formular ausf\u00fcllen<\/a><\/p>\n<p style=\"text-align: center\">Jahreshauptversammlung am 22.04.26<br \/>\nHier anmelden: <a href=\"https:\/\/forms.office.com\/e\/PJBa5iHLzJ\">Jahreshauptversammlung BDS\/WGM 2026 \u2013 Formular ausf\u00fcllen<\/a><\/p>\n<p>Du bist Maisacher UnternehmerIn und\/oder betreibst ein Gesch\u00e4ft?<\/p>\n<p>Du willst Mitglied unserer Gemeinsaft werden?<\/p>\n<p>Hier die Downloads f\u00fcr die Mitgliedschaft in der Werbegemeinschaft Maisach und beim BDS:<\/p>\n<p>Werbegemeinschaft: <a href=\"https:\/\/www.bds-bayern.de\/maisach\/wp-content\/uploads\/sites\/62\/2025\/07\/Beitrittserklaerung_WGM-2025.pdf\">Beitrittserklaerung_WGM-2025<\/a><\/p>\n<p>BDS Gewerbeverband:<a href=\"https:\/\/www.bds-bayern.de\/maisach\/wp-content\/uploads\/sites\/62\/2026\/02\/beitrittserklaerung-2026.pdf\">beitrittserklaerung-2026<\/a>[\/vc_column_text][\/vc_column][\/vc_row]<\/p>\n<\/div>","protected":false},"excerpt":{"rendered":"<p>[vc_row][vc_column width=&#8220;1\/2&#8243;][vc_column_text] Gewerbeverband Maisach [\/vc_column_text][vc_single_image image=&#8220;573&#8243; img_size=&#8220;medium&#8220;][\/vc_column][vc_column width=&#8220;1\/2&#8243;][vc_column_text css=&#8220;&#8220;]Ulrich Feicht, 1. Vorsitzender Lindenstr. 6 in 82216 Maisach Telefon: +49 8141-90412 Email: info@maisach-gewerbe.de[\/vc_column_text][\/vc_column][\/vc_row][vc_row][vc_column][vc_separator color=&#8220;blue&#8220;][\/vc_column][\/vc_row][vc_row][vc_column width=&#8220;1\/2&#8243;][vc_column_text] Ihre Ansprechpartner: [\/vc_column_text][\/vc_column][vc_column width=&#8220;1\/2&#8243;][\/vc_column][\/vc_row][vc_row][vc_column width=&#8220;1\/4&#8243;][\/vc_column][vc_column width=&#8220;1\/4&#8243;][\/vc_column][vc_column width=&#8220;1\/4&#8243;][\/vc_column][vc_column width=&#8220;1\/4&#8243;][\/vc_column][\/vc_row][vc_row][vc_column][vc_column_text css=&#8220;&#8220;] SAVE THE DATE Maisacher Sommer-Markt am 12. Juli 2026 Die M\u00e4rkte in der Ortsmitte von Maisach sorgen f\u00fcr ein abwechslungsreiches Programm f\u00fcr&hellip;<\/p>\n","protected":false},"author":1,"featured_media":0,"parent":0,"menu_order":0,"comment_status":"closed","ping_status":"closed","template":"","meta":{"footnotes":""},"class_list":["post-28","page","type-page","status-publish","hentry","description-off"],"_links":{"self":[{"href":"https:\/\/www.bds-bayern.de\/maisach\/wp-json\/wp\/v2\/pages\/28","targetHints":{"allow":["GET"]}}],"collection":[{"href":"https:\/\/www.bds-bayern.de\/maisach\/wp-json\/wp\/v2\/pages"}],"about":[{"href":"https:\/\/www.bds-bayern.de\/maisach\/wp-json\/wp\/v2\/types\/page"}],"author":[{"embeddable":true,"href":"https:\/\/www.bds-bayern.de\/maisach\/wp-json\/wp\/v2\/users\/1"}],"replies":[{"embeddable":true,"href":"https:\/\/www.bds-bayern.de\/maisach\/wp-json\/wp\/v2\/comments?post=28"}],"version-history":[{"count":80,"href":"https:\/\/www.bds-bayern.de\/maisach\/wp-json\/wp\/v2\/pages\/28\/revisions"}],"predecessor-version":[{"id":823,"href":"https:\/\/www.bds-bayern.de\/maisach\/wp-json\/wp\/v2\/pages\/28\/revisions\/823"}],"wp:attachment":[{"href":"https:\/\/www.bds-bayern.de\/maisach\/wp-json\/wp\/v2\/media?parent=28"}],"curies":[{"name":"wp","href":"https:\/\/api.w.org\/{rel}","templated":true}]}}