{"id":595,"date":"2023-01-30T19:30:01","date_gmt":"2023-01-30T18:30:01","guid":{"rendered":"https:\/\/www.bds-bayern.de\/olching\/?page_id=595"},"modified":"2023-02-02T10:48:00","modified_gmt":"2023-02-02T09:48:00","slug":"informationen-vom-gewerbeverband-olching-fuer-olchinger-unternehmer","status":"publish","type":"page","link":"https:\/\/www.bds-bayern.de\/olching\/gewerbeverband-olching\/informationen-vom-gewerbeverband-olching-fuer-olchinger-unternehmer\/","title":{"rendered":"Informationen vom Gewerbeverband Olching f\u00fcr Unternehmer"},"content":{"rendered":"<h2>Der Gewerbeverband Olching weist auf die aktuelle Studie der CIMA hin.<\/h2>\n<h2>Viel Erkenntnisse aus der Studie lassen sich f\u00fcr die Planung und Umbau in der Stadt Olching verwenden.<\/h2>\n<h2>Auszugsweise stellen wir hier wichtige Eckdaten zur Verf\u00fcgung:<\/h2>\n<p>&nbsp;<\/p>\n<h2>cima.monitor Deutschlandstudie Innenstadt 2022<\/h2>\n<p><img loading=\"lazy\" decoding=\"async\" class=\"alignnone wp-image-610\" src=\"https:\/\/www.bds-bayern.de\/olching\/wp-content\/uploads\/sites\/56\/2023\/02\/cima-studie-innenstadt-214x300.png\" alt=\"\" width=\"281\" height=\"394\" srcset=\"https:\/\/www.bds-bayern.de\/olching\/wp-content\/uploads\/sites\/56\/2023\/02\/cima-studie-innenstadt-214x300.png 214w, https:\/\/www.bds-bayern.de\/olching\/wp-content\/uploads\/sites\/56\/2023\/02\/cima-studie-innenstadt-731x1024.png 731w, https:\/\/www.bds-bayern.de\/olching\/wp-content\/uploads\/sites\/56\/2023\/02\/cima-studie-innenstadt-768x1075.png 768w, https:\/\/www.bds-bayern.de\/olching\/wp-content\/uploads\/sites\/56\/2023\/02\/cima-studie-innenstadt.png 980w\" sizes=\"auto, (max-width: 281px) 100vw, 281px\" \/><\/p>\n<div class=\"et_pb_module et_pb_text et_pb_text_2 et_pb_text_align_left et_pb_bg_layout_light\">\n<div class=\"et_pb_text_inner\">\n<h2>Ergebnisse \u2013 was nun in die Waagschale muss<\/h2>\n<\/div>\n<\/div>\n<div class=\"et_pb_module et_pb_text et_pb_text_3 et_pb_text_align_left et_pb_bg_layout_light\">Schwarz auf wei\u00df geht aus der Untersuchung hervor, ein bedeutender Teil der Menschheit wird unter den derzeitigen Voraussetzungen nicht mehr in die Innenst\u00e4dte zur\u00fcckkehren \u2013 es droht ein dauerhafter Besuchsverlust von 20 Prozent, insbesondere in Kleinst\u00e4dten mit bis zu 10.0000 Einwohner*innen. Besonders die \u00e4lteren, kaufkr\u00e4ftigeren B\u00fcrger*innen bleiben k\u00fcnftig der City fern. Ein Einbruch, der kaum zu verkraften w\u00e4re. Schnelles und entschlossenes Eingreifen ist dringend geboten.<\/div>\n<div><\/div>\n<div>Die Zahlen belegen: zwar stehen die Einkaufsm\u00f6glichkeiten bei der Bewertung der Attraktivit\u00e4tsfaktoren noch immer an der Spitze, dennoch sinkt deren Bedeutung. Stattdessen gewinnen die Faktoren Stadtgr\u00fcn, Gastronomie, Sauberkeit und Aufenthaltsqualit\u00e4t. Dass eine attraktive Innenstadt sich durch Einkaufsm\u00f6glichkeiten auszeichnet, geben insbesondere unter 30-J\u00e4hrige immer seltener an \u2013 hier ein Minus von 35 Prozent. Fragt man die B\u00fcrger*innen, so w\u00fcnschen sie sich einen gr\u00f6\u00dferen Mix an Angeboten, \u00fcber Gesundheitsdienstleistungen bis zu Bildungseinrichtungen. Dar\u00fcber hinaus besteht der gro\u00dfe Wunsch nach Zonen zum Ausruhen und Verweilen.<\/div>\n<div><a href=\"https:\/\/cimamonitor.de\/deutschlandstudie-innenstadt\/\">https:\/\/cimamonitor.de\/deutschlandstudie-innenstadt\/<\/a><\/div>\n<div><\/div>\n<h2><strong><span id=\"page1357R_mcid1959\" class=\"markedContent\"><span dir=\"ltr\" role=\"presentation\">Gr\u00fcn, Sauberkeit, Gastronomie<\/span><\/span><span id=\"page1357R_mcid1960\" class=\"markedContent\"><\/span><span id=\"page1357R_mcid1961\" class=\"markedContent\"> <span dir=\"ltr\" role=\"presentation\">und Aufenthalts<\/span><span dir=\"ltr\" role=\"presentation\">qualit\u00e4t<\/span><\/span><span id=\"page1357R_mcid1962\" class=\"markedContent\"><\/span><span id=\"page1357R_mcid1963\" class=\"markedContent\"> <span dir=\"ltr\" role=\"presentation\">sind Entwicklungsschl\u00fcssel<\/span><\/span><span id=\"page1357R_mcid1964\" class=\"markedContent\"><br role=\"presentation\" \/><span dir=\"ltr\" role=\"presentation\">Aufenthalt erleichtern und verl\u00e4ngern:<\/span><\/span><span id=\"page1357R_mcid1965\" class=\"markedContent\"><span dir=\"ltr\" role=\"presentation\">Neue Gestaltqualit\u00e4ten gefragt<\/span><\/span><\/strong><span id=\"page1357R_mcid1966\" class=\"markedContent\"><\/span><\/h2>\n<div><span id=\"page1357R_mcid1966\" class=\"markedContent\"><br role=\"presentation\" \/><span dir=\"ltr\" role=\"presentation\">Z<\/span><\/span><span id=\"page1357R_mcid1967\" class=\"markedContent\"><span dir=\"ltr\" role=\"presentation\">war stehen Einkaufsm\u00f6glichkeiten bei der Bewer<\/span><\/span><span id=\"page1357R_mcid1969\" class=\"markedContent\"><span dir=\"ltr\" role=\"presentation\">tung der Attraktivit\u00e4ts-Faktoren noch immer an<\/span><\/span><span id=\"page1357R_mcid1970\" class=\"markedContent\"><br role=\"presentation\" \/><span dir=\"ltr\" role=\"presentation\">der Spitze \u2013 deren Bedeutung sinkt aber kontinu<\/span><\/span><span id=\"page1357R_mcid1972\" class=\"markedContent\"><span dir=\"ltr\" role=\"presentation\">ierlich. An die Spitze r\u00fccken stattdessen (bis zu drei<\/span><\/span><span id=\"page1357R_mcid1973\" class=\"markedContent\"><br role=\"presentation\" \/><span dir=\"ltr\" role=\"presentation\">Nennungen waren insgesamt m\u00f6glich) die<\/span><\/span><span id=\"page1357R_mcid1974\" class=\"markedContent\"> <span dir=\"ltr\" role=\"presentation\">Faktoren <\/span><\/span><span id=\"page1357R_mcid1975\" class=\"markedContent\"><span dir=\"ltr\" role=\"presentation\">Stadtgr\u00fcn,<\/span> <span dir=\"ltr\" role=\"presentation\">Gastronomie,<\/span> <span dir=\"ltr\" role=\"presentation\">Sauberkeit<\/span> <span dir=\"ltr\" role=\"presentation\">und<\/span> <span dir=\"ltr\" role=\"presentation\">Aufent<\/span><\/span><span id=\"page1357R_mcid1976\" class=\"markedContent\"><span dir=\"ltr\" role=\"presentation\">&#8211;<\/span><\/span><span id=\"page1357R_mcid1977\" class=\"markedContent\"><br role=\"presentation\" \/><span dir=\"ltr\" role=\"presentation\">U<\/span><\/span><span id=\"page1357R_mcid1978\" class=\"markedContent\"><span dir=\"ltr\" role=\"presentation\">m aufzuschl\u00fcsseln, was unter oben angesproche<\/span><\/span><span id=\"page1357R_mcid1980\" class=\"markedContent\"><span dir=\"ltr\" role=\"presentation\">ner Aufenthaltsqualit\u00e4t zu verstehen ist, wurden<\/span><\/span><span id=\"page1357R_mcid1981\" class=\"markedContent\"><br role=\"presentation\" \/><span dir=\"ltr\" role=\"presentation\">den Befragten konkrete Rahmenbedingungen zur Aus<\/span><\/span><span id=\"page1357R_mcid1983\" class=\"markedContent\"><span dir=\"ltr\" role=\"presentation\">wahl vorgegeben, wobei auch hier die Antwortm\u00f6g<\/span><\/span><span id=\"page1357R_mcid1984\" class=\"markedContent\"><span dir=\"ltr\" role=\"presentation\">&#8211;<\/span><\/span><span id=\"page1357R_mcid1985\" class=\"markedContent\"><br role=\"presentation\" \/><span dir=\"ltr\" role=\"presentation\">lichkeiten nach ihrer Wichtigkeit bewertet wurden. Im<\/span><\/span><span id=\"page1357R_mcid1986\" class=\"markedContent\"> <span dir=\"ltr\" role=\"presentation\">haltsqualit\u00e4t.<\/span><\/span><span id=\"page1357R_mcid1987\" class=\"markedContent\"> <span dir=\"ltr\" role=\"presentation\">W\u00e4hrend bei den \u00fcber 50-J\u00e4hrigen der<\/span><\/span><span id=\"page1357R_mcid1988\" class=\"markedContent\"><br role=\"presentation\" \/><span dir=\"ltr\" role=\"presentation\">Einkauf mit 63 Prozent noch unangefochten an der<\/span><\/span><span id=\"page1357R_mcid1989\" class=\"markedContent\"> <span dir=\"ltr\" role=\"presentation\">Spitze steht, legen die unter 30-j\u00e4hrigen Befragten<\/span><\/span><span id=\"page1357R_mcid1990\" class=\"markedContent\"><br role=\"presentation\" \/><span dir=\"ltr\" role=\"presentation\">neben den Einkaufsm\u00f6glichkeiten (40<\/span> <span dir=\"ltr\" role=\"presentation\">%) ihren Fokus<\/span><\/span><span id=\"page1357R_mcid1991\" class=\"markedContent\"> <span dir=\"ltr\" role=\"presentation\">auf Sauberkeit und Gepflegtheit (22<\/span> <span dir=\"ltr\" role=\"presentation\">%).<\/span><\/span><\/div>\n<div><\/div>\n<h2><strong><span id=\"page1357R_mcid1964\" class=\"markedContent\"><span dir=\"ltr\" role=\"presentation\">Aufenthalt erleichtern und verl\u00e4ngern:<\/span><\/span><span id=\"page1357R_mcid1965\" class=\"markedContent\"> <span dir=\"ltr\" role=\"presentation\">Neue Gestaltqualit\u00e4ten gefragt<\/span><\/span><\/strong><span id=\"page1357R_mcid1966\" class=\"markedContent\"><\/span><\/h2>\n<div><span id=\"page1357R_mcid1966\" class=\"markedContent\"><br role=\"presentation\" \/><span dir=\"ltr\" role=\"presentation\">Z<\/span><\/span><span id=\"page1357R_mcid1967\" class=\"markedContent\"><span dir=\"ltr\" role=\"presentation\">war stehen Einkaufsm\u00f6glichkeiten bei der Bewer<\/span><\/span><span id=\"page1357R_mcid1969\" class=\"markedContent\"><span dir=\"ltr\" role=\"presentation\">tung der Attraktivit\u00e4ts-Faktoren noch immer an<\/span><\/span><span id=\"page1357R_mcid1970\" class=\"markedContent\"><br role=\"presentation\" \/><span dir=\"ltr\" role=\"presentation\">der Spitze \u2013 deren Bedeutung sinkt aber kontinu<\/span><\/span><span id=\"page1357R_mcid1972\" class=\"markedContent\"><span dir=\"ltr\" role=\"presentation\">ierlich. An die Spitze r\u00fccken stattdessen (bis zu drei<\/span><\/span><span id=\"page1357R_mcid1973\" class=\"markedContent\"><br role=\"presentation\" \/><span dir=\"ltr\" role=\"presentation\">Nennungen waren insgesamt m\u00f6glich) die<\/span><\/span><span id=\"page1357R_mcid1974\" class=\"markedContent\"> <span dir=\"ltr\" role=\"presentation\">Faktoren<\/span><\/span><span id=\"page1357R_mcid1975\" class=\"markedContent\"> <span dir=\"ltr\" role=\"presentation\">Stadtgr\u00fcn,<\/span> <span dir=\"ltr\" role=\"presentation\">Gastronomie,<\/span> <span dir=\"ltr\" role=\"presentation\">Sauberkeit<\/span> <span dir=\"ltr\" role=\"presentation\">und<\/span> <span dir=\"ltr\" role=\"presentation\">Aufent<\/span><\/span><span id=\"page1357R_mcid1976\" class=\"markedContent\"><span dir=\"ltr\" role=\"presentation\">&#8211;<\/span><\/span><span id=\"page1357R_mcid1977\" class=\"markedContent\"><br role=\"presentation\" \/><span dir=\"ltr\" role=\"presentation\">U<\/span><\/span><span id=\"page1357R_mcid1978\" class=\"markedContent\"><span dir=\"ltr\" role=\"presentation\">m aufzuschl\u00fcsseln, was unter oben angesproche<\/span><\/span><span id=\"page1357R_mcid1980\" class=\"markedContent\"><span dir=\"ltr\" role=\"presentation\">ner Aufenthaltsqualit\u00e4t zu verstehen ist, wurden<\/span><\/span><span id=\"page1357R_mcid1981\" class=\"markedContent\"><br role=\"presentation\" \/><span dir=\"ltr\" role=\"presentation\">den Befragten konkrete Rahmenbedingungen zur Aus<\/span><\/span><span id=\"page1357R_mcid1983\" class=\"markedContent\"><span dir=\"ltr\" role=\"presentation\">wahl vorgegeben, wobei auch hier die Antwortm\u00f6g<\/span><\/span><span id=\"page1357R_mcid1984\" class=\"markedContent\"><span dir=\"ltr\" role=\"presentation\">&#8211;<\/span><\/span><span id=\"page1357R_mcid1985\" class=\"markedContent\"><br role=\"presentation\" \/><span dir=\"ltr\" role=\"presentation\">lichkeiten nach ihrer Wichtigkeit bewertet wurden. Im<\/span><\/span><span id=\"page1357R_mcid1986\" class=\"markedContent\"> <span dir=\"ltr\" role=\"presentation\">haltsqualit\u00e4t.<\/span><\/span><span id=\"page1357R_mcid1987\" class=\"markedContent\"> <span dir=\"ltr\" role=\"presentation\">W\u00e4hrend bei den \u00fcber 50-J\u00e4hrigen der<\/span><\/span><span id=\"page1357R_mcid1988\" class=\"markedContent\"><br role=\"presentation\" \/><span dir=\"ltr\" role=\"presentation\">Einkauf mit 63 Prozent noch unangefochten an der<\/span><\/span><span id=\"page1357R_mcid1989\" class=\"markedContent\"> <span dir=\"ltr\" role=\"presentation\">Spitze steht, legen die unter 30-j\u00e4hrigen Befragten<\/span><\/span><span id=\"page1357R_mcid1990\" class=\"markedContent\"><br role=\"presentation\" \/><span dir=\"ltr\" role=\"presentation\">neben den Einkaufsm\u00f6glichkeiten (40<\/span> <span dir=\"ltr\" role=\"presentation\">%) ihren Fokus<\/span><\/span><span id=\"page1357R_mcid1991\" class=\"markedContent\"> <span dir=\"ltr\" role=\"presentation\">auf Sauberkeit und Gepflegtheit (22<\/span> <span dir=\"ltr\" role=\"presentation\">%).<\/span><\/span><span id=\"page1357R_mcid1992\" class=\"markedContent\"><br role=\"presentation\" \/><span dir=\"ltr\" role=\"presentation\">Ergebnis stehen an der Spitze der Gesamtschau der<\/span><\/span><span id=\"page1357R_mcid1993\" class=\"markedContent\"> <span dir=\"ltr\" role=\"presentation\">Wunsch nach<\/span><\/span><span id=\"page1357R_mcid1994\" class=\"markedContent\"> <span dir=\"ltr\" role=\"presentation\">Sitzgelegenheiten und B\u00e4nken<\/span><\/span><span id=\"page1357R_mcid1995\" class=\"markedContent\"> <span dir=\"ltr\" role=\"presentation\">(92,6<\/span> <span dir=\"ltr\" role=\"presentation\">%)<\/span><\/span><span id=\"page1357R_mcid1996\" class=\"markedContent\"><br role=\"presentation\" \/><span dir=\"ltr\" role=\"presentation\">zusammen mit<\/span><\/span><span id=\"page1357R_mcid1997\" class=\"markedContent\"> <span dir=\"ltr\" role=\"presentation\">Orten zum Ausruhen<\/span><\/span><span id=\"page1357R_mcid1998\" class=\"markedContent\"> <span dir=\"ltr\" role=\"presentation\">(92,6<\/span> <span dir=\"ltr\" role=\"presentation\">%). Darauf<\/span><\/span><span id=\"page1357R_mcid1999\" class=\"markedContent\"> <span dir=\"ltr\" role=\"presentation\">folgen Gr\u00fcnfl\u00e4chen und B\u00e4ume (90,9<\/span> <span dir=\"ltr\" role=\"presentation\">%) sowie Barrie<\/span><\/span><span id=\"page1357R_mcid2000\" class=\"markedContent\"><span dir=\"ltr\" role=\"presentation\">&#8211;<\/span><\/span><span id=\"page1357R_mcid2001\" class=\"markedContent\"><br role=\"presentation\" \/><span dir=\"ltr\" role=\"presentation\">refreiheit und Fu\u00dfg\u00e4ngerfreundlichkeit (90,7<\/span> <span dir=\"ltr\" role=\"presentation\">%).<\/span><\/span><\/div>\n<h2><strong><span id=\"page1381R_mcid2005\" class=\"markedContent\"><span dir=\"ltr\" role=\"presentation\">\u00d6ffentliche Toiletten als banale<\/span><\/span><span id=\"page1381R_mcid2006\" class=\"markedContent\"><\/span><span id=\"page1381R_mcid2007\" class=\"markedContent\"> <span dir=\"ltr\" role=\"presentation\">Notwendigkeit \u2013 Coworking-Spaces <\/span><\/span><span id=\"page1381R_mcid2009\" class=\"markedContent\"><span dir=\"ltr\" role=\"presentation\">als Sinnbild f\u00fcr Ver\u00e4nderung<\/span><\/span><\/strong><span id=\"page1381R_mcid2010\" class=\"markedContent\"><\/span><\/h2>\n<p><span id=\"page1381R_mcid2010\" class=\"markedContent\"><span dir=\"ltr\" role=\"presentation\">A<\/span><\/span><span id=\"page1381R_mcid2011\" class=\"markedContent\"><span dir=\"ltr\" role=\"presentation\">uch nach erg\u00e4nzenden Angeboten in den Zen<\/span><\/span><span id=\"page1381R_mcid2013\" class=\"markedContent\"><span dir=\"ltr\" role=\"presentation\">tren wurde gefragt \u2013 ganz vorne landete dabei<\/span><\/span><span id=\"page1381R_mcid2014\" class=\"markedContent\"><br role=\"presentation\" \/><span dir=\"ltr\" role=\"presentation\">der Wunsch nach \u00f6ffentlichen Toiletten (89,7<\/span> <span dir=\"ltr\" role=\"presentation\">%).<\/span><\/span><span id=\"page1381R_mcid2015\" class=\"markedContent\"> <span dir=\"ltr\" role=\"presentation\">Weiterhin stehen der Zugang zu \u00c4rzt*innen und<\/span><\/span><span id=\"page1381R_mcid2016\" class=\"markedContent\"><br role=\"presentation\" \/><span dir=\"ltr\" role=\"presentation\">Gesund<\/span><\/span><span id=\"page1381R_mcid2017\" class=\"markedContent\"><span dir=\"ltr\" role=\"presentation\">heitsdienstleistungen (87,7<\/span> <span dir=\"ltr\" role=\"presentation\">%) sowie \u00d6ffentli<\/span><\/span><span id=\"page1381R_mcid2019\" class=\"markedContent\"><span dir=\"ltr\" role=\"presentation\">che Ein<\/span><span dir=\"ltr\" role=\"presentation\">richtungen,<\/span><\/span><span id=\"page1381R_mcid2020\" class=\"markedContent\"> <span dir=\"ltr\" role=\"presentation\">\u00c4mter und Beh\u00f6rden (83,3<\/span> <span dir=\"ltr\" role=\"presentation\">%) und<\/span><\/span><span id=\"page1381R_mcid2021\" class=\"markedContent\"><br role=\"presentation\" \/><span dir=\"ltr\" role=\"presentation\">Bildungsangebote<\/span> <span dir=\"ltr\" role=\"presentation\">(75,0%)<\/span> <span dir=\"ltr\" role=\"presentation\">sowohl<\/span> <span dir=\"ltr\" role=\"presentation\">f\u00fcr<\/span> <span dir=\"ltr\" role=\"presentation\">junge<\/span> <span dir=\"ltr\" role=\"presentation\">Men<\/span><\/span><span id=\"page1381R_mcid2023\" class=\"markedContent\"><span dir=\"ltr\" role=\"presentation\">schen als auch Senior*innen an der Spitze. Unter<\/span><\/span><span id=\"page1381R_mcid2024\" class=\"markedContent\"><span dir=\"ltr\" role=\"presentation\">&#8211;<\/span><\/span><span id=\"page1381R_mcid2025\" class=\"markedContent\"><br role=\"presentation\" \/><span dir=\"ltr\" role=\"presentation\">schiede in Bezug auf die Regionalklassen sind hier<\/span><\/span><span id=\"page1381R_mcid2026\" class=\"markedContent\"> <span dir=\"ltr\" role=\"presentation\">kaum festzustellen. Markant allerdings in Bezug<\/span><\/span><span id=\"page1381R_mcid2027\" class=\"markedContent\"><br role=\"presentation\" \/><span dir=\"ltr\" role=\"presentation\">auf die Altersklassen: Mehr als die H\u00e4lfte der Young<\/span><\/span><span id=\"page1381R_mcid2028\" class=\"markedContent\"> <span dir=\"ltr\" role=\"presentation\">Generation w\u00fcnscht sich Coworking-Spaces, ein<\/span><\/span><span id=\"page1381R_mcid2029\" class=\"markedContent\"><\/span><span id=\"page1381R_mcid2030\" class=\"markedContent\"><\/span><span id=\"page1381R_mcid2031\" class=\"markedContent\"><br role=\"presentation\" \/><span dir=\"ltr\" role=\"presentation\">Begriff, der sich erst in den vergangenen f\u00fcnf bis zehn<\/span><\/span><span id=\"page1381R_mcid2032\" class=\"markedContent\"> <span dir=\"ltr\" role=\"presentation\">Jahren im Vokabular f\u00fcr unsere Arbeitswelt etabliert hat.<\/span><\/span><span id=\"page1381R_mcid2033\" class=\"markedContent\"><br role=\"presentation\" \/><span dir=\"ltr\" role=\"presentation\">Was nicht \u201ewegdigitalisiert\u201c werden kann, ist innen<\/span><\/span><span id=\"page1381R_mcid2035\" class=\"markedContent\"><span dir=\"ltr\" role=\"presentation\">stadtrelevant: In zweiter Kategorie sehen die Befrag<\/span><\/span><span id=\"page1381R_mcid2036\" class=\"markedContent\"><span dir=\"ltr\" role=\"presentation\">&#8211;<\/span><\/span><span id=\"page1381R_mcid2037\" class=\"markedContent\"><br role=\"presentation\" \/><span dir=\"ltr\" role=\"presentation\">ten \u201eproduzierende Unternehmen, \u201aHandwerk mit gl\u00e4<\/span><\/span><span id=\"page1381R_mcid2039\" class=\"markedContent\"><span dir=\"ltr\" role=\"presentation\">sernen Werkst\u00e4tten\u2018\u201d als wichtige bzw. sehr wichtige<\/span><\/span><span id=\"page1381R_mcid2040\" class=\"markedContent\"><br role=\"presentation\" \/><span dir=\"ltr\" role=\"presentation\">Angebote einer attraktiven Innenstadt an. Es mag ange<\/span><\/span><span id=\"page1381R_mcid2042\" class=\"markedContent\"><span dir=\"ltr\" role=\"presentation\">sichts baurechtlicher Auflagen und mitunter \u00fcberzo<\/span><\/span><span id=\"page1381R_mcid2043\" class=\"markedContent\"><span dir=\"ltr\" role=\"presentation\">&#8211;<\/span><\/span><span id=\"page1381R_mcid2044\" class=\"markedContent\"><br role=\"presentation\" \/><span dir=\"ltr\" role=\"presentation\">gener L\u00e4rmschutzvorgaben ein romanti<\/span><\/span><span id=\"page1381R_mcid2045\" class=\"markedContent\"><span dir=\"ltr\" role=\"presentation\">sches Zerrbild<\/span><\/span><span id=\"page1381R_mcid2046\" class=\"markedContent\"> <span dir=\"ltr\" role=\"presentation\">sein, wieder vermehrt Manufakturen und Werkst\u00e4tten<\/span><\/span><span id=\"page1381R_mcid2047\" class=\"markedContent\"><br role=\"presentation\" \/><span dir=\"ltr\" role=\"presentation\">innerst\u00e4dtisch anzutreffen, dainter steckt jedoch ein<\/span><\/span><span id=\"page1381R_mcid2048\" class=\"markedContent\"> <span dir=\"ltr\" role=\"presentation\">tiefes Bed\u00fcrfnis der B\u00fcrger*innen nach einer \u201eStadt<\/span><\/span><span id=\"page1381R_mcid2049\" class=\"markedContent\"><br role=\"presentation\" \/><span dir=\"ltr\" role=\"presentation\">zum Anfassen\u201c: Einer Stadt, in der Handwerk als Aus<\/span><\/span><span id=\"page1381R_mcid2051\" class=\"markedContent\"><span dir=\"ltr\" role=\"presentation\">druck f\u00fcr Lebendigkeit und das analoge Leben steht.<\/span><\/span><span id=\"page1381R_mcid2052\" class=\"markedContent\"><br role=\"presentation\" \/><span dir=\"ltr\" role=\"presentation\">Um die, durch die zur\u00fcckgehende Bedeutung des<\/span><\/span><span id=\"page1381R_mcid2053\" class=\"markedContent\"> <span dir=\"ltr\" role=\"presentation\">Handels entstehende \u201eFrequenzl\u00fccke\u201c zu schlie\u00dfen<\/span><\/span><span id=\"page1381R_mcid2054\" class=\"markedContent\"><br role=\"presentation\" \/><span dir=\"ltr\" role=\"presentation\">bedarf es zus\u00e4tzlicher, substanzieller Besuchs<\/span><span dir=\"ltr\" role=\"presentation\">motive<\/span><\/span><span id=\"page1381R_mcid2055\" class=\"markedContent\"> <span dir=\"ltr\" role=\"presentation\">und Angebote. Die gut gestalteten Pl\u00e4tze, Gr\u00fcn und<\/span><\/span><span id=\"page1381R_mcid2056\" class=\"markedContent\"><br role=\"presentation\" \/><span dir=\"ltr\" role=\"presentation\">B\u00e4nke bieten das gute Ambiente, verl\u00e4ngern die Ver<\/span><\/span><span id=\"page1381R_mcid2058\" class=\"markedContent\"><span dir=\"ltr\" role=\"presentation\">weildauer, machen sie angenehmer, sind aber in den<\/span><\/span><span id=\"page1381R_mcid2059\" class=\"markedContent\"><br role=\"presentation\" \/><span dir=\"ltr\" role=\"presentation\">seltensten F\u00e4llen impulsgebender Besuchsanlass.<\/span><\/span><\/p>\n<p><strong><span id=\"page1381R_mcid2061\" class=\"markedContent\"><span dir=\"ltr\" role=\"presentation\">MEDIZIN, BEH\u00d6RDEN UND SCHULEN ALS FREQUENZPARTNER DES HANDELS<\/span><\/span><\/strong><\/p>\n<p><strong><span id=\"page1381R_mcid2062\" class=\"markedContent\"><span dir=\"ltr\" role=\"presentation\">Welche sonstigen Angebote m\u00fcssen Ihnen attraktive Innenst\u00e4dte konkret bieten?<\/span><\/span><\/strong><\/p>\n<p><img loading=\"lazy\" decoding=\"async\" class=\"alignnone wp-image-612\" src=\"https:\/\/www.bds-bayern.de\/olching\/wp-content\/uploads\/sites\/56\/2023\/02\/cima-innenstadt-1-300x149.jpg\" alt=\"\" width=\"532\" height=\"264\" srcset=\"https:\/\/www.bds-bayern.de\/olching\/wp-content\/uploads\/sites\/56\/2023\/02\/cima-innenstadt-1-300x149.jpg 300w, https:\/\/www.bds-bayern.de\/olching\/wp-content\/uploads\/sites\/56\/2023\/02\/cima-innenstadt-1.jpg 594w\" sizes=\"auto, (max-width: 532px) 100vw, 532px\" \/><\/p>\n<p>&nbsp;<\/p>\n","protected":false},"excerpt":{"rendered":"<p>Der Gewerbeverband Olching weist auf die aktuelle Studie der CIMA hin. Viel Erkenntnisse aus der Studie lassen sich f\u00fcr die Planung und Umbau in der Stadt Olching verwenden. Auszugsweise stellen wir hier wichtige Eckdaten zur Verf\u00fcgung: &nbsp; cima.monitor Deutschlandstudie Innenstadt 2022 Ergebnisse \u2013 was nun in die Waagschale muss Schwarz auf wei\u00df geht aus der&hellip;<\/p>\n","protected":false},"author":62,"featured_media":0,"parent":28,"menu_order":0,"comment_status":"closed","ping_status":"closed","template":"","meta":{"footnotes":""},"class_list":["post-595","page","type-page","status-publish","hentry","description-off"],"_links":{"self":[{"href":"https:\/\/www.bds-bayern.de\/olching\/wp-json\/wp\/v2\/pages\/595","targetHints":{"allow":["GET"]}}],"collection":[{"href":"https:\/\/www.bds-bayern.de\/olching\/wp-json\/wp\/v2\/pages"}],"about":[{"href":"https:\/\/www.bds-bayern.de\/olching\/wp-json\/wp\/v2\/types\/page"}],"author":[{"embeddable":true,"href":"https:\/\/www.bds-bayern.de\/olching\/wp-json\/wp\/v2\/users\/62"}],"replies":[{"embeddable":true,"href":"https:\/\/www.bds-bayern.de\/olching\/wp-json\/wp\/v2\/comments?post=595"}],"version-history":[{"count":8,"href":"https:\/\/www.bds-bayern.de\/olching\/wp-json\/wp\/v2\/pages\/595\/revisions"}],"predecessor-version":[{"id":615,"href":"https:\/\/www.bds-bayern.de\/olching\/wp-json\/wp\/v2\/pages\/595\/revisions\/615"}],"up":[{"embeddable":true,"href":"https:\/\/www.bds-bayern.de\/olching\/wp-json\/wp\/v2\/pages\/28"}],"wp:attachment":[{"href":"https:\/\/www.bds-bayern.de\/olching\/wp-json\/wp\/v2\/media?parent=595"}],"curies":[{"name":"wp","href":"https:\/\/api.w.org\/{rel}","templated":true}]}}