{"id":28,"date":"2020-11-18T12:01:49","date_gmt":"2020-11-18T11:01:49","guid":{"rendered":"https:\/\/www.bds-bayern.de\/aschau-am-inn\/?page_id=28"},"modified":"2026-01-15T11:15:55","modified_gmt":"2026-01-15T10:15:55","slug":"bds-einkaufsgutschein","status":"publish","type":"page","link":"https:\/\/www.bds-bayern.de\/ortsverband-aschau\/bds-einkaufsgutschein\/","title":{"rendered":"BDS Einkaufsgutschein"},"content":{"rendered":"<div class=\"wpb-content-wrapper\"><p>[vc_row][vc_column width=&#8220;1\/2&#8243;][vc_column_text]<\/p>\n<h1 style=\"margin: 0cm;margin-bottom: .0001pt;line-height: 22.5pt;background: white;vertical-align: baseline\"><span style=\"font-size: 22.5pt;font-family: 'Open Sans',sans-serif;color: #4578bb;font-weight: normal\">Ortsverband Aschau am Inn<\/span><\/h1>\n<p>[\/vc_column_text][vc_single_image image=&#8220;414&#8243; img_size=&#8220;medium&#8220;][\/vc_column][vc_column width=&#8220;1\/2&#8243;][vc_column_text]Georg Ametsbichler<br \/>\nHauptstra\u00dfe 13<\/p>\n<p>84544 Aschau a. Inn<\/p>\n<p>Tel: 08638\/3204<\/p>\n<p>Fax: 08638\/954199<br \/>\nEmail: <a href=\"mailto:aschauer.bier@ametsbichler.de\">aschauer.bier@ametsbichler.de<\/a>[\/vc_column_text][\/vc_column][\/vc_row][vc_row][vc_column][vc_column_text css=&#8220;&#8220;]<img loading=\"lazy\" decoding=\"async\" class=\"alignnone size-medium wp-image-435\" src=\"https:\/\/www.bds-bayern.de\/ortsverband-aschau\/wp-content\/uploads\/sites\/42\/2020\/11\/BDS-Einkaufsgutschein-VS-10EU-300x161.png\" alt=\"\" width=\"300\" height=\"161\" srcset=\"https:\/\/www.bds-bayern.de\/ortsverband-aschau\/wp-content\/uploads\/sites\/42\/2020\/11\/BDS-Einkaufsgutschein-VS-10EU-300x161.png 300w, https:\/\/www.bds-bayern.de\/ortsverband-aschau\/wp-content\/uploads\/sites\/42\/2020\/11\/BDS-Einkaufsgutschein-VS-10EU-1024x549.png 1024w, https:\/\/www.bds-bayern.de\/ortsverband-aschau\/wp-content\/uploads\/sites\/42\/2020\/11\/BDS-Einkaufsgutschein-VS-10EU-768x412.png 768w, https:\/\/www.bds-bayern.de\/ortsverband-aschau\/wp-content\/uploads\/sites\/42\/2020\/11\/BDS-Einkaufsgutschein-VS-10EU.png 1279w\" sizes=\"auto, (max-width: 300px) 100vw, 300px\" \/><\/p>\n<p><a href=\"https:\/\/www.bds-bayern.de\/ortsverband-aschau\"><strong>BDS Einkaufsgutschein &#8211; Teilnehmende Betriebe<\/strong><\/a><\/p>\n<p><strong>BDS Einkaufsgutschein &#8211; Ablauf<\/strong><\/p>\n<p><strong>Der BDS Einkaufsgutschein wird ab 01.01.2026 durch den digitalen Aschauer Gutschein ersetzt und k\u00f6nnen im BDS B\u00fcro, Hauptstr. 13, 84544 Aschau umgetauscht werden.<\/strong><\/p>\n<p>Wegen des Lockdowns gibt es den BDS Einkaufsgutschein nun per Post: Sie schreiben uns Ihre Bestellung per Brief oder eMail an Aschauer.Bier@ametsbichler.de und wir schicken Ihnen Ihre BDS Einkaufsgutscheine per Post.<\/p>\n<p>Den BDS Einkaufsgutschein k\u00f6nnen Sie auch bei Post, Lotto und Schreibwaren Augustin im Don Bosco Laden, Hauptstr. 10, erhalten. Bitte die aktuellen Corona-Auflagen beachten.<\/p>\n<p>Den BDS Einkaufsgutschein k\u00f6nnen Sie bei der Gemeindeverwaltung in Aschau erwerben. Corona bedingt m\u00fcssen Sie hier vorher einen Termin vereinbaren.<\/p>\n<p>Gr\u00f6\u00dfere Mengen k\u00f6nnen auch direkt beim BDS, Georg Ametsbichler, bestellt und abgeholt werden. Bitte Corona-Auflagen beachten.<\/p>\n<p>&nbsp;<\/p>\n<p><strong>BDS Einkaufsgutschein \u2013 Fragen und Antworten<\/strong><\/p>\n<p>Was versteht man unter dem BDS Einkaufsgutschein?<br \/>\n&#8211; Der BDS Einkaufsgutschein ist ein bargeldloses Zahlungsmittel, mit dem bei den teilnehmenden Firmen in Aschau eingekauft werden kann.<\/p>\n<p>Wer hatte die Idee zum BDS Einkaufsgutschein?<br \/>\n&#8211; Die Idee zum BDS Einkaufsgutschein wurde zur Unterst\u00fctzung von Betrieben in der Corona-Krise vom Gewerbeverband Aschau und der Gemeinde ins Leben gerufen und soll nun auf alle regionalen Betriebe ausgeweitet werden. Durch diese Aktion unterst\u00fctzen wir die regionalen Betriebe am Ort, um die \u00f6rtliche Lebensqualit\u00e4t zu sichern, zu st\u00e4rken und zu f\u00f6rdern.<\/p>\n<p>Wer tr\u00e4gt die Kosten des BDS Einkaufsgutscheines?<br \/>\n&#8211; die entstehenden Kosten dieser Aktion tr\u00e4gt der Gewerbeverband Aschau. Auf die Gemeinde und die teilnehmenden Betriebe kommen keine Kosten zu!<\/p>\n<p>Was, bzw. Wer ist der Gewerbeverband Aschau?<br \/>\n&#8211; Der Gewerbeverband Aschau ist ein kleiner Verband aus gewerbetreibenden Firmen<br \/>\naus Aschau, die zusammen mit verschieden Aktion die Aschauer Betrieben st\u00e4rken und deren Image nach Au\u00dfen st\u00e4rken und pflegen wollen. In einem gemeinsamen Auftreten kann man mehr bewegen, als ein alleinstehender Betrieb. Gemeinsam sind wir stark.<\/p>\n<p>Wo ist der BDS Einkaufsgutschein erh\u00e4ltlich?<br \/>\n&#8211; Erh\u00e4ltlich ist der BDS Einkaufsgutschein f\u00fcr alle B\u00fcrger und Firmen bei der Gemeinde in Aschau, Poststelle Augustin und beim Gewerbeverband. Hier sind wir aber auch noch auf der Suche nach geeigneten Partnern, die uns beim Verkauf der Gutscheine m\u00f6glichst neutral unterst\u00fctzen k\u00f6nnen.<\/p>\n<p>Welchen Wert hat der BDS Einkaufsgutschein?<br \/>\n&#8211; Den BDS Einkaufsgutschein gibt es im Wert von 10\u20ac und 20\u20ac. Der Gewerbeverband Aschau ist nicht der erste Gewerbeverband, der eine solche Gutscheinaktion einf\u00fchrt. Hierbei haben sich diese beiden Werte als ideal herauskristallisiert und deshalb werden auch wir damit starten.<\/p>\n<p>Wo kann man den BDS Einkaufsgutschein einl\u00f6sen?<br \/>\n&#8211; Eingel\u00f6st werden k\u00f6nnen die Gutscheine zum Start schon bei aktuell 40 teilnehmenden<br \/>\nBetrieben in Aschau und Umgebung. Diese sind durch einen Aufkleber an den Gesch\u00e4ften, durch Ver\u00f6ffentlichung in einem Flyer, durch einen QR-Code auf den Gutscheinen und auf Homepage vom Gewerbeverband und der Gemeinde ersichtlich. Da jederzeit weitere Betriebe einsteigen k\u00f6nnen, hoffen wir, dass wir noch eine gr\u00f6\u00dfere Anzahl an Firmen hierf\u00fcr begeistern k\u00f6nnen.<\/p>\n<p>Wie lange l\u00e4uft die Gutscheinaktion?<br \/>\n&#8211; Der Gewerbeverband Aschau erhofft sich eine gro\u00dfe Akzeptanz dieser Aktion und dass der Gutschein eine Erfolgsgeschichte in Aschau wird. Deshalb soll dies eine Dauereinrichtung werden.<\/p>\n<p>Wie lange gilt die Mindestlaufzeit f\u00fcr die Gutscheine?<br \/>\n&#8211; Offiziell hat ein Gutschein eine Laufzeit von 3 Jahren. Jeder Betrieb kann aber auch \u00e4ltere Gutscheine annehmen, da sie den kompletten Gegenwert des<br \/>\nGutscheinens auch wiedererstattet bekommen.<\/p>\n<p>Kann ich eine Rechnung vom Gewerbeverband f\u00fcr gekaufte Gutscheine bekommen?<br \/>\n&#8211; Ja, ab dem Start der Gutscheine kann der Gewerbeverband Aschau auch eine notwendige Rechnung hierf\u00fcr ausstellen.<\/p>\n<p>Gibt es einen Mengenrabatt beim Kauf von Gutscheinen?<br \/>\n&#8211; Nein, da dieser dann vom Gewerbeverband getragen werden m\u00fcsste und hierf\u00fcr aber nicht die Mittel zur Verf\u00fcgung stehen.<\/p>\n<p>Wo und wie erfolgt die Erstattung der eingel\u00f6sten Gutscheine?<br \/>\n&#8211; Die teilnehmenden Firmen sammeln die Gutscheine (damit nicht jeder einzeln ausgezahlt werden muss) und l\u00f6sen die Original-Gutscheine formlos oder mit dem <a href=\"https:\/\/www.bds-bayern.de\/ortsverband-aschau\/wp-content\/uploads\/sites\/42\/2025\/02\/BDS-Einkaufsgutscheine-Ruecklaufblatt-V3_78634420.pdf\">BDS Einkaufsgutschein R\u00fccklaufblatt<\/a>\u00a0beim BDS Aschau ein.[\/vc_column_text][vc_separator color=&#8220;blue&#8220;][\/vc_column][\/vc_row][vc_row][vc_column width=&#8220;1\/2&#8243;][vc_column_text]<\/p>\n<h2 style=\"line-height: 18.75pt;background: white;vertical-align: baseline;margin: 0cm 0cm 11.25pt 0cm\"><b><span style=\"font-size: 16.0pt;font-family: 'Open Sans',sans-serif;color: #4578bb\">Ihre Ansprechpartner:<\/span><\/b><\/h2>\n<p>[\/vc_column_text][\/vc_column][vc_column width=&#8220;1\/2&#8243;][\/vc_column][\/vc_row][vc_row][vc_column width=&#8220;1\/4&#8243;]<div class=\"ult-team-member-wrap ult-style-1  \"><div class=\"ult-team-member-image\" style=\"\"> <img decoding=\"async\" class=\"\" src=\"https:\/\/www.bds-bayern.de\/ortsverband-aschau\/wp-content\/uploads\/sites\/42\/2020\/11\/AmetsbichlerGeorgAschau.jpg\" alt=\"null\"  style=\"\"><span class=\"ult-team-member-image-overlay \"  ><\/span><\/div><div class=\"ult-team-member-bio-wrap style-1 ultimate-heading69fb521e72109\" style=\"text-align:center;; \"><div class=\"ult-team-member-name-wrap\"><h2 class=\"ult-team-member-name ult-responsive\"  data-ultimate-target='.ult-team-member-bio-wrap.ultimate-heading69fb521e72109 .ult-team-member-name'  data-responsive-json-new='{\"font-size\":\"\",\"line-height\":\"\"}'  style=\"\">Georg Ametsbichler<\/h2><div class=\"ult-team-member-position ult-responsive\"  data-ultimate-target='.ult-team-member-bio-wrap.ultimate-heading69fb521e72109 .ult-team-member-position'  data-responsive-json-new='{\"font-size\":\"\",\"line-height\":\"\"}'  style=\"\">1. Vorsitzender<\/div><div class=\"ult-team-member-description ult-responsive\"  data-ultimate-target='.ult-team-member-bio-wrap.ultimate-heading69fb521e72109 .ult-team-member-description'  data-responsive-json-new='{\"font-size\":\"\",\"line-height\":\"\"}'  style=\"\"><p>Georg Ametsbichler<br \/>\nHauptstr. 13<br \/>\n84544 Aschau a. Inn<\/p><\/div><div style=\"margin-bottom:15px\"><\/div><\/div><\/div><\/div>[\/vc_column][vc_column width=&#8220;1\/4&#8243;][\/vc_column][vc_column width=&#8220;1\/4&#8243;][\/vc_column][vc_column width=&#8220;1\/4&#8243;][\/vc_column][\/vc_row][vc_row][vc_column][\/vc_column][\/vc_row]<\/p>\n<\/div>","protected":false},"excerpt":{"rendered":"<p>[vc_row][vc_column width=&#8220;1\/2&#8243;][vc_column_text] Ortsverband Aschau am Inn [\/vc_column_text][vc_single_image image=&#8220;414&#8243; img_size=&#8220;medium&#8220;][\/vc_column][vc_column width=&#8220;1\/2&#8243;][vc_column_text]Georg Ametsbichler Hauptstra\u00dfe 13 84544 Aschau a. Inn Tel: 08638\/3204 Fax: 08638\/954199 Email: aschauer.bier@ametsbichler.de[\/vc_column_text][\/vc_column][\/vc_row][vc_row][vc_column][vc_column_text css=&#8220;&#8220;] BDS Einkaufsgutschein &#8211; Teilnehmende Betriebe BDS Einkaufsgutschein &#8211; Ablauf Der BDS Einkaufsgutschein wird ab 01.01.2026 durch den digitalen Aschauer Gutschein ersetzt und k\u00f6nnen im BDS B\u00fcro, Hauptstr. 13, 84544 Aschau umgetauscht&hellip;<\/p>\n","protected":false},"author":1,"featured_media":0,"parent":0,"menu_order":0,"comment_status":"closed","ping_status":"closed","template":"","meta":{"footnotes":""},"class_list":["post-28","page","type-page","status-publish","hentry","description-off"],"_links":{"self":[{"href":"https:\/\/www.bds-bayern.de\/ortsverband-aschau\/wp-json\/wp\/v2\/pages\/28","targetHints":{"allow":["GET"]}}],"collection":[{"href":"https:\/\/www.bds-bayern.de\/ortsverband-aschau\/wp-json\/wp\/v2\/pages"}],"about":[{"href":"https:\/\/www.bds-bayern.de\/ortsverband-aschau\/wp-json\/wp\/v2\/types\/page"}],"author":[{"embeddable":true,"href":"https:\/\/www.bds-bayern.de\/ortsverband-aschau\/wp-json\/wp\/v2\/users\/1"}],"replies":[{"embeddable":true,"href":"https:\/\/www.bds-bayern.de\/ortsverband-aschau\/wp-json\/wp\/v2\/comments?post=28"}],"version-history":[{"count":43,"href":"https:\/\/www.bds-bayern.de\/ortsverband-aschau\/wp-json\/wp\/v2\/pages\/28\/revisions"}],"predecessor-version":[{"id":834,"href":"https:\/\/www.bds-bayern.de\/ortsverband-aschau\/wp-json\/wp\/v2\/pages\/28\/revisions\/834"}],"wp:attachment":[{"href":"https:\/\/www.bds-bayern.de\/ortsverband-aschau\/wp-json\/wp\/v2\/media?parent=28"}],"curies":[{"name":"wp","href":"https:\/\/api.w.org\/{rel}","templated":true}]}}