{"id":4,"date":"2018-09-18T15:24:01","date_gmt":"2018-09-18T13:24:01","guid":{"rendered":"https:\/\/www.bds-bayern.de\/aschau-am-inn\/startseite\/"},"modified":"2026-03-14T17:01:07","modified_gmt":"2026-03-14T16:01:07","slug":"startseite","status":"publish","type":"page","link":"https:\/\/www.bds-bayern.de\/ortsverband-aschau\/","title":{"rendered":"Startseite"},"content":{"rendered":"<div class=\"wpb-content-wrapper\"><p>[vc_row][vc_column][vc_column_text]<\/p>\n<h1>Willkommen beim Ortsverband Aschau a. Inn<\/h1>\n<p>[\/vc_column_text][\/vc_column][\/vc_row][vc_row][vc_column][vc_column_text css=&#8220;&#8220;]<strong>Hier k\u00f6nnen Sie bis zum 30.06.2026 Ihren BDS Einkaufsgutschein einl\u00f6sen:<\/strong><\/p>\n<table width=\"475\">\n<tbody>\n<tr>\n<td width=\"282\">Firma<\/td>\n<td width=\"193\">Stra\u00dfe<\/td>\n<\/tr>\n<tr>\n<td width=\"282\"><\/td>\n<td width=\"193\"><\/td>\n<\/tr>\n<tr>\n<td width=\"282\">Andreas Nieders\u00fc\u00df GmbH Spenglerei<\/td>\n<td width=\"193\">Liebigstr. 6<\/td>\n<\/tr>\n<tr>\n<td width=\"282\">Andresen Erdarbeiten<\/td>\n<td width=\"193\">Schillerstr. 23<\/td>\n<\/tr>\n<tr>\n<td width=\"282\">Aschauer HofGenuss<\/td>\n<td width=\"193\">Feldweberweg 1<\/td>\n<\/tr>\n<tr>\n<td width=\"282\">B\u00e4cker Greimel<\/td>\n<td width=\"193\">Hauptstr. 6\/8<\/td>\n<\/tr>\n<tr>\n<td width=\"282\">Brauerei Ametsbichler<\/td>\n<td width=\"193\">Hauptstr. 13<\/td>\n<\/tr>\n<tr>\n<td width=\"282\">Br\u00e4ust\u00fcberl Ametsbichler<\/td>\n<td width=\"193\">Hauptstr. 13<\/td>\n<\/tr>\n<tr>\n<td width=\"282\">Mias Backst\u00fcberl<\/td>\n<td width=\"193\">Hauptstr. 20<\/td>\n<\/tr>\n<tr>\n<td width=\"282\">EDEKA Don Bosco<\/td>\n<td width=\"193\">Hauptstr. 20<\/td>\n<\/tr>\n<tr>\n<td width=\"282\">Fliesen Fuchsl<\/td>\n<td width=\"193\">Heisenbergstr. 8<\/td>\n<\/tr>\n<tr>\n<td width=\"282\">Friseur Smart Hair<\/td>\n<td>Hauptstra\u00dfe 2<\/td>\n<\/tr>\n<tr>\n<td width=\"282\">Gartenm\u00f6bel Thomas<\/td>\n<td width=\"193\">Thann 17<\/td>\n<\/tr>\n<tr>\n<td width=\"282\">Gastst\u00e4tte Scheuern<\/td>\n<td width=\"193\">Scheuern 1<\/td>\n<\/tr>\n<tr>\n<td width=\"282\">Getr\u00e4nke Meyer<\/td>\n<td width=\"193\">Forstmaierstr. 12<\/td>\n<\/tr>\n<tr>\n<td width=\"282\">Gesund &amp; Sch\u00f6n Reiter Gabi<\/td>\n<td width=\"193\">L\u00e4rchenstr. 20<\/td>\n<\/tr>\n<tr>\n<td width=\"282\">KFZ Schmid<\/td>\n<td width=\"193\">Liebigstra\u00dfe 6a<\/td>\n<\/tr>\n<tr>\n<td width=\"282\">KFZ Wimmer<\/td>\n<td width=\"193\">Heisenbergstr. 4<\/td>\n<\/tr>\n<tr>\n<td width=\"282\">Landfuxx J. Reiser<\/td>\n<td width=\"193\">Thann 1<\/td>\n<\/tr>\n<tr>\n<td width=\"282\">Landmetzgerei Gassner<\/td>\n<td width=\"193\">Hauptstr. 20<\/td>\n<\/tr>\n<tr>\n<td width=\"282\">MD Styling Ihr Fris\u00f6r<\/td>\n<td width=\"193\">Rathausstr. 1<\/td>\n<\/tr>\n<tr>\n<td width=\"282\">meine Volksbank-Raiffeisenbank eG<\/td>\n<td width=\"193\">Hauptstr. 22<\/td>\n<\/tr>\n<tr>\n<td width=\"282\">Moyer Hof<\/td>\n<td width=\"193\">Mayerweg 9<\/td>\n<\/tr>\n<tr>\n<td width=\"282\">Pension Benedikt<\/td>\n<td width=\"193\">Kirchenstr. 2<\/td>\n<\/tr>\n<tr>\n<td width=\"282\">Physiotherapie Franz<\/td>\n<td width=\"193\">Hauptstra\u00dfe 31<\/td>\n<\/tr>\n<tr>\n<td width=\"282\">Pizza e Pasta da Rocco e Catarina<\/td>\n<td width=\"193\">Rathausstr. 1<\/td>\n<\/tr>\n<tr>\n<td width=\"282\">Post, Lotto und Schreibwaren Augustin<\/td>\n<td width=\"193\">Hauptstr. 20<\/td>\n<\/tr>\n<tr>\n<td width=\"282\">Primo GmbH<\/td>\n<td width=\"193\">Wernher-von-Braun-Str. 2<\/td>\n<\/tr>\n<tr>\n<td width=\"282\">Reiterhof Preintner<\/td>\n<td width=\"193\">Haselbach 3<\/td>\n<\/tr>\n<tr>\n<td width=\"282\">Restaurant Mythos<\/td>\n<td width=\"193\">Thann 6<\/td>\n<\/tr>\n<tr>\n<td width=\"282\">Rosmarie\u00b4s Trachten<\/td>\n<td width=\"193\">Litzlkirchen 5a<\/td>\n<\/tr>\n<tr>\n<td width=\"282\">Sabines Lady &amp; Barbershop<\/td>\n<td width=\"193\">Liebigstra\u00dfe 6a<\/td>\n<\/tr>\n<tr>\n<td width=\"282\">Sch\u00e4ftlmaier Elektro-Anlagen GmbH<\/td>\n<td width=\"193\">Thann 18<\/td>\n<\/tr>\n<tr>\n<td width=\"282\">Sommerfest Aschau GbR<\/td>\n<td width=\"193\">Hauptstr. 13<\/td>\n<\/tr>\n<tr>\n<td width=\"282\">Stauwerk<\/td>\n<td width=\"193\">Liebigstr. 1<\/td>\n<\/tr>\n<tr>\n<td width=\"282\">Sudpfandl Reloaded<\/td>\n<td width=\"193\">Hauptstra\u00dfe 13<\/td>\n<\/tr>\n<tr>\n<td width=\"282\">Tonstudio MaHo<\/td>\n<td width=\"193\">Thann 2<\/td>\n<\/tr>\n<tr>\n<td width=\"282\">Pilaterie Weyrich Renate<\/td>\n<td width=\"193\">Kornfeld 36<\/td>\n<\/tr>\n<tr>\n<td width=\"282\">Zaffiro Gelateria<\/td>\n<td width=\"193\">Rathausstr. 1<\/td>\n<\/tr>\n<\/tbody>\n<\/table>\n<p>&nbsp;<\/p>\n<p>Anschlie\u00dfend bitte im BDS B\u00fcro in der Hauptstr. 13 melden. Telefon 08638\/3204.[\/vc_column_text][\/vc_column][\/vc_row][vc_row][vc_column width=&#8220;1\/2&#8243;][\/vc_column][vc_column width=&#8220;1\/2&#8243;][vc_column_text css=&#8220;&#8220;]<a href=\"https:\/\/www.facebook.com\/bdsaschau\/\">https:\/\/www.facebook.com\/bdsaschau\/<\/a><\/p>\n<p>Neu: Aschauer Gutschein digital<img loading=\"lazy\" decoding=\"async\" class=\"alignnone size-medium wp-image-854\" src=\"https:\/\/www.bds-bayern.de\/ortsverband-aschau\/wp-content\/uploads\/sites\/42\/2026\/03\/Aschauer-Gutschein-VS-300x196.png\" alt=\"\" width=\"300\" height=\"196\" srcset=\"https:\/\/www.bds-bayern.de\/ortsverband-aschau\/wp-content\/uploads\/sites\/42\/2026\/03\/Aschauer-Gutschein-VS-300x196.png 300w, https:\/\/www.bds-bayern.de\/ortsverband-aschau\/wp-content\/uploads\/sites\/42\/2026\/03\/Aschauer-Gutschein-VS-1024x667.png 1024w, https:\/\/www.bds-bayern.de\/ortsverband-aschau\/wp-content\/uploads\/sites\/42\/2026\/03\/Aschauer-Gutschein-VS-768x501.png 768w, https:\/\/www.bds-bayern.de\/ortsverband-aschau\/wp-content\/uploads\/sites\/42\/2026\/03\/Aschauer-Gutschein-VS.png 1203w\" sizes=\"auto, (max-width: 300px) 100vw, 300px\" \/>[\/vc_column_text][\/vc_column][\/vc_row][vc_row full_width=&#8220;stretch_row&#8220; content_placement=&#8220;middle&#8220; bg_type=&#8220;bg_color&#8220; bg_color_value=&#8220;#0072b5&#8243;][vc_column][vc_row_inner][vc_column_inner width=&#8220;1\/2&#8243;][vc_column_text]<\/p>\n<h3 style=\"text-align: center;color: #fff\">Profitieren Sie von den Vorteilen!<\/h3>\n<p>[\/vc_column_text][vc_btn title=&#8220;Mitglied werden&#8220; style=&#8220;outline&#8220; color=&#8220;white&#8220; size=&#8220;lg&#8220; align=&#8220;center&#8220; i_icon_fontawesome=&#8220;fas fa-users&#8220; add_icon=&#8220;true&#8220; link=&#8220;url:https%3A%2F%2Fwww.bds-bayern.de%2Fbds-bayern%2Fmitglied-werden%2F||target:%20_blank|&#8220;][\/vc_column_inner][vc_column_inner width=&#8220;1\/2&#8243;][vc_column_text]<\/p>\n<h3 style=\"text-align: center;color: #fff\">Lernen Sie uns vor Ort kennen!<\/h3>\n<p>[\/vc_column_text][vc_btn title=&#8220;Veranstaltungen&#8220; style=&#8220;outline&#8220; color=&#8220;white&#8220; size=&#8220;lg&#8220; align=&#8220;center&#8220; i_icon_fontawesome=&#8220;far fa-calendar&#8220; add_icon=&#8220;true&#8220; link=&#8220;url:https%3A%2F%2Fwww.bds-bayern.de%2Faschau-am-inn%2Fveranstaltungen%2F&#8220;][\/vc_column_inner][\/vc_row_inner][\/vc_column][\/vc_row][vc_row][vc_column][vc_column_text]<\/p>\n<h1>Aktuelle Meldungen<\/h1>\n<p>[\/vc_column_text][vc_row_inner][vc_column_inner]<div class=\"dt-shortcode with-isotope\"><div class=\"wf-container dt-blog-shortcode vertical-fancy-style loading-effect-fade-in iso-grid bg-under-post description-under-image content-align-left\" data-padding=\"20px\" data-cur-page=\"1\" data-posts-per-page=\"-1\" data-width=\"370px\" data-columns=\"3\">\n<div class=\"wf-cell\" data-post-id=\"776\" data-date=\"2025-07-02T15:07:23+02:00\" data-name=\"BDS-Verbandstagung 27. &amp; 28.06.2025: Zusammenwachsen \u2013 Zusammen wachsen\">\n\t<article class=\"post post-776 type-post status-publish format-standard has-post-thumbnail hentry category-allgemein category-bds-intern category-news category-1 category-19 category-13 bg-on description-off\">\n\n\t\t\n\t\t\t<div class=\"blog-media wf-td\">\n\n\t\t\t\t<p><a href=\"https:\/\/www.bds-bayern.de\/ortsverband-aschau\/bds-verbandstagung-27-28-06-2025-zusammenwachsen-zusammen-wachsen\/\" class=\"alignnone rollover layzr-bg\" ><img fetchpriority=\"high\" decoding=\"async\" class=\"preload-me iso-lazy-load aspect\" src=\"data:image\/svg+xml,%3Csvg%20xmlns%3D&#39;http%3A%2F%2Fwww.w3.org%2F2000%2Fsvg&#39;%20viewBox%3D&#39;0%200%20555%20370&#39;%2F%3E\" data-src=\"https:\/\/www.bds-bayern.de\/ortsverband-aschau\/wp-content\/uploads\/sites\/42\/2025\/07\/BDS-Verbandstagung-555x370.webp\" data-srcset=\"https:\/\/www.bds-bayern.de\/ortsverband-aschau\/wp-content\/uploads\/sites\/42\/2025\/07\/BDS-Verbandstagung-555x370.webp 555w, https:\/\/www.bds-bayern.de\/ortsverband-aschau\/wp-content\/uploads\/sites\/42\/2025\/07\/BDS-Verbandstagung.webp 799w\" loading=\"eager\" style=\"--ratio: 555 \/ 370\" sizes=\"(max-width: 555px) 100vw, 555px\" alt=\"\" title=\"BDS-Verbandstagung\" width=\"555\" height=\"370\"  \/><\/a><\/p>\n\t\t\t<\/div>\n\n\t\t\n\t\t<div class=\"blog-content wf-td\">\n\t\t\t<h3 class=\"entry-title\"><a href=\"https:\/\/www.bds-bayern.de\/ortsverband-aschau\/bds-verbandstagung-27-28-06-2025-zusammenwachsen-zusammen-wachsen\/\" title=\"BDS-Verbandstagung 27. &#038; 28.06.2025: Zusammenwachsen \u2013 Zusammen wachsen\" rel=\"bookmark\">BDS-Verbandstagung 27. &#038; 28.06.2025: Zusammenwachsen \u2013 Zusammen wachsen<\/a><\/h3>\n\n\t\t\t\n<a href=\"https:\/\/www.bds-bayern.de\/ortsverband-aschau\/bds-verbandstagung-27-28-06-2025-zusammenwachsen-zusammen-wachsen\/\" class=\"details more-link\" aria-label=\"Read more about BDS-Verbandstagung 27. &#038; 28.06.2025: Zusammenwachsen \u2013 Zusammen wachsen\">Details<\/a>\n\n\t\t<\/div>\n\n\t<\/article>\n\n<\/div>\n<div class=\"wf-cell\" data-post-id=\"775\" data-date=\"2025-04-09T10:19:19+02:00\" data-name=\"KoalitionDesTuns - Neue Bundesregierung mit wichtigen Impulsen f\u00fcr den Mittelstand \u2013 entscheidend ist nun die Umsetzung\">\n\t<article class=\"post post-775 type-post status-publish format-standard has-post-thumbnail hentry category-hauptgeschaeftsstelle category-politik category-presse-veroeffentlichungen category-pressemeldungen category-8 category-9 category-7 category-5 bg-on description-off\">\n\n\t\t\n\t\t\t<div class=\"blog-media wf-td\">\n\n\t\t\t\t<p><a href=\"https:\/\/www.bds-bayern.de\/ortsverband-aschau\/koalitiondestuns-neue-bundesregierung-mit-wichtigen-impulsen-fuer-den-mittelstand-entscheidend-ist-nun-die-umsetzung\/\" class=\"alignnone rollover layzr-bg\" ><img decoding=\"async\" class=\"preload-me iso-lazy-load aspect\" src=\"data:image\/svg+xml,%3Csvg%20xmlns%3D&#39;http%3A%2F%2Fwww.w3.org%2F2000%2Fsvg&#39;%20viewBox%3D&#39;0%200%20555%20370&#39;%2F%3E\" data-src=\"https:\/\/www.bds-bayern.de\/ortsverband-aschau\/wp-content\/uploads\/sites\/42\/2020\/08\/Seite01-5-555x370.jpg\" data-srcset=\"https:\/\/www.bds-bayern.de\/ortsverband-aschau\/wp-content\/uploads\/sites\/42\/2020\/08\/Seite01-5-555x370.jpg 555w, https:\/\/www.bds-bayern.de\/ortsverband-aschau\/wp-content\/uploads\/sites\/42\/2020\/08\/Seite01-5-1110x740.jpg 1110w\" loading=\"eager\" style=\"--ratio: 555 \/ 370\" sizes=\"(max-width: 555px) 100vw, 555px\" alt=\"\" title=\"Seite01\" width=\"555\" height=\"370\"  \/><\/a><\/p>\n\t\t\t<\/div>\n\n\t\t\n\t\t<div class=\"blog-content wf-td\">\n\t\t\t<h3 class=\"entry-title\"><a href=\"https:\/\/www.bds-bayern.de\/ortsverband-aschau\/koalitiondestuns-neue-bundesregierung-mit-wichtigen-impulsen-fuer-den-mittelstand-entscheidend-ist-nun-die-umsetzung\/\" title=\"KoalitionDesTuns &#8211; Neue Bundesregierung mit wichtigen Impulsen f\u00fcr den Mittelstand \u2013 entscheidend ist nun die Umsetzung\" rel=\"bookmark\">KoalitionDesTuns &#8211; Neue Bundesregierung mit wichtigen Impulsen f\u00fcr den Mittelstand \u2013 entscheidend ist nun die Umsetzung<\/a><\/h3>\n\n\t\t\t\n<a href=\"https:\/\/www.bds-bayern.de\/ortsverband-aschau\/koalitiondestuns-neue-bundesregierung-mit-wichtigen-impulsen-fuer-den-mittelstand-entscheidend-ist-nun-die-umsetzung\/\" class=\"details more-link\" aria-label=\"Read more about KoalitionDesTuns &#8211; Neue Bundesregierung mit wichtigen Impulsen f\u00fcr den Mittelstand \u2013 entscheidend ist nun die Umsetzung\">Details<\/a>\n\n\t\t<\/div>\n\n\t<\/article>\n\n<\/div>\n<div class=\"wf-cell\" data-post-id=\"773\" data-date=\"2025-03-28T14:11:08+01:00\" data-name=\"B\u00fcrokratie-Frust? Der Bund der Selbst\u00e4ndigen h\u00f6rt zu!\">\n\t<article class=\"post post-773 type-post status-publish format-standard has-post-thumbnail hentry category-allgemein category-1 bg-on description-off\">\n\n\t\t\n\t\t\t<div class=\"blog-media wf-td\">\n\n\t\t\t\t<p><a href=\"https:\/\/www.bds-bayern.de\/ortsverband-aschau\/buerokratie-frust-der-bund-der-selbstaendigen-hoert-zu\/\" class=\"alignnone rollover layzr-bg\" ><img decoding=\"async\" class=\"preload-me iso-lazy-load aspect\" src=\"data:image\/svg+xml,%3Csvg%20xmlns%3D&#39;http%3A%2F%2Fwww.w3.org%2F2000%2Fsvg&#39;%20viewBox%3D&#39;0%200%20555%20370&#39;%2F%3E\" data-src=\"https:\/\/www.bds-bayern.de\/ortsverband-aschau\/wp-content\/uploads\/sites\/42\/2025\/03\/kummerkasten-aktuelles-555x370.jpg\" data-srcset=\"https:\/\/www.bds-bayern.de\/ortsverband-aschau\/wp-content\/uploads\/sites\/42\/2025\/03\/kummerkasten-aktuelles-555x370.jpg 555w, https:\/\/www.bds-bayern.de\/ortsverband-aschau\/wp-content\/uploads\/sites\/42\/2025\/03\/kummerkasten-aktuelles.jpg 649w\" loading=\"eager\" style=\"--ratio: 555 \/ 370\" sizes=\"(max-width: 555px) 100vw, 555px\" alt=\"\" title=\"kummerkasten-aktuelles\" width=\"555\" height=\"370\"  \/><\/a><\/p>\n\t\t\t<\/div>\n\n\t\t\n\t\t<div class=\"blog-content wf-td\">\n\t\t\t<h3 class=\"entry-title\"><a href=\"https:\/\/www.bds-bayern.de\/ortsverband-aschau\/buerokratie-frust-der-bund-der-selbstaendigen-hoert-zu\/\" title=\"B\u00fcrokratie-Frust? Der Bund der Selbst\u00e4ndigen h\u00f6rt zu!\" rel=\"bookmark\">B\u00fcrokratie-Frust? Der Bund der Selbst\u00e4ndigen h\u00f6rt zu!<\/a><\/h3>\n\n\t\t\t\n<a href=\"https:\/\/www.bds-bayern.de\/ortsverband-aschau\/buerokratie-frust-der-bund-der-selbstaendigen-hoert-zu\/\" class=\"details more-link\" aria-label=\"Read more about B\u00fcrokratie-Frust? Der Bund der Selbst\u00e4ndigen h\u00f6rt zu!\">Details<\/a>\n\n\t\t<\/div>\n\n\t<\/article>\n\n<\/div>\n<div class=\"wf-cell\" data-post-id=\"771\" data-date=\"2025-02-25T09:13:47+01:00\" data-name=\"Information der vbw\">\n\t<article class=\"post post-771 type-post status-publish format-standard has-post-thumbnail hentry category-allgemein category-1 bg-on description-off\">\n\n\t\t\n\t\t\t<div class=\"blog-media wf-td\">\n\n\t\t\t\t<p><a href=\"https:\/\/www.bds-bayern.de\/ortsverband-aschau\/information-der-vbw\/\" class=\"alignnone rollover layzr-bg\" ><img decoding=\"async\" class=\"preload-me iso-lazy-load aspect\" src=\"data:image\/svg+xml,%3Csvg%20xmlns%3D&#39;http%3A%2F%2Fwww.w3.org%2F2000%2Fsvg&#39;%20viewBox%3D&#39;0%200%20555%20370&#39;%2F%3E\" data-src=\"https:\/\/www.bds-bayern.de\/ortsverband-aschau\/wp-content\/uploads\/sites\/42\/2025\/03\/au-555x370.jpg\" data-srcset=\"https:\/\/www.bds-bayern.de\/ortsverband-aschau\/wp-content\/uploads\/sites\/42\/2025\/03\/au-555x370.jpg 555w, https:\/\/www.bds-bayern.de\/ortsverband-aschau\/wp-content\/uploads\/sites\/42\/2025\/03\/au.jpg 649w\" loading=\"eager\" style=\"--ratio: 555 \/ 370\" sizes=\"(max-width: 555px) 100vw, 555px\" alt=\"\" title=\"au\" width=\"555\" height=\"370\"  \/><\/a><\/p>\n\t\t\t<\/div>\n\n\t\t\n\t\t<div class=\"blog-content wf-td\">\n\t\t\t<h3 class=\"entry-title\"><a href=\"https:\/\/www.bds-bayern.de\/ortsverband-aschau\/information-der-vbw\/\" title=\"Information der vbw\" rel=\"bookmark\">Information der vbw<\/a><\/h3>\n\n\t\t\t\n<a href=\"https:\/\/www.bds-bayern.de\/ortsverband-aschau\/information-der-vbw\/\" class=\"details more-link\" aria-label=\"Read more about Information der vbw\">Details<\/a>\n\n\t\t<\/div>\n\n\t<\/article>\n\n<\/div>\n<div class=\"wf-cell\" data-post-id=\"764\" data-date=\"2024-11-08T09:23:15+01:00\" data-name=\"Eine Chance f\u00fcr die Wirtschaft: BDS Bayern fordert Neustart durch Neuwahlen\">\n\t<article class=\"post post-764 type-post status-publish format-standard has-post-thumbnail hentry category-hauptgeschaeftsstelle category-politik category-presse-veroeffentlichungen category-pressemeldungen category-8 category-9 category-7 category-5 bg-on description-off\">\n\n\t\t\n\t\t\t<div class=\"blog-media wf-td\">\n\n\t\t\t\t<p><a href=\"https:\/\/www.bds-bayern.de\/ortsverband-aschau\/eine-chance-fuer-die-wirtschaft-bds-bayern-fordert-neustart-durch-neuwahlen\/\" class=\"alignnone rollover layzr-bg\" ><img decoding=\"async\" class=\"preload-me iso-lazy-load aspect\" src=\"data:image\/svg+xml,%3Csvg%20xmlns%3D&#39;http%3A%2F%2Fwww.w3.org%2F2000%2Fsvg&#39;%20viewBox%3D&#39;0%200%20555%20370&#39;%2F%3E\" data-src=\"https:\/\/www.bds-bayern.de\/ortsverband-aschau\/wp-content\/uploads\/sites\/42\/2020\/08\/Seite01-5-555x370.jpg\" data-srcset=\"https:\/\/www.bds-bayern.de\/ortsverband-aschau\/wp-content\/uploads\/sites\/42\/2020\/08\/Seite01-5-555x370.jpg 555w, https:\/\/www.bds-bayern.de\/ortsverband-aschau\/wp-content\/uploads\/sites\/42\/2020\/08\/Seite01-5-1110x740.jpg 1110w\" loading=\"eager\" style=\"--ratio: 555 \/ 370\" sizes=\"(max-width: 555px) 100vw, 555px\" alt=\"\" title=\"Seite01\" width=\"555\" height=\"370\"  \/><\/a><\/p>\n\t\t\t<\/div>\n\n\t\t\n\t\t<div class=\"blog-content wf-td\">\n\t\t\t<h3 class=\"entry-title\"><a href=\"https:\/\/www.bds-bayern.de\/ortsverband-aschau\/eine-chance-fuer-die-wirtschaft-bds-bayern-fordert-neustart-durch-neuwahlen\/\" title=\"Eine Chance f\u00fcr die Wirtschaft: BDS Bayern fordert Neustart durch Neuwahlen\" rel=\"bookmark\">Eine Chance f\u00fcr die Wirtschaft: BDS Bayern fordert Neustart durch Neuwahlen<\/a><\/h3>\n\n\t\t\t\n<a href=\"https:\/\/www.bds-bayern.de\/ortsverband-aschau\/eine-chance-fuer-die-wirtschaft-bds-bayern-fordert-neustart-durch-neuwahlen\/\" class=\"details more-link\" aria-label=\"Read more about Eine Chance f\u00fcr die Wirtschaft: BDS Bayern fordert Neustart durch Neuwahlen\">Details<\/a>\n\n\t\t<\/div>\n\n\t<\/article>\n\n<\/div>\n<div class=\"wf-cell\" data-post-id=\"762\" data-date=\"2024-10-23T10:47:22+02:00\" data-name=\"Mittelstandsforum und 150-Jahr-Feier des BDS Bayern\">\n\t<article class=\"post post-762 type-post status-publish format-standard has-post-thumbnail hentry category-hauptgeschaeftsstelle category-muenchen category-politik category-presse-veroeffentlichungen category-pressemeldungen category-8 category-14 category-9 category-7 category-5 bg-on description-off\">\n\n\t\t\n\t\t\t<div class=\"blog-media wf-td\">\n\n\t\t\t\t<p><a href=\"https:\/\/www.bds-bayern.de\/ortsverband-aschau\/mittelstandsforum-und-150-jahr-feier-des-bds-bayern\/\" class=\"alignnone rollover layzr-bg\" ><img decoding=\"async\" class=\"preload-me iso-lazy-load aspect\" src=\"data:image\/svg+xml,%3Csvg%20xmlns%3D&#39;http%3A%2F%2Fwww.w3.org%2F2000%2Fsvg&#39;%20viewBox%3D&#39;0%200%20555%20312&#39;%2F%3E\" data-src=\"https:\/\/www.bds-bayern.de\/ortsverband-aschau\/wp-content\/uploads\/sites\/42\/2025\/01\/Forster_Sehoz_Blumenstrauss-scaled-1-555x312.jpg\" data-srcset=\"https:\/\/www.bds-bayern.de\/ortsverband-aschau\/wp-content\/uploads\/sites\/42\/2025\/01\/Forster_Sehoz_Blumenstrauss-scaled-1-555x312.jpg 555w, https:\/\/www.bds-bayern.de\/ortsverband-aschau\/wp-content\/uploads\/sites\/42\/2025\/01\/Forster_Sehoz_Blumenstrauss-scaled-1-1110x624.jpg 1110w\" loading=\"eager\" style=\"--ratio: 555 \/ 312\" sizes=\"(max-width: 555px) 100vw, 555px\" alt=\"\" title=\"Forster_Sehoz_Blumenstrau\u00df\" width=\"555\" height=\"312\"  \/><\/a><\/p>\n\t\t\t<\/div>\n\n\t\t\n\t\t<div class=\"blog-content wf-td\">\n\t\t\t<h3 class=\"entry-title\"><a href=\"https:\/\/www.bds-bayern.de\/ortsverband-aschau\/mittelstandsforum-und-150-jahr-feier-des-bds-bayern\/\" title=\"Mittelstandsforum und 150-Jahr-Feier des BDS Bayern\" rel=\"bookmark\">Mittelstandsforum und 150-Jahr-Feier des BDS Bayern<\/a><\/h3>\n\n\t\t\t\n<a href=\"https:\/\/www.bds-bayern.de\/ortsverband-aschau\/mittelstandsforum-und-150-jahr-feier-des-bds-bayern\/\" class=\"details more-link\" aria-label=\"Read more about Mittelstandsforum und 150-Jahr-Feier des BDS Bayern\">Details<\/a>\n\n\t\t<\/div>\n\n\t<\/article>\n\n<\/div><\/div><\/div>[\/vc_column_inner][\/vc_row_inner][\/vc_column][\/vc_row]<\/p>\n<\/div>","protected":false},"excerpt":{"rendered":"<p>[vc_row][vc_column][vc_column_text] Willkommen beim Ortsverband Aschau a. Inn [\/vc_column_text][\/vc_column][\/vc_row][vc_row][vc_column][vc_column_text css=&#8220;&#8220;]Hier k\u00f6nnen Sie bis zum 30.06.2026 Ihren BDS Einkaufsgutschein einl\u00f6sen: Firma Stra\u00dfe Andreas Nieders\u00fc\u00df GmbH Spenglerei Liebigstr. 6 Andresen Erdarbeiten Schillerstr. 23 Aschauer HofGenuss Feldweberweg 1 B\u00e4cker Greimel Hauptstr. 6\/8 Brauerei Ametsbichler Hauptstr. 13 Br\u00e4ust\u00fcberl Ametsbichler Hauptstr. 13 Mias Backst\u00fcberl Hauptstr. 20 EDEKA Don Bosco Hauptstr. 20&hellip;<\/p>\n","protected":false},"author":1,"featured_media":0,"parent":0,"menu_order":1,"comment_status":"closed","ping_status":"closed","template":"","meta":{"footnotes":""},"class_list":["post-4","page","type-page","status-publish","hentry","description-off"],"_links":{"self":[{"href":"https:\/\/www.bds-bayern.de\/ortsverband-aschau\/wp-json\/wp\/v2\/pages\/4","targetHints":{"allow":["GET"]}}],"collection":[{"href":"https:\/\/www.bds-bayern.de\/ortsverband-aschau\/wp-json\/wp\/v2\/pages"}],"about":[{"href":"https:\/\/www.bds-bayern.de\/ortsverband-aschau\/wp-json\/wp\/v2\/types\/page"}],"author":[{"embeddable":true,"href":"https:\/\/www.bds-bayern.de\/ortsverband-aschau\/wp-json\/wp\/v2\/users\/1"}],"replies":[{"embeddable":true,"href":"https:\/\/www.bds-bayern.de\/ortsverband-aschau\/wp-json\/wp\/v2\/comments?post=4"}],"version-history":[{"count":52,"href":"https:\/\/www.bds-bayern.de\/ortsverband-aschau\/wp-json\/wp\/v2\/pages\/4\/revisions"}],"predecessor-version":[{"id":880,"href":"https:\/\/www.bds-bayern.de\/ortsverband-aschau\/wp-json\/wp\/v2\/pages\/4\/revisions\/880"}],"wp:attachment":[{"href":"https:\/\/www.bds-bayern.de\/ortsverband-aschau\/wp-json\/wp\/v2\/media?parent=4"}],"curies":[{"name":"wp","href":"https:\/\/api.w.org\/{rel}","templated":true}]}}