{"id":218,"date":"2019-03-18T08:41:57","date_gmt":"2019-03-18T07:41:57","guid":{"rendered":"https:\/\/www.bds-bayern.de\/poecking\/?page_id=218"},"modified":"2019-03-18T09:46:28","modified_gmt":"2019-03-18T08:46:28","slug":"gemeindebote","status":"publish","type":"page","link":"https:\/\/www.bds-bayern.de\/poecking\/gemeindebote\/","title":{"rendered":"Gemeindebote"},"content":{"rendered":"<div class=\"wpb-content-wrapper\"><p>[vc_row][vc_column][vc_column_text]<\/p>\n<h1>Gemeinde-Bote P\u00f6cking<\/h1>\n<p>[\/vc_column_text][\/vc_column][\/vc_row][vc_row][vc_column width=&#8220;2\/3&#8243;][vc_column_text]Viermal im Jahr erscheint der Gemeinde-Bote P\u00f6cking. Der \u201eBote\u201c soll mit Nachrichten aus dem Ort die Informationen der B\u00fcrger aus den Bereichen Ortsentwicklung, Kultur, Sport und Gesch\u00e4ftswelt erg\u00e4nzen.<\/p>\n<p>Das 24-seitige Blatt wird verfasst und gestaltet von ehrenamtlich arbeitenden und politisch unabh\u00e4ngigen P\u00f6ckingern. Ziel ist es, zuverl\u00e4ssigen Einblick zu geben in die aktuellen Vorg\u00e4nge in der Gemeinde. Erg\u00e4nzende Informationen des gew\u00e4hlten B\u00fcrgermeisters wie der Gemeindeverwaltung kommen hinzu, ebenso Berichte aus den Vereinen oder der Gesch\u00e4ftwelt und Portr\u00e4ts interessanter \u00f6rtlicher Unternehmen oder Pers\u00f6nlichkeiten.<\/p>\n<p>Beigesteuert werden au\u00dferdem Kommentare und die Betrachtungen der P\u00f6ckinger \u201eEule\u201c, des Wappenvogels der Gemeinde.<br \/>\nHinweise auf die Autoren, die Redaktion und die M\u00f6glichkeit zum Buchen von Inseraten finden sich im redaktionellen Teil. Anregungen und Mitarbeit der P\u00f6ckinger B\u00fcrgerschaft und der Vereine sind ausdr\u00fccklich erw\u00fcnscht. Umbruch und Druck (vierfarbig) liegen in der Hand von Profis.<br \/>\nVerantwortlicher Herausgeber ist der jeweilige Vorsitzende des Gewerbeverbands.<br \/>\nDie Kosten f\u00fcr die Herstellung der 24-seitigen Brosch\u00fcre werden durch die gesch\u00e4ftlichen Anzeigen gedeckt.<\/p>\n<p><strong>NEU:<\/strong>\u00a0Verteilung des Gemeindeboten P\u00f6cking\u00a0<strong>ab jetzt auch in Feldafing<\/strong>\u00a0mit einer\u00a0<strong>neuen\u00a0Auflage von 5.400 St\u00fcck<\/strong>.[\/vc_column_text][\/vc_column][vc_column width=&#8220;1\/3&#8243;][vc_single_image image=&#8220;224&#8243; img_size=&#8220;full&#8220;][\/vc_column][\/vc_row][vc_row][vc_column width=&#8220;1\/2&#8243;][vc_column_text]<\/p>\n<h2>Ausgaben 2018<\/h2>\n<p>[\/vc_column_text][vc_row_inner][vc_column_inner width=&#8220;1\/6&#8243;][vc_single_image image=&#8220;228&#8243; img_size=&#8220;full&#8220; onclick=&#8220;custom_link&#8220; img_link_target=&#8220;_blank&#8220; link=&#8220;https:\/\/www.bds-bayern.de\/poecking\/wp-content\/uploads\/sites\/7\/2019\/03\/123-gemeindebote56.pdf&#8220;][\/vc_column_inner][vc_column_inner width=&#8220;5\/6&#8243;][vc_column_text]<a href=\"https:\/\/www.bds-bayern.de\/poecking\/wp-content\/uploads\/sites\/7\/2019\/03\/123-gemeindebote56.pdf\" target=\"_blank\" rel=\"noopener noreferrer\">Gemeinde-Bote P\u00f6cking, Ausgabe Nr. 4, Dezember 2018<\/a>[\/vc_column_text][\/vc_column_inner][\/vc_row_inner][vc_row_inner][vc_column_inner width=&#8220;1\/6&#8243;][vc_single_image image=&#8220;228&#8243; img_size=&#8220;full&#8220; onclick=&#8220;custom_link&#8220; img_link_target=&#8220;_blank&#8220; link=&#8220;https:\/\/www.bds-bayern.de\/poecking\/wp-content\/uploads\/sites\/7\/2019\/03\/122-gemeindebote55.pdf&#8220;][\/vc_column_inner][vc_column_inner width=&#8220;5\/6&#8243;][vc_column_text]<a href=\"https:\/\/www.bds-bayern.de\/poecking\/wp-content\/uploads\/sites\/7\/2019\/03\/122-gemeindebote55.pdf\" target=\"_blank\" rel=\"noopener noreferrer\">Gemeinde-Bote P\u00f6cking, Ausgabe Nr. 3, September 2018<\/a>[\/vc_column_text][\/vc_column_inner][\/vc_row_inner][vc_row_inner][vc_column_inner width=&#8220;1\/6&#8243;][vc_single_image image=&#8220;228&#8243; img_size=&#8220;full&#8220; onclick=&#8220;custom_link&#8220; img_link_target=&#8220;_blank&#8220; link=&#8220;https:\/\/www.bds-bayern.de\/poecking\/wp-content\/uploads\/sites\/7\/2019\/03\/121-gemeindebote54.pdf&#8220;][\/vc_column_inner][vc_column_inner width=&#8220;5\/6&#8243;][vc_column_text]<a href=\"https:\/\/www.bds-bayern.de\/poecking\/wp-content\/uploads\/sites\/7\/2019\/03\/121-gemeindebote54.pdf\" target=\"_blank\" rel=\"noopener noreferrer\">Gemeinde-Bote P\u00f6cking, Ausgabe Nr. 1 M\u00e4rz 2018<\/a>[\/vc_column_text][\/vc_column_inner][\/vc_row_inner][\/vc_column][vc_column width=&#8220;1\/2&#8243;][vc_column_text]<\/p>\n<h2>Ausgaben 2017<\/h2>\n<p>[\/vc_column_text][vc_row_inner][vc_column_inner width=&#8220;1\/6&#8243;][vc_single_image image=&#8220;228&#8243; img_size=&#8220;full&#8220; onclick=&#8220;custom_link&#8220; img_link_target=&#8220;_blank&#8220; link=&#8220;https:\/\/www.bds-bayern.de\/poecking\/wp-content\/uploads\/sites\/7\/2019\/03\/120-gemeindebote53.pdf&#8220;][\/vc_column_inner][vc_column_inner width=&#8220;5\/6&#8243;][vc_column_text]<a href=\"https:\/\/www.bds-bayern.de\/poecking\/wp-content\/uploads\/sites\/7\/2019\/03\/120-gemeindebote53.pdf\" target=\"_blank\" rel=\"noopener noreferrer\">Gemeinde-Bote P\u00f6cking, Ausgabe Nr. 4, Dezember 2017<\/a>[\/vc_column_text][\/vc_column_inner][\/vc_row_inner][vc_row_inner][vc_column_inner width=&#8220;1\/6&#8243;][vc_single_image image=&#8220;228&#8243; img_size=&#8220;full&#8220; onclick=&#8220;custom_link&#8220; img_link_target=&#8220;_blank&#8220; link=&#8220;https:\/\/www.bds-bayern.de\/poecking\/wp-content\/uploads\/sites\/7\/2019\/03\/119-gemeindebote52.pdf&#8220;][\/vc_column_inner][vc_column_inner width=&#8220;5\/6&#8243;][vc_column_text]<a href=\"https:\/\/www.bds-bayern.de\/poecking\/wp-content\/uploads\/sites\/7\/2019\/03\/119-gemeindebote52.pdf\" target=\"_blank\" rel=\"noopener noreferrer\">Gemeinde-Bote P\u00f6cking, Ausgabe Nr. 3, September 2017<\/a>[\/vc_column_text][\/vc_column_inner][\/vc_row_inner][vc_row_inner][vc_column_inner width=&#8220;1\/6&#8243;][vc_single_image image=&#8220;228&#8243; img_size=&#8220;full&#8220; onclick=&#8220;custom_link&#8220; img_link_target=&#8220;_blank&#8220; link=&#8220;https:\/\/www.bds-bayern.de\/poecking\/wp-content\/uploads\/sites\/7\/2019\/03\/118-gemeindebote51.pdf&#8220;][\/vc_column_inner][vc_column_inner width=&#8220;5\/6&#8243;][vc_column_text]<a href=\"https:\/\/www.bds-bayern.de\/poecking\/wp-content\/uploads\/sites\/7\/2019\/03\/118-gemeindebote51.pdf\" target=\"_blank\" rel=\"noopener noreferrer\">Gemeinde-Bote P\u00f6cking, Ausgabe Nr. 2, Juni 2017<\/a>[\/vc_column_text][\/vc_column_inner][\/vc_row_inner][vc_row_inner][vc_column_inner width=&#8220;1\/6&#8243;][vc_single_image image=&#8220;228&#8243; img_size=&#8220;full&#8220; onclick=&#8220;custom_link&#8220; img_link_target=&#8220;_blank&#8220; link=&#8220;https:\/\/www.bds-bayern.de\/poecking\/wp-content\/uploads\/sites\/7\/2019\/03\/117-Gemeindebote50.pdf&#8220;][\/vc_column_inner][vc_column_inner width=&#8220;5\/6&#8243;][vc_column_text]<a href=\"https:\/\/www.bds-bayern.de\/poecking\/wp-content\/uploads\/sites\/7\/2019\/03\/117-Gemeindebote50.pdf\" target=\"_blank\" rel=\"noopener noreferrer\">Gemeinde-Bote P\u00f6cking, Ausgabe Nr. 1 M\u00e4rz 2017<\/a>[\/vc_column_text][\/vc_column_inner][\/vc_row_inner][\/vc_column][\/vc_row][vc_row][vc_column][vc_column_text]<\/p>\n<h2>Das Redaktionsteam des Gemeinde-Boten P\u00f6cking<\/h2>\n<p>[\/vc_column_text][vc_column_text]<br \/>\nF\u00fcr Ihre Fragen stehen wir Ihnen gerne zur Verf\u00fcgung![\/vc_column_text][\/vc_column][\/vc_row][vc_row el_class=&#8220;gemeindebote&#8220;][vc_column width=&#8220;1\/3&#8243;][vc_column_text]<strong>Koordination<\/strong><\/p>\n<p>Seipp Nicola<br \/>\nMobil:0173-3648491<br \/>\nE-Mail: seippn@aol.com[\/vc_column_text][\/vc_column][vc_column width=&#8220;1\/3&#8243;][vc_column_text]<strong>Bild + Text<\/strong><\/p>\n<p>Barbara Baumer<br \/>\n82343 P\u00f6cking<br \/>\nEnzianweg 9<br \/>\nTel\/Fax: 08157-4443<br \/>\nE-Mail: barbara.baumer@t-online.de[\/vc_column_text][\/vc_column][vc_column width=&#8220;1\/3&#8243;][vc_column_text]<strong>Autorin<\/strong><\/p>\n<p>Julie Schlumprecht<br \/>\nAm J\u00e4gerberg 21<br \/>\n82340 Feldafing<br \/>\nT. +49 (0)8157 &#8211; 60 97 12<br \/>\nM. +49 (0)157 &#8211; 50 28 05 99<br \/>\nE-Mail: julieschlumprecht@gmail.com[\/vc_column_text][\/vc_column][\/vc_row][vc_row el_class=&#8220;gemeindebote&#8220;][vc_column width=&#8220;1\/3&#8243;][vc_column_text]<strong>Anzeigendisposition, Layout und Satz<\/strong><\/p>\n<p>Nicolas Schlumprecht<br \/>\ngraphic &amp; design<br \/>\nAm J\u00e4gerberg 21<br \/>\n82340 Feldafing<br \/>\nT. +49 (0)8157 &#8211; 59 70 898<br \/>\nF. +49 (0)8157 &#8211; 70 14<br \/>\nM. +49 (0)176 &#8211; 80 51 69 74<br \/>\nE-Mail: n.schlumprecht@t-online.de[\/vc_column_text][\/vc_column][vc_column width=&#8220;1\/3&#8243;][vc_column_text]<strong>Termine<\/strong><\/p>\n<p>Isabelle Lewandowski<br \/>\nHeinrich-Knote-Str. 20<br \/>\n82343 P\u00f6cking<br \/>\nT. 08157 &#8211; 93 91 93<br \/>\nE-Mail: ischlumprecht@web.de<br \/>\n[\/vc_column_text][\/vc_column][vc_column width=&#8220;1\/3&#8243;][vc_column_text]<strong>Text<\/strong><\/p>\n<p>Florian Wiesler<br \/>\nFeldafinger Str. 5<br \/>\nD-82343 P\u00f6cking<br \/>\nTel. +49 (0)8157 &#8211; 92 590 10<br \/>\nFax +49 (0)8157 &#8211; 92 590 19<br \/>\nE-Mail: wiesler@wsm-architekten.com[\/vc_column_text][\/vc_column][\/vc_row][vc_row][vc_column][vc_column_text]<\/p>\n<h2>Mediadaten \/ Preise f\u00fcr Anzeigen im Gemeinde-Bote<\/h2>\n<p>[\/vc_column_text][\/vc_column][\/vc_row][vc_row][vc_column width=&#8220;1\/3&#8243;][vc_column_text]Werbekunden, die mit ihrem Angebot und ihren Leistungen auf den \u201eP\u00f6ckinger Markt\u201c m\u00f6chten, sind beim Gemeinde-Boten genau richtig. Rund 30 Anzeigenkunden pro Ausgabe beweisen das Vertrauen der Firmen und Gesch\u00e4fte in seine Werbewirksamkeit. Mit uns erreichen Sie regelm\u00e4\u00dfig und zuverl\u00e4ssig alle Konsumenten im Ort mit einer Auflage von 5.400 St\u00fcck.<\/p>\n<p>Machen Sie unsere Leser zu Ihren Kunden!<\/p>\n<p>Nachfolgend finden Sie hier alle Informationen f\u00fcr redaktionelle Fragen und Anzeigenschaltung im Gemeinde-Bote P\u00f6cking.[\/vc_column_text][\/vc_column][vc_column width=&#8220;2\/3&#8243;][vc_row_inner][vc_column_inner width=&#8220;1\/4&#8243;][vc_column_text]<strong>Grundformat<\/strong><\/p>\n<p>1\/1 Seite<br \/>\n1\/2 Seite quer<br \/>\n1\/2 Seite hoch<br \/>\n1\/3 Seite quer<br \/>\n1\/4 Seite quer<br \/>\n1\/4 Seite hoch<\/p>\n<p>8,5cm, 2-Spaltig<br \/>\n5,0cm, 2-Spaltig<br \/>\n8,0cm, 1-Spaltig [\/vc_column_text][\/vc_column_inner][vc_column_inner width=&#8220;1\/4&#8243;][vc_column_text]<strong>B x H in mm <\/strong><\/p>\n<p>190&#215;260<br \/>\n190&#215;130<br \/>\n90&#215;260<br \/>\n190&#215;87<br \/>\n190&#215;65<br \/>\n45&#215;260<\/p>\n<p>90&#215;85<br \/>\n90&#215;50<br \/>\n45&#215;80[\/vc_column_text][\/vc_column_inner][vc_column_inner width=&#8220;1\/2&#8243;][vc_column_text]<strong>Anzeigenpreis 4c, 3c, 2c, sw in Euro zzgl. USt.<\/strong><\/p>\n<p>730,-<br \/>\n365,-<br \/>\n365,-<br \/>\n250,-<br \/>\n190,-<br \/>\n190,-<\/p>\n<p>130,-<br \/>\n90,-<br \/>\n70,-[\/vc_column_text][\/vc_column_inner][\/vc_row_inner][\/vc_column][\/vc_row][vc_row][vc_column width=&#8220;1\/2&#8243;][vc_column_text]Mitgliederrabatt (NEU!) <strong>25% Rabatt<\/strong><br \/>\nAbo (4 x pro Jahr) 10% Rabatt<br \/>\nZuschlag f\u00fcr Inserate auf den Seiten 3 und 5 <strong>10% Rabatt<\/strong><\/p>\n<p>Satz und Layout einer Anzeige <strong>plus 40,-<\/strong><\/p>\n<p>Spaltenbreite: 45mm<\/p>\n<p>\u2022 Weitere Gr\u00f6\u00dfen auf Anfrage.<br \/>\n\u2022 Sonderfarben bitte in die Farben der Euroskala zerlegen.<br \/>\n\u2022 Mengenstaffel und Malstaffel auf Anfrage.<br \/>\n\u2022 Beilagen, Beihefter und Beikleber auf Anfrage.<\/p>\n<p>[\/vc_column_text][\/vc_column][vc_column width=&#8220;1\/2&#8243;][vc_row_inner][vc_column_inner][vc_column_text]N\u00e4here Informationen entnehmen Sie bitte dem aufgef\u00fchrten PDF.[\/vc_column_text][vc_single_image image=&#8220;228&#8243; img_size=&#8220;full&#8220; onclick=&#8220;custom_link&#8220; img_link_target=&#8220;_blank&#8220; link=&#8220;https:\/\/www.bds-bayern.de\/poecking\/wp-content\/uploads\/sites\/7\/2019\/03\/mediadaten.pdf&#8220;][vc_column_text]<\/p>\n<h2><a href=\"https:\/\/www.bds-bayern.de\/poecking\/wp-content\/uploads\/sites\/7\/2019\/03\/mediadaten.pdf\" target=\"_blank\" rel=\"noopener noreferrer\">Mediadaten<\/a><\/h2>\n<p>[\/vc_column_text][\/vc_column_inner][\/vc_row_inner][\/vc_column][\/vc_row][vc_row][vc_column][vc_column_text]<strong>Ansprechpartner f\u00fcr Werbung- und Anzeigenschaltung im Gemeinde-Boten<\/strong><\/p>\n<p>Nicolas SchlumprechtAm J\u00e4gerberg 21<br \/>\n82340 Feldafing<\/p>\n<p>Tel. +49 (0)8157 &#8211; 59 708 98<br \/>\nFax +49 (0)8157 &#8211; 70 14<br \/>\nMobil +49 (0)176 &#8211; 80 51 69 74<\/p>\n<p><a href=\"mailto:n.schlumprecht@t-online.de\">n.schlumprecht@t-online.de<\/a>[\/vc_column_text][\/vc_column][\/vc_row]<\/p>\n<\/div>","protected":false},"excerpt":{"rendered":"<p>[vc_row][vc_column][vc_column_text] Gemeinde-Bote P\u00f6cking [\/vc_column_text][\/vc_column][\/vc_row][vc_row][vc_column width=&#8220;2\/3&#8243;][vc_column_text]Viermal im Jahr erscheint der Gemeinde-Bote P\u00f6cking. Der \u201eBote\u201c soll mit Nachrichten aus dem Ort die Informationen der B\u00fcrger aus den Bereichen Ortsentwicklung, Kultur, Sport und Gesch\u00e4ftswelt erg\u00e4nzen. Das 24-seitige Blatt wird verfasst und gestaltet von ehrenamtlich arbeitenden und politisch unabh\u00e4ngigen P\u00f6ckingern. Ziel ist es, zuverl\u00e4ssigen Einblick zu geben in die&hellip;<\/p>\n","protected":false},"author":1,"featured_media":0,"parent":0,"menu_order":0,"comment_status":"closed","ping_status":"closed","template":"","meta":{"footnotes":""},"class_list":["post-218","page","type-page","status-publish","hentry","description-off"],"_links":{"self":[{"href":"https:\/\/www.bds-bayern.de\/poecking\/wp-json\/wp\/v2\/pages\/218","targetHints":{"allow":["GET"]}}],"collection":[{"href":"https:\/\/www.bds-bayern.de\/poecking\/wp-json\/wp\/v2\/pages"}],"about":[{"href":"https:\/\/www.bds-bayern.de\/poecking\/wp-json\/wp\/v2\/types\/page"}],"author":[{"embeddable":true,"href":"https:\/\/www.bds-bayern.de\/poecking\/wp-json\/wp\/v2\/users\/1"}],"replies":[{"embeddable":true,"href":"https:\/\/www.bds-bayern.de\/poecking\/wp-json\/wp\/v2\/comments?post=218"}],"version-history":[{"count":26,"href":"https:\/\/www.bds-bayern.de\/poecking\/wp-json\/wp\/v2\/pages\/218\/revisions"}],"predecessor-version":[{"id":255,"href":"https:\/\/www.bds-bayern.de\/poecking\/wp-json\/wp\/v2\/pages\/218\/revisions\/255"}],"wp:attachment":[{"href":"https:\/\/www.bds-bayern.de\/poecking\/wp-json\/wp\/v2\/media?parent=218"}],"curies":[{"name":"wp","href":"https:\/\/api.w.org\/{rel}","templated":true}]}}