{"id":4,"date":"2018-09-18T15:24:01","date_gmt":"2018-09-18T13:24:01","guid":{"rendered":"https:\/\/www.bds-bayern.de\/pullach\/startseite\/"},"modified":"2021-02-22T22:37:38","modified_gmt":"2021-02-22T21:37:38","slug":"startseite","status":"publish","type":"page","link":"https:\/\/www.bds-bayern.de\/pullach\/","title":{"rendered":"Startseite"},"content":{"rendered":"<div class=\"wpb-content-wrapper\"><p>[vc_row full_width=&#8220;stretch_row&#8220; content_placement=&#8220;middle&#8220; bg_type=&#8220;bg_color&#8220; bg_color_value=&#8220;#0072b5&#8243;][vc_column][vc_row_inner][vc_column_inner width=&#8220;1\/2&#8243;][vc_column_text]<\/p>\n<h3 style=\"text-align: center;color: #fff\">Profitieren Sie von den Vorteilen!<\/h3>\n<p>[\/vc_column_text][vc_btn title=&#8220;Mitglied werden&#8220; style=&#8220;outline&#8220; color=&#8220;white&#8220; size=&#8220;lg&#8220; align=&#8220;center&#8220; i_icon_fontawesome=&#8220;fas fa-users&#8220; add_icon=&#8220;true&#8220; link=&#8220;url:https%3A%2F%2Fwww.bds-bayern.de%2Fbds-bayern%2Fmitglied-werden%2F||target:%20_blank|&#8220;][\/vc_column_inner][vc_column_inner width=&#8220;1\/2&#8243;][vc_column_text]<\/p>\n<h3 style=\"text-align: center;color: #fff\">Lernen Sie uns vor Ort kennen!<\/h3>\n<p>[\/vc_column_text][vc_btn title=&#8220;Veranstaltungen&#8220; style=&#8220;outline&#8220; color=&#8220;white&#8220; size=&#8220;lg&#8220; align=&#8220;center&#8220; i_icon_fontawesome=&#8220;far fa-calendar&#8220; add_icon=&#8220;true&#8220; link=&#8220;url:https%3A%2F%2Fwww.bds-bayern.de%2Fpullach%2Fveranstaltungen%2F|||&#8220;][\/vc_column_inner][\/vc_row_inner][\/vc_column][\/vc_row][vc_row][vc_column][vc_column_text]<\/p>\n<h1>Willkommen beim Ortsverband Pullach<\/h1>\n<p>[\/vc_column_text][\/vc_column][\/vc_row][vc_row][vc_column width=&#8220;1\/2&#8243;][vc_single_image image=&#8220;266&#8243; img_size=&#8220;medium&#8220; alignment=&#8220;center&#8220;][vc_btn title=&#8220;Vorstand Ortsverband Pullach&#8220; color=&#8220;primary&#8220; size=&#8220;lg&#8220; align=&#8220;center&#8220; link=&#8220;url:https%3A%2F%2Fwww.bds-bayern.de%2Fpullach%2Fortsverband-pullach%2F|title:Ortsverband%20Pullach&#8220;][\/vc_column][vc_column width=&#8220;1\/2&#8243;][vc_column_text]<\/p>\n<p style=\"text-align: justify\"><strong>IPU: Wissen, Netzwerk und Service im Isartal rund um Pullach<\/strong><br \/>\nSeit 1874 vertritt der BDS Bayern die Interessen des selbst\u00e4ndigen Mittelstandes. Parteineutral, branchen\u00fcbergreifend und unabh\u00e4ngig. In Europa, Deutschland, Bayern und vor Ort. Das lebendige Netzwerk der Unternehmen und Selbst\u00e4ndigen sowie das Dienstleistungsangebot des BDS Bayern leisten dar\u00fcber hinaus ihren Beitrag f\u00fcr den unternehmerischen Erfolg der MitgliederIn Pullach ist der BDS Ortsverband IPU mit knapp 54 Mitgliedsunternehmen organisiert. Nun hei\u00dft es, dran bleiben, sich finden und gegenseitig st\u00e4rken. Die Belange der kleinen und mittelst\u00e4ndischen Unternehmen in Pullach vertreten und eine gewinnbringende Gemeinschaft auf die Beine zu stellen. Dazu haben wir Vortragsveranstaltungen, Betriebsbesichtigungen und vieles mehr geplant.<br \/>\nFinden sie auf unserer Homepage ihre Unternehmer in Pullach und \u00fcberzeugen Sie sich von den Vorteilen einer starken Gemeinschaft vor ihrer Haust\u00fcr.<\/p>\n<p>[\/vc_column_text][\/vc_column][\/vc_row][vc_row][vc_column][vc_column_text]<\/p>\n<h1>Aktuelle Meldungen<\/h1>\n<p>[\/vc_column_text][vc_row_inner][vc_column_inner]<div class=\"dt-shortcode with-isotope\"><div class=\"wf-container dt-blog-shortcode vertical-fancy-style loading-effect-fade-in iso-grid bg-under-post description-under-image content-align-left\" data-padding=\"20px\" data-cur-page=\"1\" data-posts-per-page=\"-1\" data-width=\"370px\" data-columns=\"3\">\n<div class=\"wf-cell\" data-post-id=\"1133\" data-date=\"2025-07-02T15:07:23+02:00\" data-name=\"BDS-Verbandstagung 27. &amp; 28.06.2025: Zusammenwachsen \u2013 Zusammen wachsen\">\n\t<article class=\"post post-1133 type-post status-publish format-standard has-post-thumbnail hentry category-allgemein category-bds-intern category-news category-1 category-32 category-16 bg-on description-off\">\n\n\t\t\n\t\t\t<div class=\"blog-media wf-td\">\n\n\t\t\t\t<p><a href=\"https:\/\/www.bds-bayern.de\/pullach\/bds-verbandstagung-27-28-06-2025-zusammenwachsen-zusammen-wachsen\/\" class=\"alignnone rollover layzr-bg\" ><img fetchpriority=\"high\" decoding=\"async\" class=\"preload-me iso-lazy-load aspect\" src=\"data:image\/svg+xml,%3Csvg%20xmlns%3D&#39;http%3A%2F%2Fwww.w3.org%2F2000%2Fsvg&#39;%20viewBox%3D&#39;0%200%20555%20370&#39;%2F%3E\" data-src=\"https:\/\/www.bds-bayern.de\/pullach\/wp-content\/uploads\/sites\/20\/2025\/07\/BDS-Verbandstagung-555x370.webp\" data-srcset=\"https:\/\/www.bds-bayern.de\/pullach\/wp-content\/uploads\/sites\/20\/2025\/07\/BDS-Verbandstagung-555x370.webp 555w, https:\/\/www.bds-bayern.de\/pullach\/wp-content\/uploads\/sites\/20\/2025\/07\/BDS-Verbandstagung.webp 799w\" loading=\"eager\" style=\"--ratio: 555 \/ 370\" sizes=\"(max-width: 555px) 100vw, 555px\" alt=\"\" title=\"BDS-Verbandstagung\" width=\"555\" height=\"370\"  \/><\/a><\/p>\n\t\t\t<\/div>\n\n\t\t\n\t\t<div class=\"blog-content wf-td\">\n\t\t\t<h3 class=\"entry-title\"><a href=\"https:\/\/www.bds-bayern.de\/pullach\/bds-verbandstagung-27-28-06-2025-zusammenwachsen-zusammen-wachsen\/\" title=\"BDS-Verbandstagung 27. &#038; 28.06.2025: Zusammenwachsen \u2013 Zusammen wachsen\" rel=\"bookmark\">BDS-Verbandstagung 27. &#038; 28.06.2025: Zusammenwachsen \u2013 Zusammen wachsen<\/a><\/h3>\n\n\t\t\t\n<a href=\"https:\/\/www.bds-bayern.de\/pullach\/bds-verbandstagung-27-28-06-2025-zusammenwachsen-zusammen-wachsen\/\" class=\"details more-link\" aria-label=\"Read more about BDS-Verbandstagung 27. &#038; 28.06.2025: Zusammenwachsen \u2013 Zusammen wachsen\">Details<\/a>\n\n\t\t<\/div>\n\n\t<\/article>\n\n<\/div>\n<div class=\"wf-cell\" data-post-id=\"1132\" data-date=\"2025-04-09T10:19:19+02:00\" data-name=\"KoalitionDesTuns - Neue Bundesregierung mit wichtigen Impulsen f\u00fcr den Mittelstand \u2013 entscheidend ist nun die Umsetzung\">\n\t<article class=\"post post-1132 type-post status-publish format-standard has-post-thumbnail hentry category-hauptgeschaeftsstelle category-politik category-presse-veroeffentlichungen category-pressemeldungen category-8 category-9 category-7 category-5 bg-on description-off\">\n\n\t\t\n\t\t\t<div class=\"blog-media wf-td\">\n\n\t\t\t\t<p><a href=\"https:\/\/www.bds-bayern.de\/pullach\/koalitiondestuns-neue-bundesregierung-mit-wichtigen-impulsen-fuer-den-mittelstand-entscheidend-ist-nun-die-umsetzung\/\" class=\"alignnone rollover layzr-bg\" ><img decoding=\"async\" class=\"preload-me iso-lazy-load aspect\" src=\"data:image\/svg+xml,%3Csvg%20xmlns%3D&#39;http%3A%2F%2Fwww.w3.org%2F2000%2Fsvg&#39;%20viewBox%3D&#39;0%200%20555%20370&#39;%2F%3E\" data-src=\"https:\/\/www.bds-bayern.de\/pullach\/wp-content\/uploads\/sites\/20\/2020\/08\/Seite01-5-555x370.jpg\" data-srcset=\"https:\/\/www.bds-bayern.de\/pullach\/wp-content\/uploads\/sites\/20\/2020\/08\/Seite01-5-555x370.jpg 555w, https:\/\/www.bds-bayern.de\/pullach\/wp-content\/uploads\/sites\/20\/2020\/08\/Seite01-5-1110x740.jpg 1110w\" loading=\"eager\" style=\"--ratio: 555 \/ 370\" sizes=\"(max-width: 555px) 100vw, 555px\" alt=\"\" title=\"Seite01\" width=\"555\" height=\"370\"  \/><\/a><\/p>\n\t\t\t<\/div>\n\n\t\t\n\t\t<div class=\"blog-content wf-td\">\n\t\t\t<h3 class=\"entry-title\"><a href=\"https:\/\/www.bds-bayern.de\/pullach\/koalitiondestuns-neue-bundesregierung-mit-wichtigen-impulsen-fuer-den-mittelstand-entscheidend-ist-nun-die-umsetzung\/\" title=\"KoalitionDesTuns &#8211; Neue Bundesregierung mit wichtigen Impulsen f\u00fcr den Mittelstand \u2013 entscheidend ist nun die Umsetzung\" rel=\"bookmark\">KoalitionDesTuns &#8211; Neue Bundesregierung mit wichtigen Impulsen f\u00fcr den Mittelstand \u2013 entscheidend ist nun die Umsetzung<\/a><\/h3>\n\n\t\t\t\n<a href=\"https:\/\/www.bds-bayern.de\/pullach\/koalitiondestuns-neue-bundesregierung-mit-wichtigen-impulsen-fuer-den-mittelstand-entscheidend-ist-nun-die-umsetzung\/\" class=\"details more-link\" aria-label=\"Read more about KoalitionDesTuns &#8211; Neue Bundesregierung mit wichtigen Impulsen f\u00fcr den Mittelstand \u2013 entscheidend ist nun die Umsetzung\">Details<\/a>\n\n\t\t<\/div>\n\n\t<\/article>\n\n<\/div>\n<div class=\"wf-cell\" data-post-id=\"1130\" data-date=\"2025-03-28T14:11:08+01:00\" data-name=\"B\u00fcrokratie-Frust? Der Bund der Selbst\u00e4ndigen h\u00f6rt zu!\">\n\t<article class=\"post post-1130 type-post status-publish format-standard has-post-thumbnail hentry category-allgemein category-1 bg-on description-off\">\n\n\t\t\n\t\t\t<div class=\"blog-media wf-td\">\n\n\t\t\t\t<p><a href=\"https:\/\/www.bds-bayern.de\/pullach\/buerokratie-frust-der-bund-der-selbstaendigen-hoert-zu\/\" class=\"alignnone rollover layzr-bg\" ><img decoding=\"async\" class=\"preload-me iso-lazy-load aspect\" src=\"data:image\/svg+xml,%3Csvg%20xmlns%3D&#39;http%3A%2F%2Fwww.w3.org%2F2000%2Fsvg&#39;%20viewBox%3D&#39;0%200%20555%20370&#39;%2F%3E\" data-src=\"https:\/\/www.bds-bayern.de\/pullach\/wp-content\/uploads\/sites\/20\/2025\/03\/kummerkasten-aktuelles-555x370.jpg\" data-srcset=\"https:\/\/www.bds-bayern.de\/pullach\/wp-content\/uploads\/sites\/20\/2025\/03\/kummerkasten-aktuelles-555x370.jpg 555w, https:\/\/www.bds-bayern.de\/pullach\/wp-content\/uploads\/sites\/20\/2025\/03\/kummerkasten-aktuelles.jpg 649w\" loading=\"eager\" style=\"--ratio: 555 \/ 370\" sizes=\"(max-width: 555px) 100vw, 555px\" alt=\"\" title=\"kummerkasten-aktuelles\" width=\"555\" height=\"370\"  \/><\/a><\/p>\n\t\t\t<\/div>\n\n\t\t\n\t\t<div class=\"blog-content wf-td\">\n\t\t\t<h3 class=\"entry-title\"><a href=\"https:\/\/www.bds-bayern.de\/pullach\/buerokratie-frust-der-bund-der-selbstaendigen-hoert-zu\/\" title=\"B\u00fcrokratie-Frust? Der Bund der Selbst\u00e4ndigen h\u00f6rt zu!\" rel=\"bookmark\">B\u00fcrokratie-Frust? Der Bund der Selbst\u00e4ndigen h\u00f6rt zu!<\/a><\/h3>\n\n\t\t\t\n<a href=\"https:\/\/www.bds-bayern.de\/pullach\/buerokratie-frust-der-bund-der-selbstaendigen-hoert-zu\/\" class=\"details more-link\" aria-label=\"Read more about B\u00fcrokratie-Frust? Der Bund der Selbst\u00e4ndigen h\u00f6rt zu!\">Details<\/a>\n\n\t\t<\/div>\n\n\t<\/article>\n\n<\/div>\n<div class=\"wf-cell\" data-post-id=\"1128\" data-date=\"2025-02-25T09:13:47+01:00\" data-name=\"Information der vbw\">\n\t<article class=\"post post-1128 type-post status-publish format-standard has-post-thumbnail hentry category-allgemein category-1 bg-on description-off\">\n\n\t\t\n\t\t\t<div class=\"blog-media wf-td\">\n\n\t\t\t\t<p><a href=\"https:\/\/www.bds-bayern.de\/pullach\/information-der-vbw\/\" class=\"alignnone rollover layzr-bg\" ><img decoding=\"async\" class=\"preload-me iso-lazy-load aspect\" src=\"data:image\/svg+xml,%3Csvg%20xmlns%3D&#39;http%3A%2F%2Fwww.w3.org%2F2000%2Fsvg&#39;%20viewBox%3D&#39;0%200%20555%20370&#39;%2F%3E\" data-src=\"https:\/\/www.bds-bayern.de\/pullach\/wp-content\/uploads\/sites\/20\/2025\/03\/au-555x370.jpg\" data-srcset=\"https:\/\/www.bds-bayern.de\/pullach\/wp-content\/uploads\/sites\/20\/2025\/03\/au-555x370.jpg 555w, https:\/\/www.bds-bayern.de\/pullach\/wp-content\/uploads\/sites\/20\/2025\/03\/au.jpg 649w\" loading=\"eager\" style=\"--ratio: 555 \/ 370\" sizes=\"(max-width: 555px) 100vw, 555px\" alt=\"\" title=\"au\" width=\"555\" height=\"370\"  \/><\/a><\/p>\n\t\t\t<\/div>\n\n\t\t\n\t\t<div class=\"blog-content wf-td\">\n\t\t\t<h3 class=\"entry-title\"><a href=\"https:\/\/www.bds-bayern.de\/pullach\/information-der-vbw\/\" title=\"Information der vbw\" rel=\"bookmark\">Information der vbw<\/a><\/h3>\n\n\t\t\t\n<a href=\"https:\/\/www.bds-bayern.de\/pullach\/information-der-vbw\/\" class=\"details more-link\" aria-label=\"Read more about Information der vbw\">Details<\/a>\n\n\t\t<\/div>\n\n\t<\/article>\n\n<\/div>\n<div class=\"wf-cell\" data-post-id=\"1118\" data-date=\"2024-11-08T09:23:15+01:00\" data-name=\"Eine Chance f\u00fcr die Wirtschaft: BDS Bayern fordert Neustart durch Neuwahlen\">\n\t<article class=\"post post-1118 type-post status-publish format-standard has-post-thumbnail hentry category-hauptgeschaeftsstelle category-politik category-presse-veroeffentlichungen category-pressemeldungen category-8 category-9 category-7 category-5 bg-on description-off\">\n\n\t\t\n\t\t\t<div class=\"blog-media wf-td\">\n\n\t\t\t\t<p><a href=\"https:\/\/www.bds-bayern.de\/pullach\/eine-chance-fuer-die-wirtschaft-bds-bayern-fordert-neustart-durch-neuwahlen\/\" class=\"alignnone rollover layzr-bg\" ><img decoding=\"async\" class=\"preload-me iso-lazy-load aspect\" src=\"data:image\/svg+xml,%3Csvg%20xmlns%3D&#39;http%3A%2F%2Fwww.w3.org%2F2000%2Fsvg&#39;%20viewBox%3D&#39;0%200%20555%20370&#39;%2F%3E\" data-src=\"https:\/\/www.bds-bayern.de\/pullach\/wp-content\/uploads\/sites\/20\/2020\/08\/Seite01-5-555x370.jpg\" data-srcset=\"https:\/\/www.bds-bayern.de\/pullach\/wp-content\/uploads\/sites\/20\/2020\/08\/Seite01-5-555x370.jpg 555w, https:\/\/www.bds-bayern.de\/pullach\/wp-content\/uploads\/sites\/20\/2020\/08\/Seite01-5-1110x740.jpg 1110w\" loading=\"eager\" style=\"--ratio: 555 \/ 370\" sizes=\"(max-width: 555px) 100vw, 555px\" alt=\"\" title=\"Seite01\" width=\"555\" height=\"370\"  \/><\/a><\/p>\n\t\t\t<\/div>\n\n\t\t\n\t\t<div class=\"blog-content wf-td\">\n\t\t\t<h3 class=\"entry-title\"><a href=\"https:\/\/www.bds-bayern.de\/pullach\/eine-chance-fuer-die-wirtschaft-bds-bayern-fordert-neustart-durch-neuwahlen\/\" title=\"Eine Chance f\u00fcr die Wirtschaft: BDS Bayern fordert Neustart durch Neuwahlen\" rel=\"bookmark\">Eine Chance f\u00fcr die Wirtschaft: BDS Bayern fordert Neustart durch Neuwahlen<\/a><\/h3>\n\n\t\t\t\n<a href=\"https:\/\/www.bds-bayern.de\/pullach\/eine-chance-fuer-die-wirtschaft-bds-bayern-fordert-neustart-durch-neuwahlen\/\" class=\"details more-link\" aria-label=\"Read more about Eine Chance f\u00fcr die Wirtschaft: BDS Bayern fordert Neustart durch Neuwahlen\">Details<\/a>\n\n\t\t<\/div>\n\n\t<\/article>\n\n<\/div>\n<div class=\"wf-cell\" data-post-id=\"1116\" data-date=\"2024-10-23T10:47:22+02:00\" data-name=\"Mittelstandsforum und 150-Jahr-Feier des BDS Bayern\">\n\t<article class=\"post post-1116 type-post status-publish format-standard has-post-thumbnail hentry category-hauptgeschaeftsstelle category-muenchen category-politik category-presse-veroeffentlichungen category-pressemeldungen category-8 category-17 category-9 category-7 category-5 bg-on description-off\">\n\n\t\t\n\t\t\t<div class=\"blog-media wf-td\">\n\n\t\t\t\t<p><a href=\"https:\/\/www.bds-bayern.de\/pullach\/mittelstandsforum-und-150-jahr-feier-des-bds-bayern\/\" class=\"alignnone rollover layzr-bg\" ><img decoding=\"async\" class=\"preload-me iso-lazy-load aspect\" src=\"data:image\/svg+xml,%3Csvg%20xmlns%3D&#39;http%3A%2F%2Fwww.w3.org%2F2000%2Fsvg&#39;%20viewBox%3D&#39;0%200%20555%20312&#39;%2F%3E\" data-src=\"https:\/\/www.bds-bayern.de\/pullach\/wp-content\/uploads\/sites\/20\/2025\/01\/Forster_Sehoz_Blumenstrauss-scaled-1-555x312.jpg\" data-srcset=\"https:\/\/www.bds-bayern.de\/pullach\/wp-content\/uploads\/sites\/20\/2025\/01\/Forster_Sehoz_Blumenstrauss-scaled-1-555x312.jpg 555w, https:\/\/www.bds-bayern.de\/pullach\/wp-content\/uploads\/sites\/20\/2025\/01\/Forster_Sehoz_Blumenstrauss-scaled-1-1110x624.jpg 1110w\" loading=\"eager\" style=\"--ratio: 555 \/ 312\" sizes=\"(max-width: 555px) 100vw, 555px\" alt=\"\" title=\"Forster_Sehoz_Blumenstrau\u00df\" width=\"555\" height=\"312\"  \/><\/a><\/p>\n\t\t\t<\/div>\n\n\t\t\n\t\t<div class=\"blog-content wf-td\">\n\t\t\t<h3 class=\"entry-title\"><a href=\"https:\/\/www.bds-bayern.de\/pullach\/mittelstandsforum-und-150-jahr-feier-des-bds-bayern\/\" title=\"Mittelstandsforum und 150-Jahr-Feier des BDS Bayern\" rel=\"bookmark\">Mittelstandsforum und 150-Jahr-Feier des BDS Bayern<\/a><\/h3>\n\n\t\t\t\n<a href=\"https:\/\/www.bds-bayern.de\/pullach\/mittelstandsforum-und-150-jahr-feier-des-bds-bayern\/\" class=\"details more-link\" aria-label=\"Read more about Mittelstandsforum und 150-Jahr-Feier des BDS Bayern\">Details<\/a>\n\n\t\t<\/div>\n\n\t<\/article>\n\n<\/div><\/div><\/div>[\/vc_column_inner][\/vc_row_inner][\/vc_column][\/vc_row]<\/p>\n<\/div>","protected":false},"excerpt":{"rendered":"<p>[vc_row full_width=&#8220;stretch_row&#8220; content_placement=&#8220;middle&#8220; bg_type=&#8220;bg_color&#8220; bg_color_value=&#8220;#0072b5&#8243;][vc_column][vc_row_inner][vc_column_inner width=&#8220;1\/2&#8243;][vc_column_text] Profitieren Sie von den Vorteilen! [\/vc_column_text][vc_btn title=&#8220;Mitglied werden&#8220; style=&#8220;outline&#8220; color=&#8220;white&#8220; size=&#8220;lg&#8220; align=&#8220;center&#8220; i_icon_fontawesome=&#8220;fas fa-users&#8220; add_icon=&#8220;true&#8220; link=&#8220;url:https%3A%2F%2Fwww.bds-bayern.de%2Fbds-bayern%2Fmitglied-werden%2F||target:%20_blank|&#8220;][\/vc_column_inner][vc_column_inner width=&#8220;1\/2&#8243;][vc_column_text] Lernen Sie uns vor Ort kennen! [\/vc_column_text][vc_btn title=&#8220;Veranstaltungen&#8220; style=&#8220;outline&#8220; color=&#8220;white&#8220; size=&#8220;lg&#8220; align=&#8220;center&#8220; i_icon_fontawesome=&#8220;far fa-calendar&#8220; add_icon=&#8220;true&#8220; link=&#8220;url:https%3A%2F%2Fwww.bds-bayern.de%2Fpullach%2Fveranstaltungen%2F|||&#8220;][\/vc_column_inner][\/vc_row_inner][\/vc_column][\/vc_row][vc_row][vc_column][vc_column_text] Willkommen beim Ortsverband Pullach [\/vc_column_text][\/vc_column][\/vc_row][vc_row][vc_column width=&#8220;1\/2&#8243;][vc_single_image image=&#8220;266&#8243; img_size=&#8220;medium&#8220; alignment=&#8220;center&#8220;][vc_btn title=&#8220;Vorstand Ortsverband Pullach&#8220; color=&#8220;primary&#8220; size=&#8220;lg&#8220; align=&#8220;center&#8220; link=&#8220;url:https%3A%2F%2Fwww.bds-bayern.de%2Fpullach%2Fortsverband-pullach%2F|title:Ortsverband%20Pullach&#8220;][\/vc_column][vc_column&hellip;<\/p>\n","protected":false},"author":1,"featured_media":0,"parent":0,"menu_order":1,"comment_status":"closed","ping_status":"closed","template":"","meta":{"footnotes":""},"class_list":["post-4","page","type-page","status-publish","hentry","description-off"],"_links":{"self":[{"href":"https:\/\/www.bds-bayern.de\/pullach\/wp-json\/wp\/v2\/pages\/4","targetHints":{"allow":["GET"]}}],"collection":[{"href":"https:\/\/www.bds-bayern.de\/pullach\/wp-json\/wp\/v2\/pages"}],"about":[{"href":"https:\/\/www.bds-bayern.de\/pullach\/wp-json\/wp\/v2\/types\/page"}],"author":[{"embeddable":true,"href":"https:\/\/www.bds-bayern.de\/pullach\/wp-json\/wp\/v2\/users\/1"}],"replies":[{"embeddable":true,"href":"https:\/\/www.bds-bayern.de\/pullach\/wp-json\/wp\/v2\/comments?post=4"}],"version-history":[{"count":31,"href":"https:\/\/www.bds-bayern.de\/pullach\/wp-json\/wp\/v2\/pages\/4\/revisions"}],"predecessor-version":[{"id":733,"href":"https:\/\/www.bds-bayern.de\/pullach\/wp-json\/wp\/v2\/pages\/4\/revisions\/733"}],"wp:attachment":[{"href":"https:\/\/www.bds-bayern.de\/pullach\/wp-json\/wp\/v2\/media?parent=4"}],"curies":[{"name":"wp","href":"https:\/\/api.w.org\/{rel}","templated":true}]}}