{"id":420,"date":"2020-11-26T13:49:19","date_gmt":"2020-11-26T12:49:19","guid":{"rendered":"https:\/\/www.bds-bayern.de\/pullach\/?page_id=420"},"modified":"2023-08-09T09:38:54","modified_gmt":"2023-08-09T07:38:54","slug":"gewerbeverzeichnis","status":"publish","type":"page","link":"https:\/\/www.bds-bayern.de\/pullach\/gewerbeverzeichnis\/","title":{"rendered":"Gewerbeverzeichnis"},"content":{"rendered":"<div class=\"wpb-content-wrapper\"><p>[vc_row][vc_column][vc_column_text]<\/p>\n<h1>Lokal Kaufen der Umwelt zu Liebe<\/h1>\n<p>Machen Sie mit und seien auch Sie ein Lokalheld\/in und unterst\u00fctzen sie die Pullacher Gewerbe und Lokale. Sie wollen die gewerbliche Vielfalt in Pullach f\u00f6rdern und auch morgen noch im Ort einkaufen k\u00f6nnen? Dann nutzen sie unsere ortsans\u00e4ssigen Unternehmen. Teilweise liefern die Lokale nach Hause oder die Gesch\u00e4fte haben einen eigenen Internetauftritt, wo Sie in Ruhe suchen k\u00f6nnen.<\/p>\n<div id=\"attachment_464\" style=\"width: 257px\" class=\"wp-caption alignleft\"><img loading=\"lazy\" decoding=\"async\" aria-describedby=\"caption-attachment-464\" class=\"size-full wp-image-464\" src=\"https:\/\/www.bds-bayern.de\/pullach\/wp-content\/uploads\/sites\/20\/2020\/11\/Pullach.jpg\" alt=\"Pullach Ortsmitte\" width=\"247\" height=\"148\" \/><p id=\"caption-attachment-464\" class=\"wp-caption-text\">Pullach Ortsmitte<\/p><\/div>\n<p>[\/vc_column_text]<span id=\"creative-link-wrap-2509\" class=\"ult_main_cl ult-adjust-bottom-margin  \" >\n\t \t\t\t<span class=\"ult_cl_link_1  ult_crlink\" >\n\t\t\t\t\t<a  data-ultimate-target='#creative-link-wrap-2509 .ult_colorlink'  data-responsive-json-new='{\"font-size\":\"\",\"line-height\":\"\"}'  href=\"https:\/\/www.pullach.de\/wirtschaft\/gewerberegister\/\" title=\"Pullacher Gewerbe\"  class=\"ult_colorlink ult-responsive \" style=\"text-decoration:underline;font-style:italic;font-weight:normal;color:#1e73be; \"  data-textcolor=\"#1e73be\" data-texthover=\"#333333\"data-style=\"Style_1\">\n\t\t\t\t\t\t\n\t\t\t\t\t\t<span data-hover=\"Hier gehts zu den Unternehmen in Pullach (Brachenbuch)\" style=\"color:#1e73be;;;\" class=\"ult_btn10_span   \">Hier gehts zu den Unternehmen in Pullach (Brachenbuch)<\/span>\n\t\t\t\t\t\t\n\t\t\t\t\t<\/a>\n\t\t\t\t<\/span>\n\t\t\t<\/span>[\/vc_column][\/vc_row][vc_row][vc_column][vc_single_image image=&#8220;435&#8243; add_caption=&#8220;yes&#8220; alignment=&#8220;right&#8220;][\/vc_column][\/vc_row]<\/p>\n<\/div>","protected":false},"excerpt":{"rendered":"<p>[vc_row][vc_column][vc_column_text] Lokal Kaufen der Umwelt zu Liebe Machen Sie mit und seien auch Sie ein Lokalheld\/in und unterst\u00fctzen sie die Pullacher Gewerbe und Lokale. Sie wollen die gewerbliche Vielfalt in Pullach f\u00f6rdern und auch morgen noch im Ort einkaufen k\u00f6nnen? Dann nutzen sie unsere ortsans\u00e4ssigen Unternehmen. Teilweise liefern die Lokale nach Hause oder die Gesch\u00e4fte&hellip;<\/p>\n","protected":false},"author":25,"featured_media":0,"parent":0,"menu_order":0,"comment_status":"closed","ping_status":"closed","template":"","meta":{"footnotes":""},"class_list":["post-420","page","type-page","status-publish","hentry","description-off"],"_links":{"self":[{"href":"https:\/\/www.bds-bayern.de\/pullach\/wp-json\/wp\/v2\/pages\/420","targetHints":{"allow":["GET"]}}],"collection":[{"href":"https:\/\/www.bds-bayern.de\/pullach\/wp-json\/wp\/v2\/pages"}],"about":[{"href":"https:\/\/www.bds-bayern.de\/pullach\/wp-json\/wp\/v2\/types\/page"}],"author":[{"embeddable":true,"href":"https:\/\/www.bds-bayern.de\/pullach\/wp-json\/wp\/v2\/users\/25"}],"replies":[{"embeddable":true,"href":"https:\/\/www.bds-bayern.de\/pullach\/wp-json\/wp\/v2\/comments?post=420"}],"version-history":[{"count":21,"href":"https:\/\/www.bds-bayern.de\/pullach\/wp-json\/wp\/v2\/pages\/420\/revisions"}],"predecessor-version":[{"id":470,"href":"https:\/\/www.bds-bayern.de\/pullach\/wp-json\/wp\/v2\/pages\/420\/revisions\/470"}],"wp:attachment":[{"href":"https:\/\/www.bds-bayern.de\/pullach\/wp-json\/wp\/v2\/media?parent=420"}],"curies":[{"name":"wp","href":"https:\/\/api.w.org\/{rel}","templated":true}]}}