{"id":698,"date":"2024-07-19T11:27:54","date_gmt":"2024-07-19T09:27:54","guid":{"rendered":"https:\/\/www.bds-bayern.de\/rott-am-inn\/?page_id=698"},"modified":"2026-03-31T12:09:33","modified_gmt":"2026-03-31T10:09:33","slug":"rotter-gutschein","status":"publish","type":"page","link":"https:\/\/www.bds-bayern.de\/rott-am-inn\/gewerbeverband-rott-am-inn\/rotter-gutschein\/","title":{"rendered":"Rotter Gutschein"},"content":{"rendered":"<div class=\"wpb-content-wrapper\"><p>[vc_row css=&#8220;.vc_custom_1731316487906{margin-top: -65px !important;}&#8220;][vc_column][vc_single_image image=&#8220;686&#8243; img_size=&#8220;full&#8220; alignment=&#8220;center&#8220; css=&#8220;&#8220;][\/vc_column][\/vc_row][vc_row][vc_column][vc_column_text css=&#8220;&#8220;]Seit 1. Mai 2013 gibt es den Rotter Gutschein, der von uns in Zusammenarbeit mit den ortsans\u00e4ssigen Betrieben ins Leben gerufen wurde.<br \/>\nZiel des Gutscheins ist es, die Wirtschaft in der Region Rott zu st\u00e4rken und die vorhandene Kaufkraft m\u00f6glichst am Ort zu halten.<br \/>\nDie Gutscheine sind in St\u00fcckelungen von 10, 20 und 50 Euro zu haben und k\u00f6nnen bei der Raiffeisenbank sowie der Sparkasse in Rott erworben werden.[\/vc_column_text][\/vc_column][\/vc_row][vc_row][vc_column][vc_column_text css=&#8220;.vc_custom_1737963076898{border-bottom-width: -20px !important;padding-bottom: -20px !important;}&#8220;]<\/p>\n<h1 style=\"text-align: center\">Akzeptanzstellen:<\/h1>\n<p>[\/vc_column_text][\/vc_column][\/vc_row][vc_row][vc_column width=&#8220;1\/2&#8243;][vc_column_text css=&#8220;&#8220;]<\/p>\n<p style=\"text-align: right;\"><a href=\"https:\/\/www.ganslmaier.de\/de-de\">Baumschule Georg Ganslmaier<\/a><br \/>\n<a href=\"http:\/\/auto-betzl.de\/\">Betzl Christoph, Kfz.-Werkstatt<\/a><br \/>\n<a href=\"https:\/\/www.instagram.com\/braeustueberl_rott.a.inn\/\">Br\u00e4ust\u00fcberl<\/a><br \/>\n<a href=\"https:\/\/confiserie-dengel.de\/\">Confiserie Dengel<\/a><br \/>\n<a href=\"https:\/\/www.dengler-cruewell.de\/\">Dengler &amp; Cr\u00fcwell, Autohaus + Tankstelle<\/a><br \/>\n<a href=\"https:\/\/www.engl-pflasterbau.de\/\">Engl Michael, Pflaster- und Gartenbau<\/a><br \/>\n<a href=\"http:\/\/www.elektro-kirchlechner.com\/\">Elektro Kirchlechner<\/a><br \/>\n<a href=\"https:\/\/fahrschule-eggerl.de\/\">Fahrschule Eggerl<\/a><br \/>\n<a href=\"https:\/\/www.frankenaturstein.de\/\">Franke Naturstein GmbH<\/a><br \/>\n<a href=\"https:\/\/www.franzis-pralinen-torten.de\/\">Franzi&#8217;s Pralinen &amp; Torten<\/a><br \/>\n<a href=\"https:\/\/gaertnerei-mueller-rott.de\/\">G\u00e4rtnerei M\u00fcller<\/a><br \/>\n<a href=\"https:\/\/www.gasthaus-esterer.de\/\">Gasthaus Esterer, Zellereith<\/a><br \/>\n<a href=\"https:\/\/www.genuss-von-dahoam.de\/\">Genuss von Dahoam, Zainach<\/a><br \/>\n<a href=\"https:\/\/glaserei-peters.de\/\">Glaserei Peters<\/a><br \/>\n<a href=\"https:\/\/haarbalance-rott.de\/\">Haar Balance<\/a><br \/>\nHoffmann Otto, Malerbetrieb<br \/>\n<a href=\"http:\/\/www.hofmolkerei-rinser.de\/\">Hofmolkerei Rinser<\/a><br \/>\nKebap-Haus Rott<br \/>\nKinzner Robert, KFZ-Werkstatt<br \/>\n<a href=\"https:\/\/www.instagram.com\/kiosk_rotter_ausee\/\">Kiosk Rotter Ausee<\/a><br \/>\n<a href=\"https:\/\/www.kloster-apotheke-rott.de\/\">Klosterapotheke<\/a><br \/>\n<a href=\"https:\/\/kontrast-optik-gmbh.jimdosite.com\/\">Kontrast Optik GmbH<\/a><br \/>\n<a href=\"https:\/\/kurtz-rott.de\/\">Kurtz Versorgungstechnik GmbH<\/a><\/p>\n<p>[\/vc_column_text][\/vc_column][vc_column width=&#8220;1\/2&#8243;][vc_column_text css=&#8220;.vc_custom_1774951779409{padding-top: -20px !important;}&#8220;]<a href=\"https:\/\/landgasthofstechl.de\/\">Landgasthof Stechl<\/a><br \/>\n<a href=\"http:\/\/www.lux-nova.de\/\">lux nova foto<\/a><br \/>\n<a href=\"https:\/\/mael-scentofmen.de\/\">MAEL &#8211; Scent of men<\/a><br \/>\n<a href=\"https:\/\/media-meissl.de\/index.html\">Media Meissl<\/a><br \/>\n<a href=\"https:\/\/metallbau-riedl.de\/\">Metallbau Riedl<\/a><br \/>\n<a href=\"https:\/\/leineweber-metall.de\/\">Metallverarbeitung Franz Leineweber<\/a><br \/>\n<a href=\"https:\/\/objektundfarbe.com\/\">Kirchenmaler \/ Objekt &amp; Farbe, Stephan Haimerl<\/a><br \/>\n<a href=\"http:\/\/www.michelangelo-rott.de\/\">Pizzeria Michelangelo<\/a><br \/>\n<a href=\"https:\/\/www.rewe.de\/marktseite\/unternehmer\/Martin-Gruber\">REWE, Andreas Gruber<\/a><br \/>\n<a href=\"https:\/\/rotter-bauernmarkt.jimdofree.com\/\">Rotter Bauernmarkt<\/a><br \/>\n<a href=\"https:\/\/saegewerk-ametsbichler.de\/\">S\u00e4gewerk Ametsbichler<\/a><br \/>\n<a href=\"https:\/\/www.orthotreff.com\/\">Sanit\u00e4tshaus K\u00f6ck &amp; Dengl<\/a><br \/>\n<a href=\"http:\/\/branicki24.de\/\">Schaustellerbetriebe Branicki<\/a><br \/>\n<a href=\"https:\/\/schreinerei-sedlmeier.de\/\">Schreinerei Sedlmeier<\/a><br \/>\n<a href=\"https:\/\/schreinerei-senega.de\/\">Schreinerei Senega<\/a><br \/>\n<a href=\"https:\/\/bastel-seltmann.de\/\">Seltmann Inge, Schul-, B\u00fcro-, und Bastelbedarf, Ramerberg<\/a><br \/>\nSenega Andreas, Dienstleistungen<br \/>\n<a href=\"https:\/\/www.siebdruck-siglreitmaier.de\/\">Siglreitmaier-Siebdruck<\/a><br \/>\n<a href=\"https:\/\/spedition-schreyer.de\/\">Spedition Schreyer<\/a><br \/>\n<a href=\"https:\/\/maier-meiling.de\/index.html\">Spenglerei Maier<\/a><br \/>\n<a href=\"https:\/\/fisch.jimdosite.com\/#:~:text=Willkommen%20bei%20Streini's%20R%C3%A4ucher%2D%20und%20Steckerlfische&amp;text=Zur%20Auswahl%20stehen%20bei%20uns,frisch%20auf%20dem%20Holzkohlegrill%20zubereitet.\">Streini&#8217;s R\u00e4ucher- und Steckerlfische<\/a><br \/>\n<a href=\"https:\/\/www.attler-markt.de\/\">Stiftung Attl, G\u00e4rtnerei<\/a><br \/>\n<a href=\"https:\/\/www.zahnarzt-dr-absmaier.de\/\">Zahnarzt Dr. Absmaier<\/a>[\/vc_column_text][\/vc_column][\/vc_row]<\/p>\n<\/div>","protected":false},"excerpt":{"rendered":"<p>[vc_row css=&#8220;.vc_custom_1731316487906{margin-top: -65px !important;}&#8220;][vc_column][vc_single_image image=&#8220;686&#8243; img_size=&#8220;full&#8220; alignment=&#8220;center&#8220; css=&#8220;&#8220;][\/vc_column][\/vc_row][vc_row][vc_column][vc_column_text css=&#8220;&#8220;]Seit 1. Mai 2013 gibt es den Rotter Gutschein, der von uns in Zusammenarbeit mit den ortsans\u00e4ssigen Betrieben ins Leben gerufen wurde. Ziel des Gutscheins ist es, die Wirtschaft in der Region Rott zu st\u00e4rken und die vorhandene Kaufkraft m\u00f6glichst am Ort zu halten. Die Gutscheine sind&hellip;<\/p>\n","protected":false},"author":74,"featured_media":686,"parent":28,"menu_order":0,"comment_status":"closed","ping_status":"closed","template":"","meta":{"footnotes":""},"class_list":["post-698","page","type-page","status-publish","has-post-thumbnail","hentry","description-off"],"_links":{"self":[{"href":"https:\/\/www.bds-bayern.de\/rott-am-inn\/wp-json\/wp\/v2\/pages\/698","targetHints":{"allow":["GET"]}}],"collection":[{"href":"https:\/\/www.bds-bayern.de\/rott-am-inn\/wp-json\/wp\/v2\/pages"}],"about":[{"href":"https:\/\/www.bds-bayern.de\/rott-am-inn\/wp-json\/wp\/v2\/types\/page"}],"author":[{"embeddable":true,"href":"https:\/\/www.bds-bayern.de\/rott-am-inn\/wp-json\/wp\/v2\/users\/74"}],"replies":[{"embeddable":true,"href":"https:\/\/www.bds-bayern.de\/rott-am-inn\/wp-json\/wp\/v2\/comments?post=698"}],"version-history":[{"count":23,"href":"https:\/\/www.bds-bayern.de\/rott-am-inn\/wp-json\/wp\/v2\/pages\/698\/revisions"}],"predecessor-version":[{"id":906,"href":"https:\/\/www.bds-bayern.de\/rott-am-inn\/wp-json\/wp\/v2\/pages\/698\/revisions\/906"}],"up":[{"embeddable":true,"href":"https:\/\/www.bds-bayern.de\/rott-am-inn\/wp-json\/wp\/v2\/pages\/28"}],"wp:featuredmedia":[{"embeddable":true,"href":"https:\/\/www.bds-bayern.de\/rott-am-inn\/wp-json\/wp\/v2\/media\/686"}],"wp:attachment":[{"href":"https:\/\/www.bds-bayern.de\/rott-am-inn\/wp-json\/wp\/v2\/media?parent=698"}],"curies":[{"name":"wp","href":"https:\/\/api.w.org\/{rel}","templated":true}]}}