{"id":28,"date":"2019-03-06T12:01:49","date_gmt":"2019-03-06T11:01:49","guid":{"rendered":"https:\/\/www.bds-bayern.de\/wessling\/?page_id=28"},"modified":"2023-08-09T09:36:27","modified_gmt":"2023-08-09T07:36:27","slug":"ortsverband-wessling","status":"publish","type":"page","link":"https:\/\/www.bds-bayern.de\/wessling\/ortsverband-wessling\/","title":{"rendered":"Ortsverband We\u00dfling"},"content":{"rendered":"<div class=\"wpb-content-wrapper\"><p>[vc_row][vc_column width=&#8220;1\/2&#8243;][vc_column_text]<\/p>\n<h1 style=\"margin: 0cm; margin-bottom: .0001pt; line-height: 22.5pt; background: white; vertical-align: baseline;\"><span style=\"font-size: 22.5pt; font-family: 'Open Sans',sans-serif; color: #4578bb; font-weight: normal;\">Ortsverband We\u00dfling<\/span><\/h1>\n<p>[\/vc_column_text][vc_single_image image=&#8220;421&#8243; img_size=&#8220;full&#8220;][\/vc_column][vc_column width=&#8220;1\/2&#8243;][vc_column_text]Andreas Klarwein<br \/>\nGautingerstra\u00dfe 114<br \/>\n82234 We\u00dfling<\/p>\n<p>Tel.: 0163-8772492<br \/>\nEmail: <a href=\"mailto:a.klarwein@klarwein.com\">info@wirtschaftskreis-we\u00dfling.de<\/a>[\/vc_column_text][\/vc_column][\/vc_row][vc_row][vc_column][vc_separator color=&#8220;blue&#8220;][\/vc_column][\/vc_row][vc_row][vc_column width=&#8220;1\/2&#8243;][vc_column_text]<\/p>\n<h2 style=\"line-height: 18.75pt; background: white; vertical-align: baseline; margin: 0cm 0cm 11.25pt 0cm;\"><b><span style=\"font-size: 16.0pt; font-family: 'Open Sans',sans-serif; color: #4578bb;\">Ihre Ansprechpartner:<\/span><\/b><\/h2>\n<p>[\/vc_column_text][\/vc_column][vc_column width=&#8220;1\/2&#8243;][\/vc_column][\/vc_row][vc_row][vc_column width=&#8220;1\/4&#8243;]<div class=\"ult-team-member-wrap ult-style-1  \"><div class=\"ult-team-member-image\" style=\"\"> <img decoding=\"async\" class=\"\" src=\"https:\/\/www.bds-bayern.de\/wessling\/wp-content\/uploads\/sites\/44\/2020\/11\/andreas.jpg\" alt=\"null\"  style=\"\"><span class=\"ult-team-member-image-overlay \"  ><\/span><\/div><div class=\"ult-team-member-bio-wrap style-1 ultimate-heading69d0af541c1b8\" style=\"text-align:center;; \"><div class=\"ult-team-member-name-wrap\"><h2 class=\"ult-team-member-name ult-responsive\"  data-ultimate-target='.ult-team-member-bio-wrap.ultimate-heading69d0af541c1b8 .ult-team-member-name'  data-responsive-json-new='{\"font-size\":\"\",\"line-height\":\"\"}'  style=\"\">Andreas Klarwein<\/h2><div class=\"ult-team-member-position ult-responsive\"  data-ultimate-target='.ult-team-member-bio-wrap.ultimate-heading69d0af541c1b8 .ult-team-member-position'  data-responsive-json-new='{\"font-size\":\"\",\"line-height\":\"\"}'  style=\"\">1. Vorsitzender<\/div><div class=\"ult-team-member-description ult-responsive\"  data-ultimate-target='.ult-team-member-bio-wrap.ultimate-heading69d0af541c1b8 .ult-team-member-description'  data-responsive-json-new='{\"font-size\":\"\",\"line-height\":\"\"}'  style=\"\"><p>Andreas Klarwein<br \/>\n<a href=\"mailto:a.klarwein@wirtschaftskreis-we\u00dfling.de\">a.klarwein@wirtschaftskreis-we\u00dfling.de<\/a><\/p><\/div><div style=\"margin-bottom:15px\"><\/div><\/div><\/div><\/div>[\/vc_column][vc_column width=&#8220;1\/4&#8243;]<div class=\"ult-team-member-wrap ult-style-1  \"><div class=\"ult-team-member-image\" style=\"\"> <img decoding=\"async\" class=\"\" src=\"https:\/\/www.bds-bayern.de\/wessling\/wp-content\/uploads\/sites\/44\/2020\/11\/carola.jpg\" alt=\"null\"  style=\"\"><span class=\"ult-team-member-image-overlay \"  ><\/span><\/div><div class=\"ult-team-member-bio-wrap style-1 ultimate-heading69d0af541c288\" style=\"text-align:center;; \"><div class=\"ult-team-member-name-wrap\"><h2 class=\"ult-team-member-name ult-responsive\"  data-ultimate-target='.ult-team-member-bio-wrap.ultimate-heading69d0af541c288 .ult-team-member-name'  data-responsive-json-new='{\"font-size\":\"\",\"line-height\":\"\"}'  style=\"\">Carola Petrone<\/h2><div class=\"ult-team-member-position ult-responsive\"  data-ultimate-target='.ult-team-member-bio-wrap.ultimate-heading69d0af541c288 .ult-team-member-position'  data-responsive-json-new='{\"font-size\":\"\",\"line-height\":\"\"}'  style=\"\">2. Vorsitzender<\/div><div class=\"ult-team-member-description ult-responsive\"  data-ultimate-target='.ult-team-member-bio-wrap.ultimate-heading69d0af541c288 .ult-team-member-description'  data-responsive-json-new='{\"font-size\":\"\",\"line-height\":\"\"}'  style=\"\"><p>Carola Petrone<br \/>\n<a href=\"mailto:c.petrone@wirtschaftskreis-we\u00dfling.de\">c.petrone@wirtschaftskreis-we\u00dfling.de<\/a><\/p><\/div><div style=\"margin-bottom:15px\"><\/div><\/div><\/div><\/div>[\/vc_column][vc_column width=&#8220;1\/4&#8243;]<div class=\"ult-team-member-wrap ult-style-1  \"><div class=\"ult-team-member-image\" style=\"\"> <img decoding=\"async\" class=\"\" src=\"https:\/\/www.bds-bayern.de\/wessling\/wp-content\/uploads\/sites\/44\/2020\/11\/PM-Einzelbild-151120.jpg\" alt=\"null\"  style=\"\"><span class=\"ult-team-member-image-overlay \"  ><\/span><\/div><div class=\"ult-team-member-bio-wrap style-1 ultimate-heading69d0af541c5a5\" style=\"text-align:center;; \"><div class=\"ult-team-member-name-wrap\"><h2 class=\"ult-team-member-name ult-responsive\"  data-ultimate-target='.ult-team-member-bio-wrap.ultimate-heading69d0af541c5a5 .ult-team-member-name'  data-responsive-json-new='{\"font-size\":\"\",\"line-height\":\"\"}'  style=\"\">Peer Mersetzky<\/h2><div class=\"ult-team-member-position ult-responsive\"  data-ultimate-target='.ult-team-member-bio-wrap.ultimate-heading69d0af541c5a5 .ult-team-member-position'  data-responsive-json-new='{\"font-size\":\"\",\"line-height\":\"\"}'  style=\"\">Kassier<\/div><div class=\"ult-team-member-description ult-responsive\"  data-ultimate-target='.ult-team-member-bio-wrap.ultimate-heading69d0af541c5a5 .ult-team-member-description'  data-responsive-json-new='{\"font-size\":\"\",\"line-height\":\"\"}'  style=\"\"><p>Peer Mersetzky<br \/>\n<a href=\"mailto:p.mersetzky@wirtschaftskreis-we\u00dfling.de\">p.mersetzky@wirtschaftskreis-we\u00dfling.de<\/a><\/p><\/div><div style=\"margin-bottom:15px\"><\/div><\/div><\/div><\/div>[\/vc_column][vc_column width=&#8220;1\/4&#8243;]<div class=\"ult-team-member-wrap ult-style-1  \"><div class=\"ult-team-member-image\" style=\"\"> <img decoding=\"async\" class=\"\" src=\"https:\/\/www.bds-bayern.de\/wessling\/wp-content\/uploads\/sites\/44\/2020\/11\/christina.jpg\" alt=\"null\"  style=\"\"><span class=\"ult-team-member-image-overlay \"  ><\/span><\/div><div class=\"ult-team-member-bio-wrap style-1 ultimate-heading69d0af541c5f5\" style=\"text-align:center;; \"><div class=\"ult-team-member-name-wrap\"><h2 class=\"ult-team-member-name ult-responsive\"  data-ultimate-target='.ult-team-member-bio-wrap.ultimate-heading69d0af541c5f5 .ult-team-member-name'  data-responsive-json-new='{\"font-size\":\"\",\"line-height\":\"\"}'  style=\"\">Christina M\u00f6rtl-Diemer<\/h2><div class=\"ult-team-member-position ult-responsive\"  data-ultimate-target='.ult-team-member-bio-wrap.ultimate-heading69d0af541c5f5 .ult-team-member-position'  data-responsive-json-new='{\"font-size\":\"\",\"line-height\":\"\"}'  style=\"\">Schriftf\u00fchrerin<\/div><div class=\"ult-team-member-description ult-responsive\"  data-ultimate-target='.ult-team-member-bio-wrap.ultimate-heading69d0af541c5f5 .ult-team-member-description'  data-responsive-json-new='{\"font-size\":\"\",\"line-height\":\"\"}'  style=\"\"><p>Christina M\u00f6rtl-Diemer<br \/>\n<a href=\"mailto:c.moertl-diemer@wirtschaftskreis-we\u00dfling.de\">c.moertl-diemer@wirtschaftskreis-we\u00dfling.de<\/a><\/p><\/div><div style=\"margin-bottom:15px\"><\/div><\/div><\/div><\/div>[\/vc_column][\/vc_row][vc_row][vc_column][vc_separator color=&#8220;blue&#8220;][\/vc_column][\/vc_row]<\/p>\n<\/div>","protected":false},"excerpt":{"rendered":"<p>[vc_row][vc_column width=&#8220;1\/2&#8243;][vc_column_text] Ortsverband We\u00dfling [\/vc_column_text][vc_single_image image=&#8220;421&#8243; img_size=&#8220;full&#8220;][\/vc_column][vc_column width=&#8220;1\/2&#8243;][vc_column_text]Andreas Klarwein Gautingerstra\u00dfe 114 82234 We\u00dfling Tel.: 0163-8772492 Email: info@wirtschaftskreis-we\u00dfling.de[\/vc_column_text][\/vc_column][\/vc_row][vc_row][vc_column][vc_separator color=&#8220;blue&#8220;][\/vc_column][\/vc_row][vc_row][vc_column width=&#8220;1\/2&#8243;][vc_column_text] Ihre Ansprechpartner: [\/vc_column_text][\/vc_column][vc_column width=&#8220;1\/2&#8243;][\/vc_column][\/vc_row][vc_row][vc_column width=&#8220;1\/4&#8243;][\/vc_column][vc_column width=&#8220;1\/4&#8243;][\/vc_column][vc_column width=&#8220;1\/4&#8243;][\/vc_column][vc_column width=&#8220;1\/4&#8243;][\/vc_column][\/vc_row][vc_row][vc_column][vc_separator color=&#8220;blue&#8220;][\/vc_column][\/vc_row]<\/p>\n","protected":false},"author":1,"featured_media":0,"parent":0,"menu_order":0,"comment_status":"closed","ping_status":"closed","template":"","meta":{"footnotes":""},"class_list":["post-28","page","type-page","status-publish","hentry","description-off"],"_links":{"self":[{"href":"https:\/\/www.bds-bayern.de\/wessling\/wp-json\/wp\/v2\/pages\/28","targetHints":{"allow":["GET"]}}],"collection":[{"href":"https:\/\/www.bds-bayern.de\/wessling\/wp-json\/wp\/v2\/pages"}],"about":[{"href":"https:\/\/www.bds-bayern.de\/wessling\/wp-json\/wp\/v2\/types\/page"}],"author":[{"embeddable":true,"href":"https:\/\/www.bds-bayern.de\/wessling\/wp-json\/wp\/v2\/users\/1"}],"replies":[{"embeddable":true,"href":"https:\/\/www.bds-bayern.de\/wessling\/wp-json\/wp\/v2\/comments?post=28"}],"version-history":[{"count":32,"href":"https:\/\/www.bds-bayern.de\/wessling\/wp-json\/wp\/v2\/pages\/28\/revisions"}],"predecessor-version":[{"id":742,"href":"https:\/\/www.bds-bayern.de\/wessling\/wp-json\/wp\/v2\/pages\/28\/revisions\/742"}],"wp:attachment":[{"href":"https:\/\/www.bds-bayern.de\/wessling\/wp-json\/wp\/v2\/media?parent=28"}],"curies":[{"name":"wp","href":"https:\/\/api.w.org\/{rel}","templated":true}]}}