{"id":4,"date":"2018-09-18T15:24:01","date_gmt":"2018-09-18T13:24:01","guid":{"rendered":"https:\/\/www.bds-bayern.de\/wessling\/startseite\/"},"modified":"2023-05-19T18:53:10","modified_gmt":"2023-05-19T16:53:10","slug":"startseite","status":"publish","type":"page","link":"https:\/\/www.bds-bayern.de\/wessling\/","title":{"rendered":"Startseite"},"content":{"rendered":"<div class=\"wpb-content-wrapper\"><p>[vc_row full_width=&#8220;stretch_row&#8220; content_placement=&#8220;middle&#8220; bg_type=&#8220;bg_color&#8220; bg_color_value=&#8220;#0072b5&#8243;][vc_column][\/vc_column][\/vc_row][vc_row][vc_column][vc_column_text]<\/p>\n<h1>Willkommen beim Wirtschaftskreis We\u00dfling<\/h1>\n<p>[\/vc_column_text][\/vc_column][\/vc_row][vc_row][vc_column width=&#8220;1\/2&#8243;][vc_single_image image=&#8220;421&#8243; img_size=&#8220;full&#8220;][\/vc_column][vc_column width=&#8220;1\/2&#8243;][vc_column_text]<\/p>\n<p style=\"text-align: justify\">Herzlich Willkommen beim Wirtschaftskreis We\u00dfling,<br \/>\nnach unserer Wiedergr\u00fcndung am 27.10.2020, stellen wir uns hier als der neu gew\u00e4hlte Vorstand vor.<\/p>\n<p>Der We\u00dflinger Wirtschaftskreis ist die Interessensvertretung aller Unternehmerinnen und Unternehmer in unserer Gemeinde. Mit Ihnen gemeinsam wollen wir neue Ideen und Themen, Aktionen und Veranstaltungen voranbringen. Dabei sind wir darauf angewiesen, Ihre pers\u00f6nlichen W\u00fcnsche, Interessen und Probleme zu kennen, um diese in die Planung einbinden und uns f\u00fcr Sie einsetzen zu k\u00f6nnen. Wichtig ist uns, ein Netzwerk zu entwickeln von dem alle profitieren k\u00f6nnen. Wir haben uns entschlossen, die Zugeh\u00f6rigkeit zum BDS Bund der Selbst\u00e4ndigen weiterzuf\u00fchren, da hier ein starker, erfahrener Verband hinter uns steht, der Ihnen und uns die notwendige Unterst\u00fctzung bei allen Vorhaben gew\u00e4hrleistet.<\/p>\n<p>Wir freuen uns mit Ihnen ins Gespr\u00e4ch zu kommen und auf viele gemeinsame Aktionen in und mit der Gemeinde We\u00dfling.<br \/>\nF\u00fcr den Vorstand<br \/>\nAndreas Klarwein<br \/>\nVorsitzender[\/vc_column_text][\/vc_column][\/vc_row][vc_row][vc_column][vc_message][\/vc_message][vc_column_text]<\/p>\n<h1>Aktuelle Meldungen<\/h1>\n<h1><img loading=\"lazy\" decoding=\"async\" class=\"alignnone size-medium wp-image-735\" src=\"https:\/\/www.bds-bayern.de\/wessling\/wp-content\/uploads\/sites\/44\/2023\/05\/RZ-WKW-Flyer-Tag-der-Vereine-280423-150x300.jpg\" alt=\"\" width=\"150\" height=\"300\" srcset=\"https:\/\/www.bds-bayern.de\/wessling\/wp-content\/uploads\/sites\/44\/2023\/05\/RZ-WKW-Flyer-Tag-der-Vereine-280423-150x300.jpg 150w, https:\/\/www.bds-bayern.de\/wessling\/wp-content\/uploads\/sites\/44\/2023\/05\/RZ-WKW-Flyer-Tag-der-Vereine-280423-512x1024.jpg 512w, https:\/\/www.bds-bayern.de\/wessling\/wp-content\/uploads\/sites\/44\/2023\/05\/RZ-WKW-Flyer-Tag-der-Vereine-280423-768x1536.jpg 768w, https:\/\/www.bds-bayern.de\/wessling\/wp-content\/uploads\/sites\/44\/2023\/05\/RZ-WKW-Flyer-Tag-der-Vereine-280423-1024x2048.jpg 1024w, https:\/\/www.bds-bayern.de\/wessling\/wp-content\/uploads\/sites\/44\/2023\/05\/RZ-WKW-Flyer-Tag-der-Vereine-280423.jpg 1240w\" sizes=\"auto, (max-width: 150px) 100vw, 150px\" \/><\/h1>\n<p>&nbsp;<\/p>\n<p><strong>TAG DES EHRENAMTES &#8211; Lieber gemeinsam im Verein als alleine daheim<\/strong><\/p>\n<p>Am 17.06.2023 findet der erste Tag des Ehrenamtes zwischen 12 Uhr und 17 Uhr im und am Vereinsheim Oberpfaffenhofen statt.<\/p>\n<p>Die Vereine der Gemeinde We\u00dfling stellen sich vor und bieten zahlreiche Aktionen und Vortr\u00e4ge um f\u00fcr das Ehrenamt in der Dorfgemeinschaft zu werben.<\/p>\n<p>Wir freuen uns auf zahlreiche Besucher<\/p>\n<p>&nbsp;<\/p>\n<h3><\/h3>\n<h3><\/h3>\n<h3><\/h3>\n<p>&nbsp;<\/p>\n<p>&nbsp;<\/p>\n<p>&nbsp;<\/p>\n<p>&nbsp;<\/p>\n<p><!--more--><\/p>\n<p>[\/vc_column_text][vc_column_text]<\/p>\n<h1><\/h1>\n<h3><strong>Lockdown light &#8211;\u00a0 harter Lockdown , und jetzt?<\/strong><\/h3>\n<p>Online Diskussion am 10.02.2021 von 19 Uhr bis 21 Uhr<\/p>\n<p>mit Landrat Stefan Frey, B\u00fcrgermeister Michael Sturm, GWT Gesch\u00e4ftsf\u00fchrer Christoph Winkelk\u00f6tter<\/p>\n<p>&nbsp;<\/p>\n<p>Anmeldung unter <a href=\"mailto:carola.petrone@wirtschaftskreis-wessling.de\">c.petrone@wirtschaftskreis-wessling.de<\/a><\/p>\n<p>&nbsp;<\/p>\n<p><a href=\"https:\/\/www.bds-bayern.de\/wessling\/wp-content\/uploads\/sites\/44\/2021\/02\/Einladung_10_02_2021_fin.pdf\">Einladung_10_02_2021_fin<\/a><\/p>\n<p>&nbsp;<\/p>\n<p>Was sind f\u00fcr Sie die wichtigsten Herausforderungen im Bezug auf Ihre Selbst\u00e4ndigkeit in der Gemeinde?<\/p>\n<p>Hier geht es zur Umfrage:<\/p>\n<p><a href=\"http:\/\/umfrage.bds-bayern.de\/s\/UmfrageWirtschaftsstandortWessling\">http:\/\/umfrage.bds-bayern.de\/s\/UmfrageWirtschaftsstandortWessling<\/a>[\/vc_column_text][\/vc_column][vc_column][vc_column_text]<strong>WIRTSCHAFTSF\u00d6RDERUNG IM LANDKREIS STARNBERG &#8211; GEMEINSAM SIND WIR ST\u00c4RKER<\/strong><\/p>\n<p><em>Die <a href=\"https:\/\/www.starnbergammersee.de\/leben-arbeiten\/wirtschaftsregion\/\">gwt Starnberg GmbH,<\/a> Gesellschaft f\u00fcr Wirtschafts- und Tourismusentwicklung ist die Regionalagentur im Landkreis Starnberg f\u00fcr die Bereiche Wirtschaftsf\u00f6rderung, Tourismus und Regionalmanagement. Sie fungiert als Schnittstelle zwischen Wirtschaft, Politik, Verwaltung und den B\u00fcrger\/Innen. Ihr Ziel ist es, die Region zukunftsf\u00e4hig zu machen und sie finanziell auf solide Beine zu stellen. Die Entwicklung erfolgt behutsam und mit Blick auf Umwelt- und Landschaftsschutz.<\/em><\/p>\n<p><em>Wirtschaftsf\u00f6rderung ist eine wichtige Aufgabe der Kommunen. Prim\u00e4r geht es hierbei um gute Arbeitsbedingungen und die Infrastruktur heimischer Firmen und nur sekund\u00e4r um die Ansiedlung neuer Unternehmen. Denn nur dann bleibt der Betrieb dem Standort erhalten und die Gewerbesteuer erm\u00f6glicht den Gemeinden einen ausgeglichenen Haushalt.<\/em><\/p>\n<p><em>Ziel der Wirtschaftsf\u00f6rderung der gwt Starnberg ist es alle Unternehmen, egal ob Handwerksbetriebe, Mittelstandsunternehmen, innovative Start-ups oder kreative FreiberuflerInnen, landkreisweit zu informieren, zu unterst\u00fctzen und miteinander zu vernetzen. Dazu geh\u00f6ren einzelne Unternehmensbesuche genauso, wie die Schaffung regionaler Netzwerke, Infos \u00fcber staatliche F\u00f6rderprogramme, Veranstaltungen oder Runde Tische zu aktuell relevanten Themen. Auch intelligente Mobilit\u00e4tskonzepte sowie der Breitband- und Glasfaserausbau m\u00fcssen vorangebracht werden.<\/em><\/p>\n<p><em>Auch die Hotellerie und die Gastronomie sind ein wichtiger Bestandteil, schlie\u00dflich stammen 6 % der regionalen Wertsch\u00f6pfung aus dem touristischen Bereich und auch einheimische B\u00fcrgerInnen profitieren beispielsweise von Fahrradwegen und den zahlreichen Ausflugsangeboten. Au\u00dferdem vertritt die gwt die Region StarnbergAmmersee bundesweit und im Ausland, \u00fcbernimmt die Vermittlung von Buchungen in Hotels, Ferienwohnungen und Pensionen, informiert und ber\u00e4t G\u00e4ste und Ausfl\u00fcgler in den Tourist Informationen Starnberg, Herrsching und Die\u00dfen.<\/em><\/p>\n<p><em>Au\u00dferdem engagiert sich die Wirtschaftsf\u00f6rderung f\u00fcr die Fachkr\u00e4fte- und Nachwuchssicherung, begleitet expandierende Firmen bei der Fl\u00e4chensuche und ber\u00e4t bei der Entwicklung neuer Gewerbegebiete. Es geht stets darum, die Region nachhaltig zu entwickeln und das Wohl der BewohnerInnen im Blick zu haben. Ebenso relevant ist der Blick in die Zukunft, auf neue Trends der Arbeitswelt und die F\u00f6rderung der regionalen <a href=\"http:\/\/www.kreativ-sta.de\/\">Kultur- und Kreativwirtschaft<\/a> als wesentlicher Image- und Standortfaktor. All diese Aufgaben erfordern Verantwortungsbewusstsein, Flexibilit\u00e4t und ein Gesp\u00fcr f\u00fcr regionale Eigenheiten.<\/em><\/p>\n<p>&nbsp;<\/p>\n<p><em>Hier bekommen Sie weitere Infos zur Arbeit der <a href=\"https:\/\/www.starnbergammersee.de\/leben-arbeiten\/wirtschaftsregion\/\">gwt-Wirtschaftsf\u00f6rderung<\/a> und zum Flyer<\/em><\/p>\n<p>&nbsp;<\/p>\n<p><em>Ihre Kontaktpersonen bei der gwt Starnberg sind:<\/em><\/p>\n<p><em><img loading=\"lazy\" decoding=\"async\" class=\"alignnone size-medium wp-image-560\" src=\"https:\/\/www.bds-bayern.de\/wessling\/wp-content\/uploads\/sites\/44\/2021\/06\/THM01166-2109_Christoph-Winkelkoetter-300x300.jpg\" alt=\"\" width=\"300\" height=\"300\" srcset=\"https:\/\/www.bds-bayern.de\/wessling\/wp-content\/uploads\/sites\/44\/2021\/06\/THM01166-2109_Christoph-Winkelkoetter-300x300.jpg 300w, https:\/\/www.bds-bayern.de\/wessling\/wp-content\/uploads\/sites\/44\/2021\/06\/THM01166-2109_Christoph-Winkelkoetter-1024x1024.jpg 1024w, https:\/\/www.bds-bayern.de\/wessling\/wp-content\/uploads\/sites\/44\/2021\/06\/THM01166-2109_Christoph-Winkelkoetter-150x150.jpg 150w, https:\/\/www.bds-bayern.de\/wessling\/wp-content\/uploads\/sites\/44\/2021\/06\/THM01166-2109_Christoph-Winkelkoetter-768x768.jpg 768w, https:\/\/www.bds-bayern.de\/wessling\/wp-content\/uploads\/sites\/44\/2021\/06\/THM01166-2109_Christoph-Winkelkoetter-1536x1536.jpg 1536w, https:\/\/www.bds-bayern.de\/wessling\/wp-content\/uploads\/sites\/44\/2021\/06\/THM01166-2109_Christoph-Winkelkoetter-2048x2048.jpg 2048w\" sizes=\"auto, (max-width: 300px) 100vw, 300px\" \/>\u00a0<\/em><\/p>\n<p><em>\u00a0 \u00a0 \u00a0 \u00a0 \u00a0 \u00a0 \u00a0 \u00a0 \u00a0 \u00a0 \u00a0 \u00a0 \u00a0 \u00a0 \u00a0 \u00a0 \u00a0 \u00a0 \u00a0 \u00a0 \u00a0 \u00a0 \u00a0 \u00a0 \u00a0 \u00a0 \u00a0 \u00a0 \u00a0 \u00a0 \u00a0 \u00a0 \u00a0 \u00a0 \u00a0 \u00a0 \u00a0 \u00a0 \u00a0 \u00a0 \u00a0 \u00a0 \u00a0 \u00a0 \u00a0 \u00a0 \u00a0<\/em><\/p>\n<p style=\"text-align: left\"><em>\u00a0 \u00a0 \u00a0 \u00a0 \u00a0 \u00a0 \u00a0 \u00a0 \u00a0Christoph Winkelk\u00f6tter<\/em><\/p>\n<p style=\"text-align: left\"><em>\u00a0 \u00a0 \u00a0 \u00a0 \u00a0 \u00a0 Gesch\u00e4ftsf\u00fchrer der gwt Starnberg\u00a0\u00a0\u00a0\u00a0\u00a0\u00a0\u00a0\u00a0\u00a0 \u00a0\u00a0\u00a0\u00a0\u00a0\u00a0\u00a0\u00a0\u00a0\u00a0\u00a0\u00a0\u00a0\u00a0 <\/em><\/p>\n<p style=\"text-align: left\"><em>\u00a0 \u00a0 \u00a0 \u00a0 \u00a0 \u00a0\u00a0<\/em><em>\u00a0 \u00a0 \u00a0 \u00a0 \u00a0 \u00a0 \u00a0 \u00a0 \u00a0 \u00a0 \u00a0 \u00a0 Tel 08151 90 60 80<\/em><\/p>\n<p style=\"text-align: left\"><em>\u00a0 \u00a0 \u00a0 \u00a0 \u00a0 \u00a0<a href=\"mailto:winkelkoetter@starnbergammersee.de\">winkelkoetter@starnbergammersee.de<\/a><\/em><\/p>\n<p>&nbsp;<\/p>\n<p>&nbsp;<\/p>\n<p><em><img loading=\"lazy\" decoding=\"async\" class=\"alignnone size-medium wp-image-561\" src=\"https:\/\/www.bds-bayern.de\/wessling\/wp-content\/uploads\/sites\/44\/2021\/06\/DSC_4616-300x214.jpg\" alt=\"\" width=\"300\" height=\"214\" srcset=\"https:\/\/www.bds-bayern.de\/wessling\/wp-content\/uploads\/sites\/44\/2021\/06\/DSC_4616-300x214.jpg 300w, https:\/\/www.bds-bayern.de\/wessling\/wp-content\/uploads\/sites\/44\/2021\/06\/DSC_4616-1024x731.jpg 1024w, https:\/\/www.bds-bayern.de\/wessling\/wp-content\/uploads\/sites\/44\/2021\/06\/DSC_4616-768x549.jpg 768w, https:\/\/www.bds-bayern.de\/wessling\/wp-content\/uploads\/sites\/44\/2021\/06\/DSC_4616-1536x1097.jpg 1536w, https:\/\/www.bds-bayern.de\/wessling\/wp-content\/uploads\/sites\/44\/2021\/06\/DSC_4616-2048x1463.jpg 2048w\" sizes=\"auto, (max-width: 300px) 100vw, 300px\" \/><\/em><\/p>\n<p><em>Annette von Nordeck\u00a0<\/em><\/p>\n<p><em>Wirtschaftsf\u00f6rdererin der gwt Starnberg<\/em><\/p>\n<p><em>Tel 08151 90 60 18\u00a0<\/em><\/p>\n<p><em><a href=\"mailto:nordeck@starnbergammersee.de\">nordeck@starnbergammersee.de<\/a>\u00a0\u00a0\u00a0\u00a0\u00a0\u00a0\u00a0\u00a0\u00a0\u00a0<\/em>[\/vc_column_text][\/vc_column][\/vc_row]<\/p>\n<\/div>","protected":false},"excerpt":{"rendered":"<p>[vc_row full_width=&#8220;stretch_row&#8220; content_placement=&#8220;middle&#8220; bg_type=&#8220;bg_color&#8220; bg_color_value=&#8220;#0072b5&#8243;][vc_column][\/vc_column][\/vc_row][vc_row][vc_column][vc_column_text] Willkommen beim Wirtschaftskreis We\u00dfling [\/vc_column_text][\/vc_column][\/vc_row][vc_row][vc_column width=&#8220;1\/2&#8243;][vc_single_image image=&#8220;421&#8243; img_size=&#8220;full&#8220;][\/vc_column][vc_column width=&#8220;1\/2&#8243;][vc_column_text] Herzlich Willkommen beim Wirtschaftskreis We\u00dfling, nach unserer Wiedergr\u00fcndung am 27.10.2020, stellen wir uns hier als der neu gew\u00e4hlte Vorstand vor. Der We\u00dflinger Wirtschaftskreis ist die Interessensvertretung aller Unternehmerinnen und Unternehmer in unserer Gemeinde. Mit Ihnen gemeinsam wollen wir neue Ideen und&hellip;<\/p>\n","protected":false},"author":1,"featured_media":0,"parent":0,"menu_order":1,"comment_status":"closed","ping_status":"closed","template":"","meta":{"footnotes":""},"class_list":["post-4","page","type-page","status-publish","hentry","description-off"],"_links":{"self":[{"href":"https:\/\/www.bds-bayern.de\/wessling\/wp-json\/wp\/v2\/pages\/4","targetHints":{"allow":["GET"]}}],"collection":[{"href":"https:\/\/www.bds-bayern.de\/wessling\/wp-json\/wp\/v2\/pages"}],"about":[{"href":"https:\/\/www.bds-bayern.de\/wessling\/wp-json\/wp\/v2\/types\/page"}],"author":[{"embeddable":true,"href":"https:\/\/www.bds-bayern.de\/wessling\/wp-json\/wp\/v2\/users\/1"}],"replies":[{"embeddable":true,"href":"https:\/\/www.bds-bayern.de\/wessling\/wp-json\/wp\/v2\/comments?post=4"}],"version-history":[{"count":52,"href":"https:\/\/www.bds-bayern.de\/wessling\/wp-json\/wp\/v2\/pages\/4\/revisions"}],"predecessor-version":[{"id":737,"href":"https:\/\/www.bds-bayern.de\/wessling\/wp-json\/wp\/v2\/pages\/4\/revisions\/737"}],"wp:attachment":[{"href":"https:\/\/www.bds-bayern.de\/wessling\/wp-json\/wp\/v2\/media?parent=4"}],"curies":[{"name":"wp","href":"https:\/\/api.w.org\/{rel}","templated":true}]}}